{"id":4406,"date":"2021-07-29T15:19:09","date_gmt":"2021-07-29T15:19:09","guid":{"rendered":"https:\/\/moulie.fr\/?post_type=product&#038;p=4406"},"modified":"2021-10-26T16:13:37","modified_gmt":"2021-10-26T16:13:37","slug":"coco-fesses","status":"publish","type":"product","link":"https:\/\/www.moulie.fr\/en\/la-boutique\/coco-fesses\/","title":{"rendered":"The Coco-buttocks"},"content":{"rendered":"","protected":false},"excerpt":{"rendered":"<p><strong>Vase ou objet de d\u00e9coration de cr\u00e9ation Mouli\u00e9 en bronze<br \/>\n<\/strong>Le coco de mer, aussi surnomm\u00e9 \u00ab\u00a0coco-fesses\u00a0\u00bb\u00a0en raison de sa forme suggestive, est un v\u00e9ritable embl\u00e8me national des Seychelles<\/p>\n<p><em>1 seul exemplaire<\/em><\/p>\n<p>Dimensions\u00a0: L28xH32x\u00d810cm<\/p>\n<p><em><span style=\"text-decoration: underline;\">Le Coco-fesses en bronze est trop lourd pour \u00eatre exp\u00e9di\u00e9<\/span>.<br \/>\n<strong>Retrait magasin ou livraison par coursier uniquement.<\/strong><\/em><\/p>","protected":false},"featured_media":4398,"template":"","meta":{"inline_featured_image":false},"product_cat":[76],"product_tag":[],"class_list":["post-4406","product","type-product","status-publish","has-post-thumbnail","hentry","product_cat-les-objets"],"yoast_head":"<!-- This site is optimized with the Yoast SEO plugin v21.3 - https:\/\/yoast.com\/wordpress\/plugins\/seo\/ -->\n<title>Le Coco-fesses &#8226; Mouli\u00e9<\/title>\n<meta name=\"robots\" content=\"index, follow, max-snippet:-1, max-image-preview:large, max-video-preview:-1\" \/>\n<link rel=\"canonical\" href=\"https:\/\/www.moulie.fr\/en\/la-boutique\/coco-fesses\/\" \/>\n<meta property=\"og:locale\" content=\"en_GB\" \/>\n<meta property=\"og:type\" content=\"article\" \/>\n<meta property=\"og:title\" content=\"Le Coco-fesses &#8226; Mouli\u00e9\" \/>\n<meta property=\"og:description\" content=\"Vase ou objet de d\u00e9coration de cr\u00e9ation Mouli\u00e9 en bronze Le coco de mer, aussi surnomm\u00e9 \u00ab\u00a0coco-fesses\u00a0\u00bb\u00a0en raison de sa forme suggestive, est un v\u00e9ritable embl\u00e8me national des Seychelles  1 seul exemplaire  Dimensions\u00a0: L28xH32x\u00d810cm  Le Coco-fesses en bronze est trop lourd pour \u00eatre exp\u00e9di\u00e9. Retrait magasin ou livraison par coursier uniquement.\" \/>\n<meta property=\"og:url\" content=\"https:\/\/www.moulie.fr\/en\/la-boutique\/coco-fesses\/\" \/>\n<meta property=\"og:site_name\" content=\"Mouli\u00e9\" \/>\n<meta property=\"article:modified_time\" content=\"2021-10-26T16:13:37+00:00\" \/>\n<meta property=\"og:image\" content=\"https:\/\/www.moulie.fr\/wp-content\/uploads\/2021\/07\/vase-fesse.jpg\" \/>\n\t<meta property=\"og:image:width\" content=\"1200\" \/>\n\t<meta property=\"og:image:height\" content=\"800\" \/>\n\t<meta property=\"og:image:type\" content=\"image\/jpeg\" \/>\n<meta name=\"twitter:card\" content=\"summary_large_image\" \/>\n<script type=\"application\/ld+json\" class=\"yoast-schema-graph\">{\"@context\":\"https:\/\/schema.org\",\"@graph\":[{\"@type\":\"WebPage\",\"@id\":\"https:\/\/www.moulie.fr\/la-boutique\/coco-fesses\/\",\"url\":\"https:\/\/www.moulie.fr\/la-boutique\/coco-fesses\/\",\"name\":\"Le Coco-fesses &#8226; Mouli\u00e9\",\"isPartOf\":{\"@id\":\"https:\/\/www.moulie.fr\/#website\"},\"datePublished\":\"2021-07-29T15:19:09+00:00\",\"dateModified\":\"2021-10-26T16:13:37+00:00\",\"breadcrumb\":{\"@id\":\"https:\/\/www.moulie.fr\/la-boutique\/coco-fesses\/#breadcrumb\"},\"inLanguage\":\"en-GB\",\"potentialAction\":[{\"@type\":\"ReadAction\",\"target\":[\"https:\/\/www.moulie.fr\/la-boutique\/coco-fesses\/\"]}]},{\"@type\":\"BreadcrumbList\",\"@id\":\"https:\/\/www.moulie.fr\/la-boutique\/coco-fesses\/#breadcrumb\",\"itemListElement\":[{\"@type\":\"ListItem\",\"position\":1,\"name\":\"Accueil\",\"item\":\"https:\/\/www.moulie.fr\/\"},{\"@type\":\"ListItem\",\"position\":2,\"name\":\"Shop\",\"item\":\"https:\/\/www.moulie.fr\/shop\/\"},{\"@type\":\"ListItem\",\"position\":3,\"name\":\"Le Coco-fesses\"}]},{\"@type\":\"WebSite\",\"@id\":\"https:\/\/www.moulie.fr\/#website\",\"url\":\"https:\/\/www.moulie.fr\/\",\"name\":\"Mouli\u00e9\",\"description\":\"D\u00e9corateur floral\",\"publisher\":{\"@id\":\"https:\/\/www.moulie.fr\/#organization\"},\"potentialAction\":[{\"@type\":\"SearchAction\",\"target\":{\"@type\":\"EntryPoint\",\"urlTemplate\":\"https:\/\/www.moulie.fr\/?s={search_term_string}\"},\"query-input\":\"required name=search_term_string\"}],\"inLanguage\":\"en-GB\"},{\"@type\":\"Organization\",\"@id\":\"https:\/\/www.moulie.fr\/#organization\",\"name\":\"Mouli\u00e9\",\"url\":\"https:\/\/www.moulie.fr\/\",\"logo\":{\"@type\":\"ImageObject\",\"inLanguage\":\"en-GB\",\"@id\":\"https:\/\/www.moulie.fr\/#\/schema\/logo\/image\/\",\"url\":\"https:\/\/www.moulie.fr\/wp-content\/uploads\/2021\/06\/logo_moulie.png\",\"contentUrl\":\"https:\/\/www.moulie.fr\/wp-content\/uploads\/2021\/06\/logo_moulie.png\",\"width\":1299,\"height\":1231,\"caption\":\"Mouli\u00e9\"},\"image\":{\"@id\":\"https:\/\/www.moulie.fr\/#\/schema\/logo\/image\/\"},\"sameAs\":[\"https:\/\/www.instagram.com\/julienmoulie\/\"]}]}<\/script>\n<!-- \/ Yoast SEO plugin. -->","yoast_head_json":{"title":"Le Coco-fesses &#8226; Mouli\u00e9","robots":{"index":"index","follow":"follow","max-snippet":"max-snippet:-1","max-image-preview":"max-image-preview:large","max-video-preview":"max-video-preview:-1"},"canonical":"https:\/\/www.moulie.fr\/en\/la-boutique\/coco-fesses\/","og_locale":"en_GB","og_type":"article","og_title":"Le Coco-fesses &#8226; Mouli\u00e9","og_description":"Vase ou objet de d\u00e9coration de cr\u00e9ation Mouli\u00e9 en bronze Le coco de mer, aussi surnomm\u00e9 \u00ab\u00a0coco-fesses\u00a0\u00bb\u00a0en raison de sa forme suggestive, est un v\u00e9ritable embl\u00e8me national des Seychelles  1 seul exemplaire  Dimensions\u00a0: L28xH32x\u00d810cm  Le Coco-fesses en bronze est trop lourd pour \u00eatre exp\u00e9di\u00e9. Retrait magasin ou livraison par coursier uniquement.","og_url":"https:\/\/www.moulie.fr\/en\/la-boutique\/coco-fesses\/","og_site_name":"Mouli\u00e9","article_modified_time":"2021-10-26T16:13:37+00:00","og_image":[{"width":1200,"height":800,"url":"https:\/\/www.moulie.fr\/wp-content\/uploads\/2021\/07\/vase-fesse.jpg","type":"image\/jpeg"}],"twitter_card":"summary_large_image","schema":{"@context":"https:\/\/schema.org","@graph":[{"@type":"WebPage","@id":"https:\/\/www.moulie.fr\/la-boutique\/coco-fesses\/","url":"https:\/\/www.moulie.fr\/la-boutique\/coco-fesses\/","name":"Le Coco-fesses &#8226; Mouli\u00e9","isPartOf":{"@id":"https:\/\/www.moulie.fr\/#website"},"datePublished":"2021-07-29T15:19:09+00:00","dateModified":"2021-10-26T16:13:37+00:00","breadcrumb":{"@id":"https:\/\/www.moulie.fr\/la-boutique\/coco-fesses\/#breadcrumb"},"inLanguage":"en-GB","potentialAction":[{"@type":"ReadAction","target":["https:\/\/www.moulie.fr\/la-boutique\/coco-fesses\/"]}]},{"@type":"BreadcrumbList","@id":"https:\/\/www.moulie.fr\/la-boutique\/coco-fesses\/#breadcrumb","itemListElement":[{"@type":"ListItem","position":1,"name":"Accueil","item":"https:\/\/www.moulie.fr\/"},{"@type":"ListItem","position":2,"name":"Shop","item":"https:\/\/www.moulie.fr\/shop\/"},{"@type":"ListItem","position":3,"name":"Le Coco-fesses"}]},{"@type":"WebSite","@id":"https:\/\/www.moulie.fr\/#website","url":"https:\/\/www.moulie.fr\/","name":"Mouli\u00e9","description":"D\u00e9corateur floral","publisher":{"@id":"https:\/\/www.moulie.fr\/#organization"},"potentialAction":[{"@type":"SearchAction","target":{"@type":"EntryPoint","urlTemplate":"https:\/\/www.moulie.fr\/?s={search_term_string}"},"query-input":"required name=search_term_string"}],"inLanguage":"en-GB"},{"@type":"Organization","@id":"https:\/\/www.moulie.fr\/#organization","name":"Mouli\u00e9","url":"https:\/\/www.moulie.fr\/","logo":{"@type":"ImageObject","inLanguage":"en-GB","@id":"https:\/\/www.moulie.fr\/#\/schema\/logo\/image\/","url":"https:\/\/www.moulie.fr\/wp-content\/uploads\/2021\/06\/logo_moulie.png","contentUrl":"https:\/\/www.moulie.fr\/wp-content\/uploads\/2021\/06\/logo_moulie.png","width":1299,"height":1231,"caption":"Mouli\u00e9"},"image":{"@id":"https:\/\/www.moulie.fr\/#\/schema\/logo\/image\/"},"sameAs":["https:\/\/www.instagram.com\/julienmoulie\/"]}]}},"_links":{"self":[{"href":"https:\/\/www.moulie.fr\/en\/wp-json\/wp\/v2\/product\/4406","targetHints":{"allow":["GET"]}}],"collection":[{"href":"https:\/\/www.moulie.fr\/en\/wp-json\/wp\/v2\/product"}],"about":[{"href":"https:\/\/www.moulie.fr\/en\/wp-json\/wp\/v2\/types\/product"}],"version-history":[{"count":8,"href":"https:\/\/www.moulie.fr\/en\/wp-json\/wp\/v2\/product\/4406\/revisions"}],"predecessor-version":[{"id":6250,"href":"https:\/\/www.moulie.fr\/en\/wp-json\/wp\/v2\/product\/4406\/revisions\/6250"}],"wp:featuredmedia":[{"embeddable":true,"href":"https:\/\/www.moulie.fr\/en\/wp-json\/wp\/v2\/media\/4398"}],"wp:attachment":[{"href":"https:\/\/www.moulie.fr\/en\/wp-json\/wp\/v2\/media?parent=4406"}],"wp:term":[{"taxonomy":"product_cat","embeddable":true,"href":"https:\/\/www.moulie.fr\/en\/wp-json\/wp\/v2\/product_cat?post=4406"},{"taxonomy":"product_tag","embeddable":true,"href":"https:\/\/www.moulie.fr\/en\/wp-json\/wp\/v2\/product_tag?post=4406"}],"curies":[{"name":"wp","href":"https:\/\/api.w.org\/{rel}","templated":true}]}}