{"id":4389,"date":"2021-07-29T14:29:40","date_gmt":"2021-07-29T14:29:40","guid":{"rendered":"https:\/\/moulie.fr\/?post_type=product&#038;p=4389"},"modified":"2021-10-26T15:59:53","modified_gmt":"2021-10-26T15:59:53","slug":"parfum-ambiance","status":"publish","type":"product","link":"https:\/\/www.moulie.fr\/en\/la-boutique\/parfum-ambiance\/","title":{"rendered":"Parfum d&#8217;ambiance"},"content":{"rendered":"","protected":false},"excerpt":{"rendered":"<p>Parfum aux senteurs d\u00e9licates r\u00e9alis\u00e9 en collaboration avec Julien Mouli\u00e9.<br \/>\nFabrication fran\u00e7aise.<\/p>\n<p><strong>20ml<\/strong><\/p>","protected":false},"featured_media":4283,"template":"","meta":{"inline_featured_image":false},"product_cat":[76],"product_tag":[],"class_list":["post-4389","product","type-product","status-publish","has-post-thumbnail","hentry","product_cat-les-objets"],"yoast_head":"<!-- This site is optimized with the Yoast SEO plugin v21.3 - https:\/\/yoast.com\/wordpress\/plugins\/seo\/ -->\n<title>Parfum d&#039;ambiance &#8226; Mouli\u00e9<\/title>\n<meta name=\"robots\" content=\"index, follow, max-snippet:-1, max-image-preview:large, max-video-preview:-1\" \/>\n<link rel=\"canonical\" href=\"https:\/\/www.moulie.fr\/en\/la-boutique\/parfum-ambiance\/\" \/>\n<meta property=\"og:locale\" content=\"en_GB\" \/>\n<meta property=\"og:type\" content=\"article\" \/>\n<meta property=\"og:title\" content=\"Parfum d&#039;ambiance &#8226; Mouli\u00e9\" \/>\n<meta property=\"og:description\" content=\"Parfum aux senteurs d\u00e9licates r\u00e9alis\u00e9 en collaboration avec Julien Mouli\u00e9. Fabrication fran\u00e7aise.  20ml\" \/>\n<meta property=\"og:url\" content=\"https:\/\/www.moulie.fr\/en\/la-boutique\/parfum-ambiance\/\" \/>\n<meta property=\"og:site_name\" content=\"Mouli\u00e9\" \/>\n<meta property=\"article:modified_time\" content=\"2021-10-26T15:59:53+00:00\" \/>\n<meta property=\"og:image\" content=\"https:\/\/www.moulie.fr\/wp-content\/uploads\/2021\/07\/spray-2.jpg\" \/>\n\t<meta property=\"og:image:width\" content=\"1200\" \/>\n\t<meta property=\"og:image:height\" content=\"800\" \/>\n\t<meta property=\"og:image:type\" content=\"image\/jpeg\" \/>\n<meta name=\"twitter:card\" content=\"summary_large_image\" \/>\n<script type=\"application\/ld+json\" class=\"yoast-schema-graph\">{\"@context\":\"https:\/\/schema.org\",\"@graph\":[{\"@type\":\"WebPage\",\"@id\":\"https:\/\/www.moulie.fr\/la-boutique\/parfum-ambiance\/\",\"url\":\"https:\/\/www.moulie.fr\/la-boutique\/parfum-ambiance\/\",\"name\":\"Parfum d'ambiance &#8226; Mouli\u00e9\",\"isPartOf\":{\"@id\":\"https:\/\/www.moulie.fr\/#website\"},\"datePublished\":\"2021-07-29T14:29:40+00:00\",\"dateModified\":\"2021-10-26T15:59:53+00:00\",\"breadcrumb\":{\"@id\":\"https:\/\/www.moulie.fr\/la-boutique\/parfum-ambiance\/#breadcrumb\"},\"inLanguage\":\"en-GB\",\"potentialAction\":[{\"@type\":\"ReadAction\",\"target\":[\"https:\/\/www.moulie.fr\/la-boutique\/parfum-ambiance\/\"]}]},{\"@type\":\"BreadcrumbList\",\"@id\":\"https:\/\/www.moulie.fr\/la-boutique\/parfum-ambiance\/#breadcrumb\",\"itemListElement\":[{\"@type\":\"ListItem\",\"position\":1,\"name\":\"Accueil\",\"item\":\"https:\/\/www.moulie.fr\/\"},{\"@type\":\"ListItem\",\"position\":2,\"name\":\"Shop\",\"item\":\"https:\/\/www.moulie.fr\/shop\/\"},{\"@type\":\"ListItem\",\"position\":3,\"name\":\"Parfum d&#8217;ambiance\"}]},{\"@type\":\"WebSite\",\"@id\":\"https:\/\/www.moulie.fr\/#website\",\"url\":\"https:\/\/www.moulie.fr\/\",\"name\":\"Mouli\u00e9\",\"description\":\"D\u00e9corateur floral\",\"publisher\":{\"@id\":\"https:\/\/www.moulie.fr\/#organization\"},\"potentialAction\":[{\"@type\":\"SearchAction\",\"target\":{\"@type\":\"EntryPoint\",\"urlTemplate\":\"https:\/\/www.moulie.fr\/?s={search_term_string}\"},\"query-input\":\"required name=search_term_string\"}],\"inLanguage\":\"en-GB\"},{\"@type\":\"Organization\",\"@id\":\"https:\/\/www.moulie.fr\/#organization\",\"name\":\"Mouli\u00e9\",\"url\":\"https:\/\/www.moulie.fr\/\",\"logo\":{\"@type\":\"ImageObject\",\"inLanguage\":\"en-GB\",\"@id\":\"https:\/\/www.moulie.fr\/#\/schema\/logo\/image\/\",\"url\":\"https:\/\/www.moulie.fr\/wp-content\/uploads\/2021\/06\/logo_moulie.png\",\"contentUrl\":\"https:\/\/www.moulie.fr\/wp-content\/uploads\/2021\/06\/logo_moulie.png\",\"width\":1299,\"height\":1231,\"caption\":\"Mouli\u00e9\"},\"image\":{\"@id\":\"https:\/\/www.moulie.fr\/#\/schema\/logo\/image\/\"},\"sameAs\":[\"https:\/\/www.instagram.com\/julienmoulie\/\"]}]}<\/script>\n<!-- \/ Yoast SEO plugin. -->","yoast_head_json":{"title":"Parfum d'ambiance &#8226; Mouli\u00e9","robots":{"index":"index","follow":"follow","max-snippet":"max-snippet:-1","max-image-preview":"max-image-preview:large","max-video-preview":"max-video-preview:-1"},"canonical":"https:\/\/www.moulie.fr\/en\/la-boutique\/parfum-ambiance\/","og_locale":"en_GB","og_type":"article","og_title":"Parfum d'ambiance &#8226; Mouli\u00e9","og_description":"Parfum aux senteurs d\u00e9licates r\u00e9alis\u00e9 en collaboration avec Julien Mouli\u00e9. Fabrication fran\u00e7aise.  20ml","og_url":"https:\/\/www.moulie.fr\/en\/la-boutique\/parfum-ambiance\/","og_site_name":"Mouli\u00e9","article_modified_time":"2021-10-26T15:59:53+00:00","og_image":[{"width":1200,"height":800,"url":"https:\/\/www.moulie.fr\/wp-content\/uploads\/2021\/07\/spray-2.jpg","type":"image\/jpeg"}],"twitter_card":"summary_large_image","schema":{"@context":"https:\/\/schema.org","@graph":[{"@type":"WebPage","@id":"https:\/\/www.moulie.fr\/la-boutique\/parfum-ambiance\/","url":"https:\/\/www.moulie.fr\/la-boutique\/parfum-ambiance\/","name":"Parfum d'ambiance &#8226; Mouli\u00e9","isPartOf":{"@id":"https:\/\/www.moulie.fr\/#website"},"datePublished":"2021-07-29T14:29:40+00:00","dateModified":"2021-10-26T15:59:53+00:00","breadcrumb":{"@id":"https:\/\/www.moulie.fr\/la-boutique\/parfum-ambiance\/#breadcrumb"},"inLanguage":"en-GB","potentialAction":[{"@type":"ReadAction","target":["https:\/\/www.moulie.fr\/la-boutique\/parfum-ambiance\/"]}]},{"@type":"BreadcrumbList","@id":"https:\/\/www.moulie.fr\/la-boutique\/parfum-ambiance\/#breadcrumb","itemListElement":[{"@type":"ListItem","position":1,"name":"Accueil","item":"https:\/\/www.moulie.fr\/"},{"@type":"ListItem","position":2,"name":"Shop","item":"https:\/\/www.moulie.fr\/shop\/"},{"@type":"ListItem","position":3,"name":"Parfum d&#8217;ambiance"}]},{"@type":"WebSite","@id":"https:\/\/www.moulie.fr\/#website","url":"https:\/\/www.moulie.fr\/","name":"Mouli\u00e9","description":"D\u00e9corateur floral","publisher":{"@id":"https:\/\/www.moulie.fr\/#organization"},"potentialAction":[{"@type":"SearchAction","target":{"@type":"EntryPoint","urlTemplate":"https:\/\/www.moulie.fr\/?s={search_term_string}"},"query-input":"required name=search_term_string"}],"inLanguage":"en-GB"},{"@type":"Organization","@id":"https:\/\/www.moulie.fr\/#organization","name":"Mouli\u00e9","url":"https:\/\/www.moulie.fr\/","logo":{"@type":"ImageObject","inLanguage":"en-GB","@id":"https:\/\/www.moulie.fr\/#\/schema\/logo\/image\/","url":"https:\/\/www.moulie.fr\/wp-content\/uploads\/2021\/06\/logo_moulie.png","contentUrl":"https:\/\/www.moulie.fr\/wp-content\/uploads\/2021\/06\/logo_moulie.png","width":1299,"height":1231,"caption":"Mouli\u00e9"},"image":{"@id":"https:\/\/www.moulie.fr\/#\/schema\/logo\/image\/"},"sameAs":["https:\/\/www.instagram.com\/julienmoulie\/"]}]}},"_links":{"self":[{"href":"https:\/\/www.moulie.fr\/en\/wp-json\/wp\/v2\/product\/4389","targetHints":{"allow":["GET"]}}],"collection":[{"href":"https:\/\/www.moulie.fr\/en\/wp-json\/wp\/v2\/product"}],"about":[{"href":"https:\/\/www.moulie.fr\/en\/wp-json\/wp\/v2\/types\/product"}],"version-history":[{"count":3,"href":"https:\/\/www.moulie.fr\/en\/wp-json\/wp\/v2\/product\/4389\/revisions"}],"predecessor-version":[{"id":6239,"href":"https:\/\/www.moulie.fr\/en\/wp-json\/wp\/v2\/product\/4389\/revisions\/6239"}],"wp:featuredmedia":[{"embeddable":true,"href":"https:\/\/www.moulie.fr\/en\/wp-json\/wp\/v2\/media\/4283"}],"wp:attachment":[{"href":"https:\/\/www.moulie.fr\/en\/wp-json\/wp\/v2\/media?parent=4389"}],"wp:term":[{"taxonomy":"product_cat","embeddable":true,"href":"https:\/\/www.moulie.fr\/en\/wp-json\/wp\/v2\/product_cat?post=4389"},{"taxonomy":"product_tag","embeddable":true,"href":"https:\/\/www.moulie.fr\/en\/wp-json\/wp\/v2\/product_tag?post=4389"}],"curies":[{"name":"wp","href":"https:\/\/api.w.org\/{rel}","templated":true}]}}