{"id":108,"date":"2020-05-14T08:16:31","date_gmt":"2020-05-14T08:16:31","guid":{"rendered":"http:\/\/sw-themes.com\/porto_dummy\/?post_type=product&#038;p=108"},"modified":"2021-07-30T16:32:05","modified_gmt":"2021-07-30T16:32:05","slug":"orchidees-blanches-cascades","status":"publish","type":"product","link":"https:\/\/www.moulie.fr\/en\/la-boutique\/orchidees-blanches-cascades\/","title":{"rendered":"Orchid\u00e9es Blanches Cascades"},"content":{"rendered":"","protected":false},"excerpt":{"rendered":"<p>Orchid\u00e9es Blanches Cascades Phalaenopsis dans un vase en verre translucide orn\u00e9 de mousse sauvage.<\/p>","protected":false},"featured_media":2534,"template":"","meta":{"inline_featured_image":false},"product_cat":[67],"product_tag":[],"class_list":["post-108","product","type-product","status-publish","has-post-thumbnail","hentry","product_cat-les-orchidees","nyp-product"],"yoast_head":"<!-- This site is optimized with the Yoast SEO plugin v21.3 - https:\/\/yoast.com\/wordpress\/plugins\/seo\/ -->\n<title>Orchid\u00e9es Blanches Cascades &#8226; Mouli\u00e9<\/title>\n<meta name=\"robots\" content=\"index, follow, max-snippet:-1, max-image-preview:large, max-video-preview:-1\" \/>\n<link rel=\"canonical\" href=\"https:\/\/www.moulie.fr\/en\/la-boutique\/orchidees-blanches-cascades\/\" \/>\n<meta property=\"og:locale\" content=\"en_GB\" \/>\n<meta property=\"og:type\" content=\"article\" \/>\n<meta property=\"og:title\" content=\"Orchid\u00e9es Blanches Cascades &#8226; Mouli\u00e9\" \/>\n<meta property=\"og:description\" content=\"Orchid\u00e9es Blanches Cascades Phalaenopsis dans un vase en verre translucide orn\u00e9 de mousse sauvage.\" \/>\n<meta property=\"og:url\" content=\"https:\/\/www.moulie.fr\/en\/la-boutique\/orchidees-blanches-cascades\/\" \/>\n<meta property=\"og:site_name\" content=\"Mouli\u00e9\" \/>\n<meta property=\"article:modified_time\" content=\"2021-07-30T16:32:05+00:00\" \/>\n<meta property=\"og:image\" content=\"https:\/\/www.moulie.fr\/wp-content\/uploads\/2020\/05\/orchidee-blanche-v6-2.jpg\" \/>\n\t<meta property=\"og:image:width\" content=\"1200\" \/>\n\t<meta property=\"og:image:height\" content=\"861\" \/>\n\t<meta property=\"og:image:type\" content=\"image\/jpeg\" \/>\n<meta name=\"twitter:card\" content=\"summary_large_image\" \/>\n<script type=\"application\/ld+json\" class=\"yoast-schema-graph\">{\"@context\":\"https:\/\/schema.org\",\"@graph\":[{\"@type\":\"WebPage\",\"@id\":\"https:\/\/www.moulie.fr\/la-boutique\/orchidees-blanches-cascades\/\",\"url\":\"https:\/\/www.moulie.fr\/la-boutique\/orchidees-blanches-cascades\/\",\"name\":\"Orchid\u00e9es Blanches Cascades &#8226; Mouli\u00e9\",\"isPartOf\":{\"@id\":\"https:\/\/www.moulie.fr\/#website\"},\"datePublished\":\"2020-05-14T08:16:31+00:00\",\"dateModified\":\"2021-07-30T16:32:05+00:00\",\"breadcrumb\":{\"@id\":\"https:\/\/www.moulie.fr\/la-boutique\/orchidees-blanches-cascades\/#breadcrumb\"},\"inLanguage\":\"en-GB\",\"potentialAction\":[{\"@type\":\"ReadAction\",\"target\":[\"https:\/\/www.moulie.fr\/la-boutique\/orchidees-blanches-cascades\/\"]}]},{\"@type\":\"BreadcrumbList\",\"@id\":\"https:\/\/www.moulie.fr\/la-boutique\/orchidees-blanches-cascades\/#breadcrumb\",\"itemListElement\":[{\"@type\":\"ListItem\",\"position\":1,\"name\":\"Accueil\",\"item\":\"https:\/\/www.moulie.fr\/\"},{\"@type\":\"ListItem\",\"position\":2,\"name\":\"Shop\",\"item\":\"https:\/\/www.moulie.fr\/shop\/\"},{\"@type\":\"ListItem\",\"position\":3,\"name\":\"Orchid\u00e9es Blanches Cascades\"}]},{\"@type\":\"WebSite\",\"@id\":\"https:\/\/www.moulie.fr\/#website\",\"url\":\"https:\/\/www.moulie.fr\/\",\"name\":\"Mouli\u00e9\",\"description\":\"D\u00e9corateur floral\",\"publisher\":{\"@id\":\"https:\/\/www.moulie.fr\/#organization\"},\"potentialAction\":[{\"@type\":\"SearchAction\",\"target\":{\"@type\":\"EntryPoint\",\"urlTemplate\":\"https:\/\/www.moulie.fr\/?s={search_term_string}\"},\"query-input\":\"required name=search_term_string\"}],\"inLanguage\":\"en-GB\"},{\"@type\":\"Organization\",\"@id\":\"https:\/\/www.moulie.fr\/#organization\",\"name\":\"Mouli\u00e9\",\"url\":\"https:\/\/www.moulie.fr\/\",\"logo\":{\"@type\":\"ImageObject\",\"inLanguage\":\"en-GB\",\"@id\":\"https:\/\/www.moulie.fr\/#\/schema\/logo\/image\/\",\"url\":\"https:\/\/www.moulie.fr\/wp-content\/uploads\/2021\/06\/logo_moulie.png\",\"contentUrl\":\"https:\/\/www.moulie.fr\/wp-content\/uploads\/2021\/06\/logo_moulie.png\",\"width\":1299,\"height\":1231,\"caption\":\"Mouli\u00e9\"},\"image\":{\"@id\":\"https:\/\/www.moulie.fr\/#\/schema\/logo\/image\/\"},\"sameAs\":[\"https:\/\/www.instagram.com\/julienmoulie\/\"]}]}<\/script>\n<!-- \/ Yoast SEO plugin. -->","yoast_head_json":{"title":"Orchid\u00e9es Blanches Cascades &#8226; Mouli\u00e9","robots":{"index":"index","follow":"follow","max-snippet":"max-snippet:-1","max-image-preview":"max-image-preview:large","max-video-preview":"max-video-preview:-1"},"canonical":"https:\/\/www.moulie.fr\/en\/la-boutique\/orchidees-blanches-cascades\/","og_locale":"en_GB","og_type":"article","og_title":"Orchid\u00e9es Blanches Cascades &#8226; Mouli\u00e9","og_description":"Orchid\u00e9es Blanches Cascades Phalaenopsis dans un vase en verre translucide orn\u00e9 de mousse sauvage.","og_url":"https:\/\/www.moulie.fr\/en\/la-boutique\/orchidees-blanches-cascades\/","og_site_name":"Mouli\u00e9","article_modified_time":"2021-07-30T16:32:05+00:00","og_image":[{"width":1200,"height":861,"url":"https:\/\/www.moulie.fr\/wp-content\/uploads\/2020\/05\/orchidee-blanche-v6-2.jpg","type":"image\/jpeg"}],"twitter_card":"summary_large_image","schema":{"@context":"https:\/\/schema.org","@graph":[{"@type":"WebPage","@id":"https:\/\/www.moulie.fr\/la-boutique\/orchidees-blanches-cascades\/","url":"https:\/\/www.moulie.fr\/la-boutique\/orchidees-blanches-cascades\/","name":"Orchid\u00e9es Blanches Cascades &#8226; Mouli\u00e9","isPartOf":{"@id":"https:\/\/www.moulie.fr\/#website"},"datePublished":"2020-05-14T08:16:31+00:00","dateModified":"2021-07-30T16:32:05+00:00","breadcrumb":{"@id":"https:\/\/www.moulie.fr\/la-boutique\/orchidees-blanches-cascades\/#breadcrumb"},"inLanguage":"en-GB","potentialAction":[{"@type":"ReadAction","target":["https:\/\/www.moulie.fr\/la-boutique\/orchidees-blanches-cascades\/"]}]},{"@type":"BreadcrumbList","@id":"https:\/\/www.moulie.fr\/la-boutique\/orchidees-blanches-cascades\/#breadcrumb","itemListElement":[{"@type":"ListItem","position":1,"name":"Accueil","item":"https:\/\/www.moulie.fr\/"},{"@type":"ListItem","position":2,"name":"Shop","item":"https:\/\/www.moulie.fr\/shop\/"},{"@type":"ListItem","position":3,"name":"Orchid\u00e9es Blanches Cascades"}]},{"@type":"WebSite","@id":"https:\/\/www.moulie.fr\/#website","url":"https:\/\/www.moulie.fr\/","name":"Mouli\u00e9","description":"D\u00e9corateur floral","publisher":{"@id":"https:\/\/www.moulie.fr\/#organization"},"potentialAction":[{"@type":"SearchAction","target":{"@type":"EntryPoint","urlTemplate":"https:\/\/www.moulie.fr\/?s={search_term_string}"},"query-input":"required name=search_term_string"}],"inLanguage":"en-GB"},{"@type":"Organization","@id":"https:\/\/www.moulie.fr\/#organization","name":"Mouli\u00e9","url":"https:\/\/www.moulie.fr\/","logo":{"@type":"ImageObject","inLanguage":"en-GB","@id":"https:\/\/www.moulie.fr\/#\/schema\/logo\/image\/","url":"https:\/\/www.moulie.fr\/wp-content\/uploads\/2021\/06\/logo_moulie.png","contentUrl":"https:\/\/www.moulie.fr\/wp-content\/uploads\/2021\/06\/logo_moulie.png","width":1299,"height":1231,"caption":"Mouli\u00e9"},"image":{"@id":"https:\/\/www.moulie.fr\/#\/schema\/logo\/image\/"},"sameAs":["https:\/\/www.instagram.com\/julienmoulie\/"]}]}},"_links":{"self":[{"href":"https:\/\/www.moulie.fr\/en\/wp-json\/wp\/v2\/product\/108","targetHints":{"allow":["GET"]}}],"collection":[{"href":"https:\/\/www.moulie.fr\/en\/wp-json\/wp\/v2\/product"}],"about":[{"href":"https:\/\/www.moulie.fr\/en\/wp-json\/wp\/v2\/types\/product"}],"version-history":[{"count":17,"href":"https:\/\/www.moulie.fr\/en\/wp-json\/wp\/v2\/product\/108\/revisions"}],"predecessor-version":[{"id":4665,"href":"https:\/\/www.moulie.fr\/en\/wp-json\/wp\/v2\/product\/108\/revisions\/4665"}],"wp:featuredmedia":[{"embeddable":true,"href":"https:\/\/www.moulie.fr\/en\/wp-json\/wp\/v2\/media\/2534"}],"wp:attachment":[{"href":"https:\/\/www.moulie.fr\/en\/wp-json\/wp\/v2\/media?parent=108"}],"wp:term":[{"taxonomy":"product_cat","embeddable":true,"href":"https:\/\/www.moulie.fr\/en\/wp-json\/wp\/v2\/product_cat?post=108"},{"taxonomy":"product_tag","embeddable":true,"href":"https:\/\/www.moulie.fr\/en\/wp-json\/wp\/v2\/product_tag?post=108"}],"curies":[{"name":"wp","href":"https:\/\/api.w.org\/{rel}","templated":true}]}}