{"id":5113,"date":"2021-08-04T11:38:49","date_gmt":"2021-08-04T11:38:49","guid":{"rendered":"https:\/\/moulie.fr\/?page_id=5113"},"modified":"2021-10-26T15:32:17","modified_gmt":"2021-10-26T15:32:17","slug":"contact","status":"publish","type":"page","link":"https:\/\/www.moulie.fr\/en\/contact\/","title":{"rendered":"Contact"},"content":{"rendered":"<div data-elementor-type=\"wp-page\" data-elementor-id=\"5113\" class=\"elementor elementor-5113\" data-elementor-post-type=\"page\">\n\t\t\t\t\t\t\t\t\t<section class=\"porto-full-no-gap elementor-section elementor-top-section elementor-element elementor-element-c34871a elementor-section-full_width elementor-section-content-middle elementor-section-height-default elementor-section-height-default\" data-id=\"c34871a\" data-element_type=\"section\">\r\n\t\t\r\n\t\t\t\t\t\t\t<div class=\"elementor-container elementor-column-gap-no\">\r\n\t\t\t\t\t\t\t\t\t\t\t<div class=\"elementor-column elementor-col-50 elementor-top-column elementor-element elementor-element-34dd719\" data-id=\"34dd719\" data-element_type=\"column\" data-settings=\"{&quot;background_background&quot;:&quot;classic&quot;}\">\r\n\t\t\t\t\t<div class=\"elementor-widget-wrap elementor-element-populated\">\r\n\t\t\t\t\t\t\t\t<div class=\"elementor-element elementor-element-38d97c5 elementor-view-framed elementor-shape-circle elementor-widget elementor-widget-icon\" data-id=\"38d97c5\" data-element_type=\"widget\" data-widget_type=\"icon.default\">\n\t\t\t\t<div class=\"elementor-widget-container\">\n\t\t\t\t\t<div class=\"elementor-icon-wrapper\">\n\t\t\t<div class=\"elementor-icon\">\n\t\t\t<svg xmlns=\"http:\/\/www.w3.org\/2000\/svg\" height=\"380pt\" viewbox=\"0 -67 380 380\" width=\"380pt\"><path d=\"m30 0h320c14.402344.0390625 26.761719 10.261719 29.5 24.398438l-189.5 105.601562-189.5-105.601562c2.738281-14.136719 15.097656-24.3593755 29.5-24.398438zm320 246.601562h-320c-16.546875-.050781-29.953125-13.453124-30-30v-169.601562l185.101562 103.199219c1.5.824219 3.183594 1.273437 4.898438 1.300781 1.722656.019531 3.414062-.429688 4.898438-1.300781l185.101562-103.199219v169.601562c-.011719 16.5625-13.4375 29.984376-30 30zm0 0\"><\/path><\/svg>\t\t\t<\/div>\n\t\t<\/div>\n\t\t\t\t<\/div>\n\t\t\t\t<\/div>\n\t\t\t\t<div class=\"elementor-element elementor-element-330389b elementor-widget elementor-widget-heading\" data-id=\"330389b\" data-element_type=\"widget\" data-widget_type=\"heading.default\">\n\t\t\t\t<div class=\"elementor-widget-container\">\n\t\t\t<h2 class=\"elementor-heading-title elementor-size-default\">Contact<\/h2>\t\t<\/div>\n\t\t\t\t<\/div>\n\t\t\t\t<div class=\"elementor-element elementor-element-ec8d5de elementor-widget-divider--view-line elementor-widget elementor-widget-divider\" data-id=\"ec8d5de\" data-element_type=\"widget\" data-widget_type=\"divider.default\">\n\t\t\t\t<div class=\"elementor-widget-container\">\n\t\t\t\t\t<div class=\"elementor-divider\">\n\t\t\t<span class=\"elementor-divider-separator\">\n\t\t\t\t\t\t<\/span>\n\t\t<\/div>\n\t\t\t\t<\/div>\n\t\t\t\t<\/div>\n\t\t\t\t<div class=\"elementor-element elementor-element-5ebb089 w-auto px-3 px-xl-4 mx-xl-3 mb-3 elementor-invisible elementor-widget elementor-widget-porto_ultimate_heading\" data-id=\"5ebb089\" data-element_type=\"widget\" data-settings=\"{&quot;_animation&quot;:&quot;fadeInLeft&quot;,&quot;_animation_delay&quot;:1000}\" data-widget_type=\"porto_ultimate_heading.default\">\n\t\t\t\t<div class=\"elementor-widget-container\">\n\t\t\t<div class=\"porto-u-heading  porto-u-6681\"><div class=\"porto-u-main-heading\"><h2    style=\"margin-bottom: .25rem;\">The Store<\/h2><\/div><div class=\"porto-u-sub-heading\" style=\"\"><p>8 Place du Palais Bourbon, 75007 Paris<\/p><\/div><style>.porto-u-6681.porto-u-heading{text-align:center}<\/style><\/div>\t\t<\/div>\n\t\t\t\t<\/div>\n\t\t\t\t<div class=\"elementor-element elementor-element-7e43a97 elementor-widget elementor-widget-spacer\" data-id=\"7e43a97\" data-element_type=\"widget\" data-widget_type=\"spacer.default\">\n\t\t\t\t<div class=\"elementor-widget-container\">\n\t\t\t\t\t<div class=\"elementor-spacer\">\n\t\t\t<div class=\"elementor-spacer-inner\"><\/div>\n\t\t<\/div>\n\t\t\t\t<\/div>\n\t\t\t\t<\/div>\n\t\t\t\t<div class=\"elementor-element elementor-element-258fa1b w-auto px-3 px-xl-4 mx-xl-3 mb-3 elementor-invisible elementor-widget elementor-widget-porto_ultimate_heading\" data-id=\"258fa1b\" data-element_type=\"widget\" data-settings=\"{&quot;_animation&quot;:&quot;fadeInLeft&quot;,&quot;_animation_delay&quot;:1000}\" data-widget_type=\"porto_ultimate_heading.default\">\n\t\t\t\t<div class=\"elementor-widget-container\">\n\t\t\t<div class=\"porto-u-heading  porto-u-6526\"><div class=\"porto-u-main-heading\"><h2    style=\"margin-bottom: .25rem;\">Telephone<\/h2><\/div><div class=\"porto-u-sub-heading\" style=\"\"><p>01.45.51.78.43<\/p><\/div><style>.porto-u-6526.porto-u-heading{text-align:center}<\/style><\/div>\t\t<\/div>\n\t\t\t\t<\/div>\n\t\t\t\t<div class=\"elementor-element elementor-element-6b67c34 w-auto px-3 px-xl-4 mx-xl-3 mb-3 elementor-invisible elementor-widget elementor-widget-porto_ultimate_heading\" data-id=\"6b67c34\" data-element_type=\"widget\" data-settings=\"{&quot;_animation&quot;:&quot;fadeInLeft&quot;,&quot;_animation_delay&quot;:1000}\" data-widget_type=\"porto_ultimate_heading.default\">\n\t\t\t\t<div class=\"elementor-widget-container\">\n\t\t\t<div class=\"porto-u-heading  porto-u-1905\"><div class=\"porto-u-main-heading\"><h2    style=\"margin-bottom: .25rem;\">E-mail<\/h2><\/div><div class=\"porto-u-sub-heading\" style=\"\"><a href=\"mailto:contact@moulie.fr\" style=\"color:#ffffff\">contact@moulie.fr<\/a><\/div><style>.porto-u-1905.porto-u-heading{text-align:center}<\/style><\/div>\t\t<\/div>\n\t\t\t\t<\/div>\n\t\t\t\t\t<\/div>\r\n\t\t\t\t<\/div>\r\n\t\t\t\t<div class=\"elementor-column elementor-col-50 elementor-top-column elementor-element elementor-element-6a2aa53\" data-id=\"6a2aa53\" data-element_type=\"column\">\r\n\t\t\t\t\t<div class=\"elementor-widget-wrap elementor-element-populated\">\r\n\t\t\t\t\t\t\t\t<div class=\"elementor-element elementor-element-caefd7a elementor-widget elementor-widget-google_maps\" data-id=\"caefd7a\" data-element_type=\"widget\" data-widget_type=\"google_maps.default\">\n\t\t\t\t<div class=\"elementor-widget-container\">\n\t\t\t\t\t<div class=\"elementor-custom-embed\">\n\t\t\t<iframe loading=\"lazy\"\n\t\t\t\t\tsrc=\"https:\/\/maps.google.com\/maps?q=8%20Place%20du%20Palais%20Bourbon%2C%2075007%20PARIS&#038;t=m&#038;z=14&#038;output=embed&#038;iwloc=near\"\n\t\t\t\t\ttitle=\"8 Place du Palais Bourbon, 75007 PARIS\"\n\t\t\t\t\taria-label=\"8 Place du Palais Bourbon, 75007 PARIS\"\n\t\t\t><\/iframe>\n\t\t<\/div>\n\t\t\t\t<\/div>\n\t\t\t\t<\/div>\n\t\t\t\t\t<\/div>\r\n\t\t\t\t<\/div>\r\n\t\t\t\t\t<\/div>\r\n\t\t\t\t<\/section>\r\n\t\t\t\t<section class=\"elementor-section elementor-top-section elementor-element elementor-element-331ff87 elementor-section-boxed elementor-section-height-default elementor-section-height-default\" data-id=\"331ff87\" data-element_type=\"section\" data-settings=\"{&quot;background_background&quot;:&quot;classic&quot;}\">\r\n\t\t\r\n\t\t\t\t\t\t\t<div class=\"elementor-container elementor-column-gap-default\">\r\n\t\t\t\t\t\t\t\t\t\t\t<div class=\"elementor-column elementor-col-100 elementor-top-column elementor-element elementor-element-3aebcca\" data-id=\"3aebcca\" data-element_type=\"column\">\r\n\t\t\t\t\t<div class=\"elementor-widget-wrap elementor-element-populated\">\r\n\t\t\t\t\t\t\t\t<div class=\"elementor-element elementor-element-8693f31 elementor-invisible elementor-widget elementor-widget-shortcode\" data-id=\"8693f31\" data-element_type=\"widget\" data-settings=\"{&quot;_animation&quot;:&quot;fadeInUp&quot;,&quot;_animation_delay&quot;:900}\" data-widget_type=\"shortcode.default\">\n\t\t\t\t<div class=\"elementor-widget-container\">\n\t\t\t\t\t<div class=\"elementor-shortcode\">\n<div class=\"wpcf7 no-js\" id=\"wpcf7-f5120-o1\" lang=\"en-US\" dir=\"ltr\">\n<div class=\"screen-reader-response\"><p role=\"status\" aria-live=\"polite\" aria-atomic=\"true\"><\/p> <ul><\/ul><\/div>\n<form action=\"\/en\/wp-json\/wp\/v2\/pages\/5113#wpcf7-f5120-o1\" method=\"post\" class=\"wpcf7-form init\" aria-label=\"Contact form\" novalidate=\"novalidate\" data-status=\"init\" data-trp-original-action=\"\/en\/wp-json\/wp\/v2\/pages\/5113#wpcf7-f5120-o1\">\n<div style=\"display: none;\">\n<input type=\"hidden\" name=\"_wpcf7\" value=\"5120\" \/>\n<input type=\"hidden\" name=\"_wpcf7_version\" value=\"5.8.1\" \/>\n<input type=\"hidden\" name=\"_wpcf7_locale\" value=\"en_US\" \/>\n<input type=\"hidden\" name=\"_wpcf7_unit_tag\" value=\"wpcf7-f5120-o1\" \/>\n<input type=\"hidden\" name=\"_wpcf7_container_post\" value=\"0\" \/>\n<input type=\"hidden\" name=\"_wpcf7_posted_data_hash\" value=\"\" \/>\n<\/div>\n<div class=\"row m-r-n-sm m-l-n-sm\">\n\t<div class=\"form-group col-lg-6 p-l-sm p-r-sm\">\n\t\t<p><span class=\"wpcf7-form-control-wrap\" data-name=\"your-name\"><input size=\"40\" class=\"wpcf7-form-control wpcf7-text wpcf7-validates-as-required form-control\" aria-required=\"true\" aria-invalid=\"false\" placeholder=\"Your name\" value=\"\" type=\"text\" name=\"your-name\" \/><\/span>\n\t\t<\/p>\n\t<\/div>\n\t<div class=\"form-group col-lg-6 p-l-sm p-r-sm\">\n\t\t<p><span class=\"wpcf7-form-control-wrap\" data-name=\"your-phone\"><input size=\"40\" class=\"wpcf7-form-control wpcf7-text wpcf7-validates-as-required form-control\" aria-required=\"true\" aria-invalid=\"false\" placeholder=\"Your phone\" value=\"\" type=\"text\" name=\"your-phone\" \/><\/span>\n\t\t<\/p>\n\t<\/div>\n<\/div>\n<div class=\"row m-r-n-sm m-l-n-sm\">\n\t<div class=\"form-group col-lg-6 p-l-sm p-r-sm\">\n\t\t<p><span class=\"wpcf7-form-control-wrap\" data-name=\"your-email\"><input size=\"40\" class=\"wpcf7-form-control wpcf7-email wpcf7-validates-as-required wpcf7-text wpcf7-validates-as-email form-control\" aria-required=\"true\" aria-invalid=\"false\" placeholder=\"Your email\" value=\"\" type=\"email\" name=\"your-email\" \/><\/span>\n\t\t<\/p>\n\t<\/div>\n\t<div class=\"form-group col-lg-6 p-l-sm p-r-sm\">\n\t\t<p><span class=\"wpcf7-form-control-wrap\" data-name=\"Objet\"><select class=\"wpcf7-form-control wpcf7-select wpcf7-validates-as-required\" aria-required=\"true\" aria-invalid=\"false\" name=\"Objet\"><option value=\"La P\u00e9pini\u00e8re\">Nursery<\/option><option value=\"Jardins &amp; Terrasses\">Gardens &amp; Terraces<\/option><option value=\"Arts de la Table\">Arts de la Table<\/option><option value=\"Ev\u00e9nementiel\">Event<\/option><option value=\"Abonnement\">Subscription<\/option><option value=\"Autre\">Other<\/option><\/select><\/span>\n\t\t<\/p>\n\t<\/div>\n<\/div>\n<div class=\"form-group\">\n\t<p><span class=\"wpcf7-form-control-wrap\" data-name=\"your-message\"><textarea cols=\"40\" rows=\"12\" class=\"wpcf7-form-control wpcf7-textarea wpcf7-validates-as-required form-control\" aria-required=\"true\" aria-invalid=\"false\" placeholder=\"Your message\" name=\"your-message\"><\/textarea><\/span>\n\t<\/p>\n<\/div>\n<div class=\"form-group\">\n\t<p><input class=\"wpcf7-form-control wpcf7-submit has-spinner btn btn-borders btn-lg btn-secondary\" type=\"submit\" value=\"Send\" \/>\n\t<\/p>\n<\/div><p style=\"display: none !important;\"><label>&#916;<textarea name=\"_wpcf7_ak_hp_textarea\" cols=\"45\" rows=\"8\" maxlength=\"100\"><\/textarea><\/label><input type=\"hidden\" id=\"ak_js_1\" name=\"_wpcf7_ak_js\" value=\"118\"\/><script>document.getElementById( \"ak_js_1\" ).setAttribute( \"value\", ( new Date() ).getTime() );<\/script><\/p><div class=\"wpcf7-response-output\" aria-hidden=\"true\"><\/div>\n<input type=\"hidden\" name=\"trp-form-language\" value=\"en\"\/><\/form>\n<\/div>\n<\/div>\n\t\t\t\t<\/div>\n\t\t\t\t<\/div>\n\t\t\t\t\t<\/div>\r\n\t\t\t\t<\/div>\r\n\t\t\t\t\t<\/div>\r\n\t\t\t\t<\/section>\r\n\t\t\t\t\t\t\t<\/div>","protected":false},"excerpt":{"rendered":"<p>Contact La Boutique 8 Place du Palais Bourbon, 75007 Paris T\u00e9l\u00e9phone 01.45.51.78.43 E-mail contact@moulie.fr<\/p>","protected":false},"author":1,"featured_media":0,"parent":0,"menu_order":0,"comment_status":"closed","ping_status":"closed","template":"","meta":{"inline_featured_image":false,"footnotes":""},"class_list":["post-5113","page","type-page","status-publish","hentry"],"yoast_head":"<!-- This site is optimized with the Yoast SEO plugin v21.3 - https:\/\/yoast.com\/wordpress\/plugins\/seo\/ -->\n<title>Contact &#8226; Mouli\u00e9<\/title>\n<meta name=\"robots\" content=\"index, follow, max-snippet:-1, max-image-preview:large, max-video-preview:-1\" \/>\n<link rel=\"canonical\" href=\"https:\/\/www.moulie.fr\/en\/contact\/\" \/>\n<meta property=\"og:locale\" content=\"en_GB\" \/>\n<meta property=\"og:type\" content=\"article\" \/>\n<meta property=\"og:title\" content=\"Contact &#8226; Mouli\u00e9\" \/>\n<meta property=\"og:description\" content=\"Contact La Boutique 8 Place du Palais Bourbon, 75007 Paris T\u00e9l\u00e9phone 01.45.51.78.43 E-mail contact@moulie.fr\" \/>\n<meta property=\"og:url\" content=\"https:\/\/www.moulie.fr\/en\/contact\/\" \/>\n<meta property=\"og:site_name\" content=\"Mouli\u00e9\" \/>\n<meta property=\"article:modified_time\" content=\"2021-10-26T15:32:17+00:00\" \/>\n<meta name=\"twitter:card\" content=\"summary_large_image\" \/>\n<script type=\"application\/ld+json\" class=\"yoast-schema-graph\">{\"@context\":\"https:\/\/schema.org\",\"@graph\":[{\"@type\":\"WebPage\",\"@id\":\"https:\/\/www.moulie.fr\/contact\/\",\"url\":\"https:\/\/www.moulie.fr\/contact\/\",\"name\":\"Contact &#8226; Mouli\u00e9\",\"isPartOf\":{\"@id\":\"https:\/\/www.moulie.fr\/#website\"},\"datePublished\":\"2021-08-04T11:38:49+00:00\",\"dateModified\":\"2021-10-26T15:32:17+00:00\",\"breadcrumb\":{\"@id\":\"https:\/\/www.moulie.fr\/contact\/#breadcrumb\"},\"inLanguage\":\"en-GB\",\"potentialAction\":[{\"@type\":\"ReadAction\",\"target\":[\"https:\/\/www.moulie.fr\/contact\/\"]}]},{\"@type\":\"BreadcrumbList\",\"@id\":\"https:\/\/www.moulie.fr\/contact\/#breadcrumb\",\"itemListElement\":[{\"@type\":\"ListItem\",\"position\":1,\"name\":\"Accueil\",\"item\":\"https:\/\/www.moulie.fr\/\"},{\"@type\":\"ListItem\",\"position\":2,\"name\":\"Contact\"}]},{\"@type\":\"WebSite\",\"@id\":\"https:\/\/www.moulie.fr\/#website\",\"url\":\"https:\/\/www.moulie.fr\/\",\"name\":\"Mouli\u00e9\",\"description\":\"D\u00e9corateur floral\",\"publisher\":{\"@id\":\"https:\/\/www.moulie.fr\/#organization\"},\"potentialAction\":[{\"@type\":\"SearchAction\",\"target\":{\"@type\":\"EntryPoint\",\"urlTemplate\":\"https:\/\/www.moulie.fr\/?s={search_term_string}\"},\"query-input\":\"required name=search_term_string\"}],\"inLanguage\":\"en-GB\"},{\"@type\":\"Organization\",\"@id\":\"https:\/\/www.moulie.fr\/#organization\",\"name\":\"Mouli\u00e9\",\"url\":\"https:\/\/www.moulie.fr\/\",\"logo\":{\"@type\":\"ImageObject\",\"inLanguage\":\"en-GB\",\"@id\":\"https:\/\/www.moulie.fr\/#\/schema\/logo\/image\/\",\"url\":\"https:\/\/www.moulie.fr\/wp-content\/uploads\/2021\/06\/logo_moulie.png\",\"contentUrl\":\"https:\/\/www.moulie.fr\/wp-content\/uploads\/2021\/06\/logo_moulie.png\",\"width\":1299,\"height\":1231,\"caption\":\"Mouli\u00e9\"},\"image\":{\"@id\":\"https:\/\/www.moulie.fr\/#\/schema\/logo\/image\/\"},\"sameAs\":[\"https:\/\/www.instagram.com\/julienmoulie\/\"]}]}<\/script>\n<!-- \/ Yoast SEO plugin. -->","yoast_head_json":{"title":"Contact &#8226; Mouli\u00e9","robots":{"index":"index","follow":"follow","max-snippet":"max-snippet:-1","max-image-preview":"max-image-preview:large","max-video-preview":"max-video-preview:-1"},"canonical":"https:\/\/www.moulie.fr\/en\/contact\/","og_locale":"en_GB","og_type":"article","og_title":"Contact &#8226; Mouli\u00e9","og_description":"Contact La Boutique 8 Place du Palais Bourbon, 75007 Paris T\u00e9l\u00e9phone 01.45.51.78.43 E-mail contact@moulie.fr","og_url":"https:\/\/www.moulie.fr\/en\/contact\/","og_site_name":"Mouli\u00e9","article_modified_time":"2021-10-26T15:32:17+00:00","twitter_card":"summary_large_image","schema":{"@context":"https:\/\/schema.org","@graph":[{"@type":"WebPage","@id":"https:\/\/www.moulie.fr\/contact\/","url":"https:\/\/www.moulie.fr\/contact\/","name":"Contact &#8226; Mouli\u00e9","isPartOf":{"@id":"https:\/\/www.moulie.fr\/#website"},"datePublished":"2021-08-04T11:38:49+00:00","dateModified":"2021-10-26T15:32:17+00:00","breadcrumb":{"@id":"https:\/\/www.moulie.fr\/contact\/#breadcrumb"},"inLanguage":"en-GB","potentialAction":[{"@type":"ReadAction","target":["https:\/\/www.moulie.fr\/contact\/"]}]},{"@type":"BreadcrumbList","@id":"https:\/\/www.moulie.fr\/contact\/#breadcrumb","itemListElement":[{"@type":"ListItem","position":1,"name":"Accueil","item":"https:\/\/www.moulie.fr\/"},{"@type":"ListItem","position":2,"name":"Contact"}]},{"@type":"WebSite","@id":"https:\/\/www.moulie.fr\/#website","url":"https:\/\/www.moulie.fr\/","name":"Mouli\u00e9","description":"D\u00e9corateur floral","publisher":{"@id":"https:\/\/www.moulie.fr\/#organization"},"potentialAction":[{"@type":"SearchAction","target":{"@type":"EntryPoint","urlTemplate":"https:\/\/www.moulie.fr\/?s={search_term_string}"},"query-input":"required name=search_term_string"}],"inLanguage":"en-GB"},{"@type":"Organization","@id":"https:\/\/www.moulie.fr\/#organization","name":"Mouli\u00e9","url":"https:\/\/www.moulie.fr\/","logo":{"@type":"ImageObject","inLanguage":"en-GB","@id":"https:\/\/www.moulie.fr\/#\/schema\/logo\/image\/","url":"https:\/\/www.moulie.fr\/wp-content\/uploads\/2021\/06\/logo_moulie.png","contentUrl":"https:\/\/www.moulie.fr\/wp-content\/uploads\/2021\/06\/logo_moulie.png","width":1299,"height":1231,"caption":"Mouli\u00e9"},"image":{"@id":"https:\/\/www.moulie.fr\/#\/schema\/logo\/image\/"},"sameAs":["https:\/\/www.instagram.com\/julienmoulie\/"]}]}},"_links":{"self":[{"href":"https:\/\/www.moulie.fr\/en\/wp-json\/wp\/v2\/pages\/5113","targetHints":{"allow":["GET"]}}],"collection":[{"href":"https:\/\/www.moulie.fr\/en\/wp-json\/wp\/v2\/pages"}],"about":[{"href":"https:\/\/www.moulie.fr\/en\/wp-json\/wp\/v2\/types\/page"}],"author":[{"embeddable":true,"href":"https:\/\/www.moulie.fr\/en\/wp-json\/wp\/v2\/users\/1"}],"replies":[{"embeddable":true,"href":"https:\/\/www.moulie.fr\/en\/wp-json\/wp\/v2\/comments?post=5113"}],"version-history":[{"count":47,"href":"https:\/\/www.moulie.fr\/en\/wp-json\/wp\/v2\/pages\/5113\/revisions"}],"predecessor-version":[{"id":6211,"href":"https:\/\/www.moulie.fr\/en\/wp-json\/wp\/v2\/pages\/5113\/revisions\/6211"}],"wp:attachment":[{"href":"https:\/\/www.moulie.fr\/en\/wp-json\/wp\/v2\/media?parent=5113"}],"curies":[{"name":"wp","href":"https:\/\/api.w.org\/{rel}","templated":true}]}}