{"id":4538,"date":"2021-07-29T19:10:20","date_gmt":"2021-07-29T19:10:20","guid":{"rendered":"https:\/\/moulie.fr\/?page_id=4538"},"modified":"2021-10-26T15:45:51","modified_gmt":"2021-10-26T15:45:51","slug":"les-orchidees","status":"publish","type":"page","link":"https:\/\/www.moulie.fr\/en\/les-orchidees\/","title":{"rendered":"Orchids"},"content":{"rendered":"<div data-elementor-type=\"wp-page\" data-elementor-id=\"4538\" class=\"elementor elementor-4538\" data-elementor-post-type=\"page\">\n\t\t\t\t\t\t\t\t\t<section class=\"elementor-section elementor-top-section elementor-element elementor-element-8fcc5d6 elementor-section-boxed elementor-section-height-default elementor-section-height-default\" data-id=\"8fcc5d6\" data-element_type=\"section\">\r\n\t\t\r\n\t\t\t\t\t\t\t<div class=\"elementor-container elementor-column-gap-default\">\r\n\t\t\t\t\t\t\t\t\t\t\t<div class=\"elementor-column elementor-col-100 elementor-top-column elementor-element elementor-element-5511499\" data-id=\"5511499\" data-element_type=\"column\" data-settings=\"{&quot;background_background&quot;:&quot;classic&quot;}\">\r\n\t\t\t\t\t<div class=\"elementor-widget-wrap elementor-element-populated\">\r\n\t\t\t\t\t\t\t\t<div class=\"elementor-element elementor-element-54548c4 elementor-view-framed elementor-shape-circle elementor-widget elementor-widget-icon\" data-id=\"54548c4\" data-element_type=\"widget\" data-widget_type=\"icon.default\">\n\t\t\t\t<div class=\"elementor-widget-container\">\n\t\t\t\t\t<div class=\"elementor-icon-wrapper\">\n\t\t\t<div class=\"elementor-icon\">\n\t\t\t<svg xmlns=\"http:\/\/www.w3.org\/2000\/svg\" xmlns:xlink=\"http:\/\/www.w3.org\/1999\/xlink\" id=\"Capa_1\" x=\"0px\" y=\"0px\" viewbox=\"0 0 512 512\" style=\"enable-background:new 0 0 512 512;\" xml:space=\"preserve\">\n<g>\n\t<g>\n\t\t<circle cx=\"256\" cy=\"301.434\" r=\"35.747\"><\/circle>\n\t<\/g>\n<\/g>\n<g>\n\t<g>\n\t\t<path d=\"M273.57,364.861c-5.593,1.554-11.486,2.385-17.57,2.385s-11.978-0.832-17.57-2.385l-38.683,70.763    c0.966,11.071,5.606,21.46,13.3,29.577L256,510.53l42.952-45.326c7.696-8.118,12.335-18.508,13.302-29.579L273.57,364.861z\"><\/path>\n\t<\/g>\n<\/g>\n<g>\n\t<g>\n\t\t<path d=\"M198.868,334.12l-115.446-9.963c-6.335-0.541-12.509-1.664-18.473-3.298c-13.06,9.342-22.482,23.234-26.22,38.95    l-19.465,81.648l82.57,15.045c26.862,4.881,54.135-7.207,68.578-30.18l1.233-2.035c0.291-0.491,0.581-0.971,0.842-1.463    l39.581-72.407C206.857,345.736,202.386,340.234,198.868,334.12z\"><\/path>\n\t<\/g>\n<\/g>\n<g>\n\t<g>\n\t\t<path d=\"M473.271,359.81c-3.739-15.716-13.16-29.608-26.22-38.95c-5.964,1.634-12.138,2.756-18.473,3.298l-115.446,9.963    c-3.518,6.114-7.988,11.617-13.2,16.298l39.551,72.357c0.291,0.541,0.581,1.022,0.872,1.513l1.323,2.185    c14.463,22.882,41.676,34.899,68.488,30.029l82.57-15.045L473.271,359.81z\"><\/path>\n\t<\/g>\n<\/g>\n<g>\n\t<g>\n\t\t<path d=\"M422.013,132.967c-31.052-5.653-62.083,9.151-77.218,36.845l-45.034,82.41c13.541,12.068,22.091,29.638,22.091,49.173    c0,0.601-0.01,1.203-0.02,1.794l104.17-8.981c31.442-2.716,57.482-25.168,64.799-55.869L512,149.365L422.013,132.967z\"><\/path>\n\t<\/g>\n<\/g>\n<g>\n\t<g>\n\t\t<path d=\"M212.239,252.221l-45.034-82.41c-15.135-27.694-46.176-42.497-77.218-36.844L0,149.364l21.199,88.975    c7.317,30.701,33.357,53.153,64.799,55.869l104.17,8.981c-0.01-0.591-0.02-1.193-0.02-1.794    C190.148,281.859,198.698,264.289,212.239,252.221z\"><\/path>\n\t<\/g>\n<\/g>\n<g>\n\t<g>\n\t\t<path d=\"M323.484,72.676L256,1.47l-67.487,71.209c-13.145,13.878-20.756,32.247-21.448,51.244    c10.641,8.418,19.718,19.02,26.521,31.475l45.074,82.47c5.523-1.523,11.336-2.325,17.34-2.325s11.817,0.802,17.34,2.325    l45.074-82.47c6.804-12.455,15.882-23.056,26.521-31.474C344.242,104.926,336.632,86.556,323.484,72.676z\"><\/path>\n\t<\/g>\n<\/g>\n<g>\n<\/g>\n<g>\n<\/g>\n<g>\n<\/g>\n<g>\n<\/g>\n<g>\n<\/g>\n<g>\n<\/g>\n<g>\n<\/g>\n<g>\n<\/g>\n<g>\n<\/g>\n<g>\n<\/g>\n<g>\n<\/g>\n<g>\n<\/g>\n<g>\n<\/g>\n<g>\n<\/g>\n<g>\n<\/g>\n<\/svg>\t\t\t<\/div>\n\t\t<\/div>\n\t\t\t\t<\/div>\n\t\t\t\t<\/div>\n\t\t\t\t<div class=\"elementor-element elementor-element-db1947e elementor-widget elementor-widget-heading\" data-id=\"db1947e\" data-element_type=\"widget\" data-widget_type=\"heading.default\">\n\t\t\t\t<div class=\"elementor-widget-container\">\n\t\t\t<h2 class=\"elementor-heading-title elementor-size-default\">Orchids<\/h2>\t\t<\/div>\n\t\t\t\t<\/div>\n\t\t\t\t<div class=\"elementor-element elementor-element-5d03d47 elementor-widget elementor-widget-text-editor\" data-id=\"5d03d47\" data-element_type=\"widget\" data-widget_type=\"text-editor.default\">\n\t\t\t\t<div class=\"elementor-widget-container\">\n\t\t\t\t\t\t\t<p>One plant, many varieties.<\/p>\t\t\t\t\t\t<\/div>\n\t\t\t\t<\/div>\n\t\t\t\t\t<\/div>\r\n\t\t\t\t<\/div>\r\n\t\t\t\t\t<\/div>\r\n\t\t\t\t<\/section>\r\n\t\t\t\t<section class=\"elementor-section elementor-top-section elementor-element elementor-element-c98047f elementor-section-boxed elementor-section-height-default elementor-section-height-default\" data-id=\"c98047f\" data-element_type=\"section\">\r\n\t\t\r\n\t\t\t\t\t\t\t<div class=\"elementor-container elementor-column-gap-default\">\r\n\t\t\t\t\t\t\t\t\t\t\t<div class=\"elementor-column elementor-col-100 elementor-top-column elementor-element elementor-element-c3c0f0f\" data-id=\"c3c0f0f\" data-element_type=\"column\">\r\n\t\t\t\t\t<div class=\"elementor-widget-wrap elementor-element-populated\">\r\n\t\t\t\t\t\t\t\t<div class=\"elementor-element elementor-element-e3e9ab3 elementor-widget elementor-widget-porto_products\" data-id=\"e3e9ab3\" data-element_type=\"widget\" data-settings=\"{&quot;spacing&quot;:{&quot;unit&quot;:&quot;px&quot;,&quot;size&quot;:&quot;&quot;,&quot;sizes&quot;:[]}}\" data-widget_type=\"porto_products.default\">\n\t\t\t\t<div class=\"elementor-widget-container\">\n\t\t\t<div id=\"porto-products-4059\" class=\"porto-products wpb_content_element archive-products porto-products-widget-pagination theme_option\"><form class=\"pagination-form d-none\" action=\"\"><input type=\"hidden\" name=\"count\" value=\"\" ><input type=\"hidden\" name=\"original_orderby\" value=\"\" ><input type=\"hidden\" name=\"orderby\" value=\"\" ><input type=\"hidden\" name=\"order\" value=\"\" ><input type=\"hidden\" name=\"category\" value=\"67\" ><input type=\"hidden\" name=\"ids\" value=\"\" ><input type=\"hidden\" name=\"columns\" value=\"3\" ><input type=\"hidden\" name=\"view\" value=\"grid\" ><input type=\"hidden\" name=\"pagination_style\" value=\"load_more\" ><input type=\"hidden\" name=\"trp-form-language\" value=\"en\"\/><\/form><div class=\"woocommerce columns-3\"><ul class=\"products products-container grid pcols-lg-3 pcols-md-3 pcols-xs-2 pcols-ls-2 pwidth-lg-3 pwidth-md-3 pwidth-xs-2 pwidth-ls-1 is-shortcode\"\r\n\t data-cur_page=\"1\" data-max_page=\"0\" data-product_layout=\"product-awq_onimage\">\r\n\r\n<li class=\"product-col product-awq_onimage nyp-product product type-product post-108 status-publish first instock product_cat-les-orchidees has-post-thumbnail featured taxable shipping-taxable purchasable product-type-variable\">\r\n<div class=\"product-inner\">\r\n\t\r\n\t<div class=\"product-image\">\r\n\r\n\t\t<a  href=\"https:\/\/www.moulie.fr\/en\/la-boutique\/orchidees-blanches-cascades\/\" aria-label=\"product\">\r\n\t\t\t<div class=\"inner\"><img decoding=\"async\" width=\"600\" height=\"600\" src=\"https:\/\/www.moulie.fr\/wp-content\/uploads\/2020\/05\/orchidee-blanche-v6-2-600x600.jpg\" class=\"wp-post-image\" alt=\"\" \/><\/div>\t\t<\/a>\r\n\t\t\t<div class=\"links-on-image\">\r\n\t\t\t<div class=\"add-links-wrap\">\r\n\t<div class=\"add-links no-effect clearfix\">\r\n\t\t<span href=\"https:\/\/www.moulie.fr\/en\/la-boutique\/orchidees-blanches-cascades\/\" data-quantity=\"1\" class=\"viewcart-style-3 button product_type_variable add_to_cart_button\" data-product_id=\"108\" data-product_sku=\"\" aria-label=\"Select options for \u201cOrchid\u00e9es Blanches Cascades\u201d\" aria-describedby=\"This product has multiple variants. The options may be chosen on the product page\" rel=\"nofollow\" data-no-translation=\"\" data-trp-gettext=\"\" data-no-translation-aria-label=\"\" data-no-translation-aria-describedby=\"\">Select options<\/span>\t<\/div>\r\n\t<\/div>\r\n\t\t<\/div>\r\n\t\t\t<\/div>\r\n\r\n\t<div class=\"product-content\">\r\n\t\t\r\n\t\t\t<a class=\"product-loop-title\"  href=\"https:\/\/www.moulie.fr\/en\/la-boutique\/orchidees-blanches-cascades\/\">\r\n\t<h3 class=\"woocommerce-loop-product__title\">Orchid\u00e9es Blanches Cascades<\/h3>\t<\/a>\r\n\t\r\n\t\t\r\n\t\t\t<\/div>\r\n<\/div>\r\n<\/li>\r\n\r\n<li class=\"product-col product-awq_onimage nyp-product product type-product post-4288 status-publish instock product_cat-les-orchidees has-post-thumbnail featured taxable shipping-taxable purchasable product-type-variable\">\r\n<div class=\"product-inner\">\r\n\t\r\n\t<div class=\"product-image\">\r\n\r\n\t\t<a  href=\"https:\/\/www.moulie.fr\/en\/la-boutique\/orchidees-roses-cascades\/\" aria-label=\"product\">\r\n\t\t\t<div class=\"inner\"><img decoding=\"async\" width=\"600\" height=\"600\" src=\"https:\/\/www.moulie.fr\/wp-content\/uploads\/2021\/07\/orchidee-petit-600x600.jpg\" class=\"wp-post-image\" alt=\"\" \/><\/div>\t\t<\/a>\r\n\t\t\t<div class=\"links-on-image\">\r\n\t\t\t<div class=\"add-links-wrap\">\r\n\t<div class=\"add-links no-effect clearfix\">\r\n\t\t<span href=\"https:\/\/www.moulie.fr\/en\/la-boutique\/orchidees-roses-cascades\/\" data-quantity=\"1\" class=\"viewcart-style-3 button product_type_variable add_to_cart_button\" data-product_id=\"4288\" data-product_sku=\"\" aria-label=\"Select options for \u201cOrchid\u00e9es Roses Cascades\u201d\" aria-describedby=\"This product has multiple variants. The options may be chosen on the product page\" rel=\"nofollow\" data-no-translation=\"\" data-trp-gettext=\"\" data-no-translation-aria-label=\"\" data-no-translation-aria-describedby=\"\">Select options<\/span>\t<\/div>\r\n\t<\/div>\r\n\t\t<\/div>\r\n\t\t\t<\/div>\r\n\r\n\t<div class=\"product-content\">\r\n\t\t\r\n\t\t\t<a class=\"product-loop-title\"  href=\"https:\/\/www.moulie.fr\/en\/la-boutique\/orchidees-roses-cascades\/\">\r\n\t<h3 class=\"woocommerce-loop-product__title\">Orchid\u00e9es Roses Cascades<\/h3>\t<\/a>\r\n\t\r\n\t\t\r\n\t\t\t<\/div>\r\n<\/div>\r\n<\/li>\r\n\r\n<li class=\"product-col product-awq_onimage nyp-product product type-product post-5219 status-publish last instock product_cat-les-orchidees has-post-thumbnail featured taxable shipping-taxable purchasable product-type-variable\">\r\n<div class=\"product-inner\">\r\n\t\r\n\t<div class=\"product-image\">\r\n\r\n\t\t<a  href=\"https:\/\/www.moulie.fr\/en\/la-boutique\/orchidees-roses-cascades-2\/\" aria-label=\"product\">\r\n\t\t\t<div class=\"inner\"><img decoding=\"async\" width=\"600\" height=\"600\" src=\"https:\/\/www.moulie.fr\/wp-content\/uploads\/2021\/07\/orchidee-bleu-600x600.jpg\" class=\"wp-post-image\" alt=\"\" \/><\/div>\t\t<\/a>\r\n\t\t\t<div class=\"links-on-image\">\r\n\t\t\t<div class=\"add-links-wrap\">\r\n\t<div class=\"add-links no-effect clearfix\">\r\n\t\t<span href=\"https:\/\/www.moulie.fr\/en\/la-boutique\/orchidees-roses-cascades-2\/\" data-quantity=\"1\" class=\"viewcart-style-3 button product_type_variable add_to_cart_button\" data-product_id=\"5219\" data-product_sku=\"\" aria-label=\"Select options for \u201cOrchid\u00e9es Roses Cascades\u201d\" aria-describedby=\"This product has multiple variants. The options may be chosen on the product page\" rel=\"nofollow\" data-no-translation=\"\" data-trp-gettext=\"\" data-no-translation-aria-label=\"\" data-no-translation-aria-describedby=\"\">Select options<\/span>\t<\/div>\r\n\t<\/div>\r\n\t\t<\/div>\r\n\t\t\t<\/div>\r\n\r\n\t<div class=\"product-content\">\r\n\t\t\r\n\t\t\t<a class=\"product-loop-title\"  href=\"https:\/\/www.moulie.fr\/en\/la-boutique\/orchidees-roses-cascades-2\/\">\r\n\t<h3 class=\"woocommerce-loop-product__title\">Orchid\u00e9es Roses Cascades<\/h3>\t<\/a>\r\n\t\r\n\t\t\r\n\t\t\t<\/div>\r\n<\/div>\r\n<\/li>\r\n<\/ul>\r\n<div class=\"shop-loop-after clearfix load-more-wrap is-shortcode\"><nav class=\"woocommerce-pagination pagination load-more\">\t<form class=\"woocommerce-viewing\" method=\"get\" action=\"\">\r\n\r\n\t\t<label>Show: <\/label>\r\n\r\n\t\t<select name=\"count\" class=\"count\">\r\n\t\t\t\t\t\t\t\t\t<option value=\"9\"  selected='selected'>9<\/option>\r\n\t\t\t\t\t\t\t<option value=\"18\" >18<\/option>\r\n\t\t\t\t\t\t\t<option value=\"36\" >36<\/option>\r\n\t\t\t\t\t<\/select>\r\n\r\n\t\t<input type=\"hidden\" name=\"paged\" value=\"\"\/>\r\n\r\n\t\t\t<input type=\"hidden\" name=\"trp-form-language\" value=\"en\"\/><\/form>\r\n<\/nav><\/div><\/div><\/div>\t\t<\/div>\n\t\t\t\t<\/div>\n\t\t\t\t\t<\/div>\r\n\t\t\t\t<\/div>\r\n\t\t\t\t\t<\/div>\r\n\t\t\t\t<\/section>\r\n\t\t\t\t\t\t\t<\/div>","protected":false},"excerpt":{"rendered":"<p>Les Orchid\u00e9es Une seule plante, de nombreuses vari\u00e9t\u00e9s. Choix des options Orchid\u00e9es Blanches Cascades \u00c0 partir de\u00a0: &euro;50.00 Choix des options Orchid\u00e9es Roses Cascades \u00c0 partir de\u00a0: &euro;50.00 Choix des options Orchid\u00e9es Roses Cascades \u00c0 partir de\u00a0: &euro;50.00 Montrer: 91836<\/p>","protected":false},"author":1,"featured_media":0,"parent":0,"menu_order":0,"comment_status":"closed","ping_status":"closed","template":"","meta":{"inline_featured_image":false,"footnotes":""},"class_list":["post-4538","page","type-page","status-publish","hentry"],"yoast_head":"<!-- This site is optimized with the Yoast SEO plugin v21.3 - https:\/\/yoast.com\/wordpress\/plugins\/seo\/ -->\n<title>Les Orchid\u00e9es &#8226; Mouli\u00e9<\/title>\n<meta name=\"robots\" content=\"index, follow, max-snippet:-1, max-image-preview:large, max-video-preview:-1\" \/>\n<link rel=\"canonical\" href=\"https:\/\/www.moulie.fr\/en\/les-orchidees\/\" \/>\n<meta property=\"og:locale\" content=\"en_GB\" \/>\n<meta property=\"og:type\" content=\"article\" \/>\n<meta property=\"og:title\" content=\"Les Orchid\u00e9es &#8226; Mouli\u00e9\" \/>\n<meta property=\"og:description\" content=\"Les Orchid\u00e9es Une seule plante, de nombreuses vari\u00e9t\u00e9s. Choix des options Orchid\u00e9es Blanches Cascades \u00c0 partir de\u00a0: &euro;50.00 Choix des options Orchid\u00e9es Roses Cascades \u00c0 partir de\u00a0: &euro;50.00 Choix des options Orchid\u00e9es Roses Cascades \u00c0 partir de\u00a0: &euro;50.00 Montrer: 91836\" \/>\n<meta property=\"og:url\" content=\"https:\/\/www.moulie.fr\/en\/les-orchidees\/\" \/>\n<meta property=\"og:site_name\" content=\"Mouli\u00e9\" \/>\n<meta property=\"article:modified_time\" content=\"2021-10-26T15:45:51+00:00\" \/>\n<meta property=\"og:image\" content=\"https:\/\/moulie.fr\/wp-content\/uploads\/2020\/05\/orchidee-blanche-v6-2-600x600.jpg\" \/>\n<meta name=\"twitter:card\" content=\"summary_large_image\" \/>\n<script type=\"application\/ld+json\" class=\"yoast-schema-graph\">{\"@context\":\"https:\/\/schema.org\",\"@graph\":[{\"@type\":\"WebPage\",\"@id\":\"https:\/\/www.moulie.fr\/les-orchidees\/\",\"url\":\"https:\/\/www.moulie.fr\/les-orchidees\/\",\"name\":\"Les Orchid\u00e9es &#8226; Mouli\u00e9\",\"isPartOf\":{\"@id\":\"https:\/\/www.moulie.fr\/#website\"},\"datePublished\":\"2021-07-29T19:10:20+00:00\",\"dateModified\":\"2021-10-26T15:45:51+00:00\",\"breadcrumb\":{\"@id\":\"https:\/\/www.moulie.fr\/les-orchidees\/#breadcrumb\"},\"inLanguage\":\"en-GB\",\"potentialAction\":[{\"@type\":\"ReadAction\",\"target\":[\"https:\/\/www.moulie.fr\/les-orchidees\/\"]}]},{\"@type\":\"BreadcrumbList\",\"@id\":\"https:\/\/www.moulie.fr\/les-orchidees\/#breadcrumb\",\"itemListElement\":[{\"@type\":\"ListItem\",\"position\":1,\"name\":\"Accueil\",\"item\":\"https:\/\/www.moulie.fr\/\"},{\"@type\":\"ListItem\",\"position\":2,\"name\":\"Les Orchid\u00e9es\"}]},{\"@type\":\"WebSite\",\"@id\":\"https:\/\/www.moulie.fr\/#website\",\"url\":\"https:\/\/www.moulie.fr\/\",\"name\":\"Mouli\u00e9\",\"description\":\"D\u00e9corateur floral\",\"publisher\":{\"@id\":\"https:\/\/www.moulie.fr\/#organization\"},\"potentialAction\":[{\"@type\":\"SearchAction\",\"target\":{\"@type\":\"EntryPoint\",\"urlTemplate\":\"https:\/\/www.moulie.fr\/?s={search_term_string}\"},\"query-input\":\"required name=search_term_string\"}],\"inLanguage\":\"en-GB\"},{\"@type\":\"Organization\",\"@id\":\"https:\/\/www.moulie.fr\/#organization\",\"name\":\"Mouli\u00e9\",\"url\":\"https:\/\/www.moulie.fr\/\",\"logo\":{\"@type\":\"ImageObject\",\"inLanguage\":\"en-GB\",\"@id\":\"https:\/\/www.moulie.fr\/#\/schema\/logo\/image\/\",\"url\":\"https:\/\/www.moulie.fr\/wp-content\/uploads\/2021\/06\/logo_moulie.png\",\"contentUrl\":\"https:\/\/www.moulie.fr\/wp-content\/uploads\/2021\/06\/logo_moulie.png\",\"width\":1299,\"height\":1231,\"caption\":\"Mouli\u00e9\"},\"image\":{\"@id\":\"https:\/\/www.moulie.fr\/#\/schema\/logo\/image\/\"},\"sameAs\":[\"https:\/\/www.instagram.com\/julienmoulie\/\"]}]}<\/script>\n<!-- \/ Yoast SEO plugin. -->","yoast_head_json":{"title":"Les Orchid\u00e9es &#8226; Mouli\u00e9","robots":{"index":"index","follow":"follow","max-snippet":"max-snippet:-1","max-image-preview":"max-image-preview:large","max-video-preview":"max-video-preview:-1"},"canonical":"https:\/\/www.moulie.fr\/en\/les-orchidees\/","og_locale":"en_GB","og_type":"article","og_title":"Les Orchid\u00e9es &#8226; Mouli\u00e9","og_description":"Les Orchid\u00e9es Une seule plante, de nombreuses vari\u00e9t\u00e9s. Choix des options Orchid\u00e9es Blanches Cascades \u00c0 partir de\u00a0: &euro;50.00 Choix des options Orchid\u00e9es Roses Cascades \u00c0 partir de\u00a0: &euro;50.00 Choix des options Orchid\u00e9es Roses Cascades \u00c0 partir de\u00a0: &euro;50.00 Montrer: 91836","og_url":"https:\/\/www.moulie.fr\/en\/les-orchidees\/","og_site_name":"Mouli\u00e9","article_modified_time":"2021-10-26T15:45:51+00:00","og_image":[{"url":"https:\/\/moulie.fr\/wp-content\/uploads\/2020\/05\/orchidee-blanche-v6-2-600x600.jpg"}],"twitter_card":"summary_large_image","schema":{"@context":"https:\/\/schema.org","@graph":[{"@type":"WebPage","@id":"https:\/\/www.moulie.fr\/les-orchidees\/","url":"https:\/\/www.moulie.fr\/les-orchidees\/","name":"Les Orchid\u00e9es &#8226; Mouli\u00e9","isPartOf":{"@id":"https:\/\/www.moulie.fr\/#website"},"datePublished":"2021-07-29T19:10:20+00:00","dateModified":"2021-10-26T15:45:51+00:00","breadcrumb":{"@id":"https:\/\/www.moulie.fr\/les-orchidees\/#breadcrumb"},"inLanguage":"en-GB","potentialAction":[{"@type":"ReadAction","target":["https:\/\/www.moulie.fr\/les-orchidees\/"]}]},{"@type":"BreadcrumbList","@id":"https:\/\/www.moulie.fr\/les-orchidees\/#breadcrumb","itemListElement":[{"@type":"ListItem","position":1,"name":"Accueil","item":"https:\/\/www.moulie.fr\/"},{"@type":"ListItem","position":2,"name":"Les Orchid\u00e9es"}]},{"@type":"WebSite","@id":"https:\/\/www.moulie.fr\/#website","url":"https:\/\/www.moulie.fr\/","name":"Mouli\u00e9","description":"D\u00e9corateur floral","publisher":{"@id":"https:\/\/www.moulie.fr\/#organization"},"potentialAction":[{"@type":"SearchAction","target":{"@type":"EntryPoint","urlTemplate":"https:\/\/www.moulie.fr\/?s={search_term_string}"},"query-input":"required name=search_term_string"}],"inLanguage":"en-GB"},{"@type":"Organization","@id":"https:\/\/www.moulie.fr\/#organization","name":"Mouli\u00e9","url":"https:\/\/www.moulie.fr\/","logo":{"@type":"ImageObject","inLanguage":"en-GB","@id":"https:\/\/www.moulie.fr\/#\/schema\/logo\/image\/","url":"https:\/\/www.moulie.fr\/wp-content\/uploads\/2021\/06\/logo_moulie.png","contentUrl":"https:\/\/www.moulie.fr\/wp-content\/uploads\/2021\/06\/logo_moulie.png","width":1299,"height":1231,"caption":"Mouli\u00e9"},"image":{"@id":"https:\/\/www.moulie.fr\/#\/schema\/logo\/image\/"},"sameAs":["https:\/\/www.instagram.com\/julienmoulie\/"]}]}},"_links":{"self":[{"href":"https:\/\/www.moulie.fr\/en\/wp-json\/wp\/v2\/pages\/4538","targetHints":{"allow":["GET"]}}],"collection":[{"href":"https:\/\/www.moulie.fr\/en\/wp-json\/wp\/v2\/pages"}],"about":[{"href":"https:\/\/www.moulie.fr\/en\/wp-json\/wp\/v2\/types\/page"}],"author":[{"embeddable":true,"href":"https:\/\/www.moulie.fr\/en\/wp-json\/wp\/v2\/users\/1"}],"replies":[{"embeddable":true,"href":"https:\/\/www.moulie.fr\/en\/wp-json\/wp\/v2\/comments?post=4538"}],"version-history":[{"count":49,"href":"https:\/\/www.moulie.fr\/en\/wp-json\/wp\/v2\/pages\/4538\/revisions"}],"predecessor-version":[{"id":6229,"href":"https:\/\/www.moulie.fr\/en\/wp-json\/wp\/v2\/pages\/4538\/revisions\/6229"}],"wp:attachment":[{"href":"https:\/\/www.moulie.fr\/en\/wp-json\/wp\/v2\/media?parent=4538"}],"curies":[{"name":"wp","href":"https:\/\/api.w.org\/{rel}","templated":true}]}}