{"id":3756,"date":"2021-07-28T13:53:34","date_gmt":"2021-07-28T13:53:34","guid":{"rendered":"https:\/\/moulie.fr\/?page_id=3756"},"modified":"2021-07-29T15:39:06","modified_gmt":"2021-07-29T15:39:06","slug":"boutique-test","status":"publish","type":"page","link":"https:\/\/www.moulie.fr\/en\/boutique-test\/","title":{"rendered":"boutique-test"},"content":{"rendered":"<div data-elementor-type=\"wp-page\" data-elementor-id=\"3756\" class=\"elementor elementor-3756\" data-elementor-post-type=\"page\">\n\t\t\t\t\t\t\t\t\t<section class=\"elementor-section elementor-top-section elementor-element elementor-element-7520528 elementor-section-full_width elementor-section-height-min-height elementor-section-items-bottom elementor-section-height-default\" data-id=\"7520528\" data-element_type=\"section\">\r\n\t\t\r\n\t\t\t\t\t\t\t<div class=\"elementor-container elementor-column-gap-no porto-ibanner\">\r\n\t\t\t\t<div class=\"banner-effect-wrapper\"><div class=\"banner-effect\"><div class=\"particle-effect sparkle\"><\/div><\/div><\/div><img decoding=\"async\" src=\"https:\/\/www.moulie.fr\/wp-content\/uploads\/2021\/07\/1920x900_banner.jpg\" alt=\"\" width=\"1920\" height=\"900\" class=\"porto-ibanner-img\" srcset=\"https:\/\/www.moulie.fr\/wp-content\/uploads\/2021\/07\/1920x900_banner.jpg 1920w, https:\/\/www.moulie.fr\/wp-content\/uploads\/2021\/07\/1920x900_banner-1024x480.jpg 1024w, https:\/\/www.moulie.fr\/wp-content\/uploads\/2021\/07\/1920x900_banner-1536x720.jpg 1536w\" sizes=\"(max-width: 1920px) 100vw, 1920px\">\t\t\t\t\t\t\t<div class=\"elementor-column elementor-col-100 elementor-top-column elementor-element elementor-element-c2a73a4\" data-id=\"c2a73a4\" data-element_type=\"column\">\r\n\t\t\t\t\t<div class=\"elementor-widget-wrap\">\r\n\t\t\t\t\t\t\t\t\t<\/div>\r\n\t\t\t\t<\/div>\r\n\t\t<a class=\"porto-ibanner-link\" href=\"#\"><\/a>\t\t\t<\/div>\r\n\t\t\t\t<\/section>\r\n\t\t\t\t<section class=\"elementor-section elementor-top-section elementor-element elementor-element-ca7c3a6 home-banners elementor-section-content-space-evenly elementor-section-boxed elementor-section-height-default elementor-section-height-default\" data-id=\"ca7c3a6\" data-element_type=\"section\">\r\n\t\t\r\n\t\t\t\t\t\t\t<div class=\"elementor-container elementor-column-gap-default\">\r\n\t\t\t\t\t\t\t\t\t\t\t<div class=\"elementor-column elementor-col-50 elementor-top-column elementor-element elementor-element-3032852\" data-id=\"3032852\" data-element_type=\"column\" data-settings=\"{&quot;background_background&quot;:&quot;classic&quot;}\">\r\n\t\t\t\t\t<div class=\"elementor-widget-wrap elementor-element-populated\">\r\n\t\t\t\t\t\t\t\t<div data-plugin-parallax=\"\" data-plugin-options=\"{&quot;speed&quot;: 1.2}\" class=\"elementor-section elementor-inner-section elementor-element elementor-element-2f5cce7 elementor-section-height-min-height elementor-section-content-middle elementor-section-boxed elementor-section-height-default\" data-id=\"2f5cce7\" data-element_type=\"section\" data-settings=\"{&quot;background_background&quot;:&quot;classic&quot;}\">\r\n\t\t\t\t\t\t<div class=\"elementor-background-overlay\"><\/div>\r\n\t\t\t\r\n\t\t\t\t\t\t\t<div class=\"elementor-container elementor-column-gap-no porto-ibanner porto-ibe-zoom\">\r\n\t\t\t\t\t\t\t\t\t\t\t<div class=\"elementor-column elementor-col-100 elementor-inner-column elementor-element elementor-element-a97a147\" data-id=\"a97a147\" data-element_type=\"column\" data-settings=\"{&quot;text_align1&quot;:&quot;center&quot;}\">\r\n\t\t<style>.elementor-element-a97a147 .porto-ibanner-layer {left: 50%;right: unset;transform: translateX(-50%);bottom:11%;top: unset;}<\/style>\t\t\t<div class=\"porto-ibanner-layer elementor-widget-wrap elementor-element-populated\">\r\n\t\t\t\t\t\t\t\t<div class=\"elementor-element elementor-element-86212e4 elementor-widget elementor-widget-heading\" data-id=\"86212e4\" data-element_type=\"widget\" data-widget_type=\"heading.default\">\n\t\t\t\t<div class=\"elementor-widget-container\">\n\t\t\t<h3 class=\"elementor-heading-title elementor-size-default\">Une Histoire de Famille<\/h3>\t\t<\/div>\n\t\t\t\t<\/div>\n\t\t\t\t\t<\/div>\r\n\t\t\t\t<\/div>\r\n\t\t<a class=\"porto-ibanner-link\" href=\"\/en\/moulie\/une-histoire-de-famille\/\"><\/a>\t\t\t<\/div>\r\n\t\t\t\t<\/div>\r\n\t\t\t\t\t<\/div>\r\n\t\t\t\t<\/div>\r\n\t\t\t\t<div class=\"elementor-column elementor-col-25 elementor-top-column elementor-element elementor-element-b9f83c8 col-sm-6 col-md-3\" data-id=\"b9f83c8\" data-element_type=\"column\">\r\n\t\t\t\t\t<div class=\"elementor-widget-wrap elementor-element-populated\">\r\n\t\t\t\t\t\t\t\t<div data-plugin-parallax=\"\" data-plugin-options=\"{&quot;speed&quot;: 1.2}\" class=\"elementor-section elementor-inner-section elementor-element elementor-element-c85d633 elementor-section-height-min-height elementor-section-boxed elementor-section-height-default\" data-id=\"c85d633\" data-element_type=\"section\" data-settings=\"{&quot;background_background&quot;:&quot;classic&quot;,&quot;background_motion_fx_motion_fx_mouse&quot;:&quot;yes&quot;}\">\r\n\t\t\t\t\t\t<div class=\"elementor-background-overlay\"><\/div>\r\n\t\t\t\r\n\t\t\t\t\t\t\t<div class=\"elementor-container elementor-column-gap-no porto-ibanner porto-ibe-zoom\">\r\n\t\t\t\t\t\t\t\t\t\t\t<div class=\"elementor-column elementor-col-100 elementor-inner-column elementor-element elementor-element-8d168ff\" data-id=\"8d168ff\" data-element_type=\"column\" data-settings=\"{&quot;text_align1&quot;:&quot;center&quot;}\">\r\n\t\t<style>.elementor-element-8d168ff .porto-ibanner-layer {left: 50%;right: unset;transform: translateX(-50%);bottom:11%;top: unset;}<\/style>\t\t\t<div class=\"porto-ibanner-layer elementor-widget-wrap elementor-element-populated\">\r\n\t\t\t\t\t\t\t\t<div class=\"elementor-element elementor-element-25d2a17 elementor-widget elementor-widget-heading\" data-id=\"25d2a17\" data-element_type=\"widget\" data-widget_type=\"heading.default\">\n\t\t\t\t<div class=\"elementor-widget-container\">\n\t\t\t<h3 class=\"elementor-heading-title elementor-size-default\">Les Fleurs<\/h3>\t\t<\/div>\n\t\t\t\t<\/div>\n\t\t\t\t\t<\/div>\r\n\t\t\t\t<\/div>\r\n\t\t<a class=\"porto-ibanner-link\" href=\"#\"><\/a>\t\t\t<\/div>\r\n\t\t\t\t<\/div>\r\n\t\t\t\t\t<\/div>\r\n\t\t\t\t<\/div>\r\n\t\t\t\t<div class=\"elementor-column elementor-col-25 elementor-top-column elementor-element elementor-element-a9f61e4 col-sm-6 col-md-3\" data-id=\"a9f61e4\" data-element_type=\"column\">\r\n\t\t\t\t\t<div class=\"elementor-widget-wrap elementor-element-populated\">\r\n\t\t\t\t\t\t\t\t<div data-plugin-parallax=\"\" data-plugin-options=\"{&quot;speed&quot;: 1.2}\" class=\"elementor-section elementor-inner-section elementor-element elementor-element-2651aba elementor-section-height-min-height elementor-section-boxed elementor-section-height-default\" data-id=\"2651aba\" data-element_type=\"section\" data-settings=\"{&quot;background_background&quot;:&quot;classic&quot;}\">\r\n\t\t\t\t\t\t<div class=\"elementor-background-overlay\"><\/div>\r\n\t\t\t\r\n\t\t\t\t\t\t\t<div class=\"elementor-container elementor-column-gap-no porto-ibanner porto-ibe-zoom\">\r\n\t\t\t\t\t\t\t\t\t\t\t<div class=\"elementor-column elementor-col-100 elementor-inner-column elementor-element elementor-element-bbeff60\" data-id=\"bbeff60\" data-element_type=\"column\">\r\n\t\t<style>.elementor-element-bbeff60 .porto-ibanner-layer {left: 50%;right: unset;transform: translateX(-50%);bottom:10%;top: unset;}<\/style>\t\t\t<div class=\"porto-ibanner-layer elementor-widget-wrap elementor-element-populated\">\r\n\t\t\t\t\t\t\t\t<div class=\"elementor-element elementor-element-54cd2f3 elementor-widget__width-initial elementor-widget elementor-widget-heading\" data-id=\"54cd2f3\" data-element_type=\"widget\" data-widget_type=\"heading.default\">\n\t\t\t\t<div class=\"elementor-widget-container\">\n\t\t\t<h3 class=\"elementor-heading-title elementor-size-default\">Orchids<\/h3>\t\t<\/div>\n\t\t\t\t<\/div>\n\t\t\t\t\t<\/div>\r\n\t\t\t\t<\/div>\r\n\t\t<a class=\"porto-ibanner-link\" href=\"#\"><\/a>\t\t\t<\/div>\r\n\t\t\t\t<\/div>\r\n\t\t\t\t\t<\/div>\r\n\t\t\t\t<\/div>\r\n\t\t\t\t\t<\/div>\r\n\t\t\t\t<\/section>\r\n\t\t\t\t<section class=\"elementor-section elementor-top-section elementor-element elementor-element-8218fca home-banners elementor-section-content-middle elementor-section-boxed elementor-section-height-default elementor-section-height-default\" data-id=\"8218fca\" data-element_type=\"section\">\r\n\t\t\r\n\t\t\t\t\t\t\t<div class=\"elementor-container elementor-column-gap-default\">\r\n\t\t\t\t\t\t\t\t\t\t\t<div class=\"elementor-column elementor-col-25 elementor-top-column elementor-element elementor-element-0a1b4e1 col-sm-6 col-md-3\" data-id=\"0a1b4e1\" data-element_type=\"column\">\r\n\t\t\t\t\t<div class=\"elementor-widget-wrap elementor-element-populated\">\r\n\t\t\t\t\t\t\t\t<div class=\"elementor-section elementor-inner-section elementor-element elementor-element-e7dc175 elementor-section-boxed elementor-section-height-default elementor-section-height-default\" data-id=\"e7dc175\" data-element_type=\"section\">\r\n\t\t\r\n\t\t\t\t\t\t\t<div class=\"elementor-container elementor-column-gap-no porto-ibanner porto-ibe-zoom\">\r\n\t\t\t\t<img decoding=\"async\" src=\"https:\/\/www.moulie.fr\/wp-content\/uploads\/2021\/07\/600x600_roses2.jpg\" alt=\"\" width=\"600\" height=\"600\" class=\"porto-ibanner-img\" srcset=\"https:\/\/www.moulie.fr\/wp-content\/uploads\/2021\/07\/600x600_roses2.jpg 600w, https:\/\/www.moulie.fr\/wp-content\/uploads\/2021\/07\/600x600_roses2-400x400.jpg 400w\" sizes=\"(max-width: 600px) 100vw, 600px\">\t\t\t\t\t\t\t<div class=\"elementor-column elementor-col-100 elementor-inner-column elementor-element elementor-element-fc84b53\" data-id=\"fc84b53\" data-element_type=\"column\">\r\n\t\t<style>.elementor-element-fc84b53 .porto-ibanner-layer {left: 50%;right: unset;transform: translateX(-50%);bottom:10%;top: unset;}<\/style>\t\t\t<div class=\"porto-ibanner-layer elementor-widget-wrap elementor-element-populated\">\r\n\t\t\t\t\t\t\t\t<div class=\"elementor-element elementor-element-00cbb3d elementor-widget__width-initial elementor-widget elementor-widget-heading\" data-id=\"00cbb3d\" data-element_type=\"widget\" data-widget_type=\"heading.default\">\n\t\t\t\t<div class=\"elementor-widget-container\">\n\t\t\t<h3 class=\"elementor-heading-title elementor-size-default\">Services<\/h3>\t\t<\/div>\n\t\t\t\t<\/div>\n\t\t\t\t\t<\/div>\r\n\t\t\t\t<\/div>\r\n\t\t<a class=\"porto-ibanner-link\" href=\"#\"><\/a>\t\t\t<\/div>\r\n\t\t\t\t<\/div>\r\n\t\t\t\t\t<\/div>\r\n\t\t\t\t<\/div>\r\n\t\t\t\t<div class=\"elementor-column elementor-col-25 elementor-top-column elementor-element elementor-element-0db2af2 col-sm-6 col-md-3\" data-id=\"0db2af2\" data-element_type=\"column\">\r\n\t\t\t\t\t<div class=\"elementor-widget-wrap elementor-element-populated\">\r\n\t\t\t\t\t\t\t\t<div class=\"elementor-section elementor-inner-section elementor-element elementor-element-92a64b5 elementor-section-content-middle elementor-section-boxed elementor-section-height-default elementor-section-height-default\" data-id=\"92a64b5\" data-element_type=\"section\">\r\n\t\t\r\n\t\t\t\t\t\t\t<div class=\"elementor-container elementor-column-gap-no porto-ibanner porto-ibe-zoom\">\r\n\t\t\t\t<img decoding=\"async\" src=\"https:\/\/www.moulie.fr\/wp-content\/uploads\/2021\/07\/600x600_objets2.jpg\" alt=\"\" width=\"600\" height=\"600\" class=\"porto-ibanner-img\" srcset=\"https:\/\/www.moulie.fr\/wp-content\/uploads\/2021\/07\/600x600_objets2.jpg 600w, https:\/\/www.moulie.fr\/wp-content\/uploads\/2021\/07\/600x600_objets2-400x400.jpg 400w\" sizes=\"(max-width: 600px) 100vw, 600px\">\t\t\t\t\t\t\t<div class=\"elementor-column elementor-col-100 elementor-inner-column elementor-element elementor-element-4c77a72\" data-id=\"4c77a72\" data-element_type=\"column\" data-settings=\"{&quot;text_align1&quot;:&quot;right&quot;}\">\r\n\t\t<style>.elementor-element-4c77a72 .porto-ibanner-layer {left: 50%;right: unset;transform: translateX(-50%);bottom:8%;top: unset;}<\/style>\t\t\t<div class=\"porto-ibanner-layer elementor-widget-wrap elementor-element-populated\">\r\n\t\t\t\t\t\t\t\t<div class=\"elementor-element elementor-element-1826299 elementor-widget__width-initial elementor-widget elementor-widget-heading\" data-id=\"1826299\" data-element_type=\"widget\" data-widget_type=\"heading.default\">\n\t\t\t\t<div class=\"elementor-widget-container\">\n\t\t\t<h3 class=\"elementor-heading-title elementor-size-default\">Deco<\/h3>\t\t<\/div>\n\t\t\t\t<\/div>\n\t\t\t\t\t<\/div>\r\n\t\t\t\t<\/div>\r\n\t\t<a class=\"porto-ibanner-link\" href=\"#\"><\/a>\t\t\t<\/div>\r\n\t\t\t\t<\/div>\r\n\t\t\t\t\t<\/div>\r\n\t\t\t\t<\/div>\r\n\t\t\t\t<div class=\"elementor-column elementor-col-50 elementor-top-column elementor-element elementor-element-acf126d\" data-id=\"acf126d\" data-element_type=\"column\">\r\n\t\t\t\t\t<div class=\"elementor-widget-wrap elementor-element-populated\">\r\n\t\t\t\t\t\t\t\t<div class=\"elementor-section elementor-inner-section elementor-element elementor-element-300d2c3 elementor-section-boxed elementor-section-height-default elementor-section-height-default\" data-id=\"300d2c3\" data-element_type=\"section\">\r\n\t\t\t\t\t\t<div class=\"elementor-background-overlay\"><\/div>\r\n\t\t\t\r\n\t\t\t\t\t\t\t<div class=\"elementor-container elementor-column-gap-no porto-ibanner porto-ibe-zoom\">\r\n\t\t\t\t<img decoding=\"async\" src=\"https:\/\/www.moulie.fr\/wp-content\/uploads\/2021\/07\/1920x900_abonnement.jpg\" alt=\"\" width=\"1920\" height=\"900\" class=\"porto-ibanner-img\" srcset=\"https:\/\/www.moulie.fr\/wp-content\/uploads\/2021\/07\/1920x900_abonnement.jpg 1920w, https:\/\/www.moulie.fr\/wp-content\/uploads\/2021\/07\/1920x900_abonnement-600x281.jpg 600w, https:\/\/www.moulie.fr\/wp-content\/uploads\/2021\/07\/1920x900_abonnement-1024x480.jpg 1024w, https:\/\/www.moulie.fr\/wp-content\/uploads\/2021\/07\/1920x900_abonnement-768x360.jpg 768w, https:\/\/www.moulie.fr\/wp-content\/uploads\/2021\/07\/1920x900_abonnement-1536x720.jpg 1536w, https:\/\/www.moulie.fr\/wp-content\/uploads\/2021\/07\/1920x900_abonnement-640x300.jpg 640w\" sizes=\"(max-width: 1920px) 100vw, 1920px\">\t\t\t\t\t\t\t<div class=\"elementor-column elementor-col-50 elementor-inner-column elementor-element elementor-element-15194b6\" data-id=\"15194b6\" data-element_type=\"column\">\r\n\t\t<style>.elementor-element-15194b6 .porto-ibanner-layer {right:9%;left: unset;top: 50%;bottom: unset;transform: translateY(-50%);}<\/style>\t\t\t<div class=\"porto-ibanner-layer elementor-widget-wrap\">\r\n\t\t\t\t\t\t\t\t\t<\/div>\r\n\t\t\t\t<\/div>\r\n\t\t\t\t<div class=\"elementor-column elementor-col-50 elementor-inner-column elementor-element elementor-element-d64c90a\" data-id=\"d64c90a\" data-element_type=\"column\" data-settings=\"{&quot;text_align1&quot;:&quot;center&quot;}\">\r\n\t\t<style>.elementor-element-d64c90a .porto-ibanner-layer {left: 50%;right: unset;transform: translateX(-50%);bottom:11%;top: unset;}<\/style>\t\t\t<div class=\"porto-ibanner-layer elementor-widget-wrap elementor-element-populated\">\r\n\t\t\t\t\t\t\t\t<div class=\"elementor-element elementor-element-46fb45e elementor-widget elementor-widget-heading\" data-id=\"46fb45e\" data-element_type=\"widget\" data-widget_type=\"heading.default\">\n\t\t\t\t<div class=\"elementor-widget-container\">\n\t\t\t<h3 class=\"elementor-heading-title elementor-size-default\">Subscription<\/h3>\t\t<\/div>\n\t\t\t\t<\/div>\n\t\t\t\t\t<\/div>\r\n\t\t\t\t<\/div>\r\n\t\t<a class=\"porto-ibanner-link\" href=\"#\"><\/a>\t\t\t<\/div>\r\n\t\t\t\t<\/div>\r\n\t\t\t\t\t<\/div>\r\n\t\t\t\t<\/div>\r\n\t\t\t\t\t<\/div>\r\n\t\t\t\t<\/section>\r\n\t\t\t\t<section class=\"elementor-section elementor-top-section elementor-element elementor-element-cdd6b79 home-features py-4 my-1 elementor-section-boxed elementor-section-height-default elementor-section-height-default\" data-id=\"cdd6b79\" data-element_type=\"section\">\r\n\t\t\r\n\t\t\t\t\t\t\t<div class=\"elementor-container elementor-column-gap-no\">\r\n\t\t\t\t\t\t\t\t\t\t\t<div class=\"elementor-column elementor-col-33 elementor-top-column elementor-element elementor-element-90b4d3e\" data-id=\"90b4d3e\" data-element_type=\"column\">\r\n\t\t\t\t\t<div class=\"elementor-widget-wrap elementor-element-populated\">\r\n\t\t\t\t\t\t\t\t<div class=\"elementor-element elementor-element-b6493bd elementor-widget elementor-widget-porto_info_box\" data-id=\"b6493bd\" data-element_type=\"widget\" data-widget_type=\"porto_info_box.default\">\n\t\t\t\t<div class=\"elementor-widget-container\">\n\t\t\t<div class=\"porto-sicon-box style_1 top-icon\"><div class=\"porto-sicon-top\"><div class=\"porto-just-icon-wrapper porto-icon none\" style=\"\"><i class=\"porto-icon-shipping\"><\/i><\/div><\/div><div class=\"porto-sicon-header\"><h4 class=\"porto-sicon-title\" style=\"\">LIVRAISON<\/h4><p >\u00e0 partir de 100\u20ac d'achat<\/p><\/div> <!-- header --><\/div><!-- porto-sicon-box -->\t\t<\/div>\n\t\t\t\t<\/div>\n\t\t\t\t\t<\/div>\r\n\t\t\t\t<\/div>\r\n\t\t\t\t<div class=\"elementor-column elementor-col-33 elementor-top-column elementor-element elementor-element-8c49515\" data-id=\"8c49515\" data-element_type=\"column\">\r\n\t\t\t\t\t<div class=\"elementor-widget-wrap elementor-element-populated\">\r\n\t\t\t\t\t\t\t\t<div class=\"elementor-element elementor-element-7e6a6e8 elementor-widget elementor-widget-porto_info_box\" data-id=\"7e6a6e8\" data-element_type=\"widget\" data-widget_type=\"porto_info_box.default\">\n\t\t\t\t<div class=\"elementor-widget-container\">\n\t\t\t<div class=\"porto-sicon-box style_1 top-icon\"><div class=\"porto-sicon-top\"><div class=\"porto-just-icon-wrapper porto-icon none\" style=\"\"><i class=\"porto-icon-category-garden\"><\/i><\/div><\/div><div class=\"porto-sicon-header\"><h4 class=\"porto-sicon-title\" style=\"\">CIRCUIT COURT<\/h4><p >privil\u00e9gi\u00e9 au maximum<\/p><\/div> <!-- header --><\/div><!-- porto-sicon-box -->\t\t<\/div>\n\t\t\t\t<\/div>\n\t\t\t\t\t<\/div>\r\n\t\t\t\t<\/div>\r\n\t\t\t\t<div class=\"elementor-column elementor-col-33 elementor-top-column elementor-element elementor-element-89d0ccf\" data-id=\"89d0ccf\" data-element_type=\"column\">\r\n\t\t\t\t\t<div class=\"elementor-widget-wrap elementor-element-populated\">\r\n\t\t\t\t\t\t\t\t<div class=\"elementor-element elementor-element-7bfb331 elementor-widget elementor-widget-porto_info_box\" data-id=\"7bfb331\" data-element_type=\"widget\" data-widget_type=\"porto_info_box.default\">\n\t\t\t\t<div class=\"elementor-widget-container\">\n\t\t\t<div class=\"porto-sicon-box style_1 top-icon\"><div class=\"porto-sicon-top\"><div class=\"porto-just-icon-wrapper porto-icon none\" style=\"\"><i class=\"porto-icon-secure-payment\"><\/i><\/div><\/div><div class=\"porto-sicon-header\"><h4 class=\"porto-sicon-title\" style=\"\">PAIEMENT SECURISE<\/h4><p >par carte bancaire ou Paypal<\/p><\/div> <!-- header --><\/div><!-- porto-sicon-box -->\t\t<\/div>\n\t\t\t\t<\/div>\n\t\t\t\t\t<\/div>\r\n\t\t\t\t<\/div>\r\n\t\t\t\t\t<\/div>\r\n\t\t\t\t<\/section>\r\n\t\t\t\t\t\t\t<\/div>","protected":false},"excerpt":{"rendered":"<p>Une Histoire de Famille Les Fleurs Les Orchid\u00e9es Les Services Les Objets L&#8217;Abonnement LIVRAISON \u00e0 partir de 100\u20ac d&#8217;achat CIRCUIT COURT privil\u00e9gi\u00e9 au maximum PAIEMENT SECURISE par carte bancaire ou Paypal<\/p>","protected":false},"author":1,"featured_media":0,"parent":0,"menu_order":0,"comment_status":"closed","ping_status":"closed","template":"","meta":{"inline_featured_image":false,"footnotes":""},"class_list":["post-3756","page","type-page","status-publish","hentry"],"yoast_head":"<!-- This site is optimized with the Yoast SEO plugin v21.3 - https:\/\/yoast.com\/wordpress\/plugins\/seo\/ -->\n<title>boutique-test &#8226; Mouli\u00e9<\/title>\n<meta name=\"robots\" content=\"index, follow, max-snippet:-1, max-image-preview:large, max-video-preview:-1\" \/>\n<link rel=\"canonical\" href=\"https:\/\/www.moulie.fr\/en\/boutique-test\/\" \/>\n<meta property=\"og:locale\" content=\"en_GB\" \/>\n<meta property=\"og:type\" content=\"article\" \/>\n<meta property=\"og:title\" content=\"boutique-test &#8226; Mouli\u00e9\" \/>\n<meta property=\"og:description\" content=\"Une Histoire de Famille Les Fleurs Les Orchid\u00e9es Les Services Les Objets L&#8217;Abonnement LIVRAISON \u00e0 partir de 100\u20ac d&#8217;achat CIRCUIT COURT privil\u00e9gi\u00e9 au maximum PAIEMENT SECURISE par carte bancaire ou Paypal\" \/>\n<meta property=\"og:url\" content=\"https:\/\/www.moulie.fr\/en\/boutique-test\/\" \/>\n<meta property=\"og:site_name\" content=\"Mouli\u00e9\" \/>\n<meta property=\"article:modified_time\" content=\"2021-07-29T15:39:06+00:00\" \/>\n<meta name=\"twitter:card\" content=\"summary_large_image\" \/>\n<script type=\"application\/ld+json\" class=\"yoast-schema-graph\">{\"@context\":\"https:\/\/schema.org\",\"@graph\":[{\"@type\":\"WebPage\",\"@id\":\"https:\/\/www.moulie.fr\/boutique-test\/\",\"url\":\"https:\/\/www.moulie.fr\/boutique-test\/\",\"name\":\"boutique-test &#8226; Mouli\u00e9\",\"isPartOf\":{\"@id\":\"https:\/\/www.moulie.fr\/#website\"},\"datePublished\":\"2021-07-28T13:53:34+00:00\",\"dateModified\":\"2021-07-29T15:39:06+00:00\",\"breadcrumb\":{\"@id\":\"https:\/\/www.moulie.fr\/boutique-test\/#breadcrumb\"},\"inLanguage\":\"en-GB\",\"potentialAction\":[{\"@type\":\"ReadAction\",\"target\":[\"https:\/\/www.moulie.fr\/boutique-test\/\"]}]},{\"@type\":\"BreadcrumbList\",\"@id\":\"https:\/\/www.moulie.fr\/boutique-test\/#breadcrumb\",\"itemListElement\":[{\"@type\":\"ListItem\",\"position\":1,\"name\":\"Accueil\",\"item\":\"https:\/\/www.moulie.fr\/\"},{\"@type\":\"ListItem\",\"position\":2,\"name\":\"boutique-test\"}]},{\"@type\":\"WebSite\",\"@id\":\"https:\/\/www.moulie.fr\/#website\",\"url\":\"https:\/\/www.moulie.fr\/\",\"name\":\"Mouli\u00e9\",\"description\":\"D\u00e9corateur floral\",\"publisher\":{\"@id\":\"https:\/\/www.moulie.fr\/#organization\"},\"potentialAction\":[{\"@type\":\"SearchAction\",\"target\":{\"@type\":\"EntryPoint\",\"urlTemplate\":\"https:\/\/www.moulie.fr\/?s={search_term_string}\"},\"query-input\":\"required name=search_term_string\"}],\"inLanguage\":\"en-GB\"},{\"@type\":\"Organization\",\"@id\":\"https:\/\/www.moulie.fr\/#organization\",\"name\":\"Mouli\u00e9\",\"url\":\"https:\/\/www.moulie.fr\/\",\"logo\":{\"@type\":\"ImageObject\",\"inLanguage\":\"en-GB\",\"@id\":\"https:\/\/www.moulie.fr\/#\/schema\/logo\/image\/\",\"url\":\"https:\/\/www.moulie.fr\/wp-content\/uploads\/2021\/06\/logo_moulie.png\",\"contentUrl\":\"https:\/\/www.moulie.fr\/wp-content\/uploads\/2021\/06\/logo_moulie.png\",\"width\":1299,\"height\":1231,\"caption\":\"Mouli\u00e9\"},\"image\":{\"@id\":\"https:\/\/www.moulie.fr\/#\/schema\/logo\/image\/\"},\"sameAs\":[\"https:\/\/www.instagram.com\/julienmoulie\/\"]}]}<\/script>\n<!-- \/ Yoast SEO plugin. -->","yoast_head_json":{"title":"boutique-test &#8226; Mouli\u00e9","robots":{"index":"index","follow":"follow","max-snippet":"max-snippet:-1","max-image-preview":"max-image-preview:large","max-video-preview":"max-video-preview:-1"},"canonical":"https:\/\/www.moulie.fr\/en\/boutique-test\/","og_locale":"en_GB","og_type":"article","og_title":"boutique-test &#8226; Mouli\u00e9","og_description":"Une Histoire de Famille Les Fleurs Les Orchid\u00e9es Les Services Les Objets L&#8217;Abonnement LIVRAISON \u00e0 partir de 100\u20ac d&#8217;achat CIRCUIT COURT privil\u00e9gi\u00e9 au maximum PAIEMENT SECURISE par carte bancaire ou Paypal","og_url":"https:\/\/www.moulie.fr\/en\/boutique-test\/","og_site_name":"Mouli\u00e9","article_modified_time":"2021-07-29T15:39:06+00:00","twitter_card":"summary_large_image","schema":{"@context":"https:\/\/schema.org","@graph":[{"@type":"WebPage","@id":"https:\/\/www.moulie.fr\/boutique-test\/","url":"https:\/\/www.moulie.fr\/boutique-test\/","name":"boutique-test &#8226; Mouli\u00e9","isPartOf":{"@id":"https:\/\/www.moulie.fr\/#website"},"datePublished":"2021-07-28T13:53:34+00:00","dateModified":"2021-07-29T15:39:06+00:00","breadcrumb":{"@id":"https:\/\/www.moulie.fr\/boutique-test\/#breadcrumb"},"inLanguage":"en-GB","potentialAction":[{"@type":"ReadAction","target":["https:\/\/www.moulie.fr\/boutique-test\/"]}]},{"@type":"BreadcrumbList","@id":"https:\/\/www.moulie.fr\/boutique-test\/#breadcrumb","itemListElement":[{"@type":"ListItem","position":1,"name":"Accueil","item":"https:\/\/www.moulie.fr\/"},{"@type":"ListItem","position":2,"name":"boutique-test"}]},{"@type":"WebSite","@id":"https:\/\/www.moulie.fr\/#website","url":"https:\/\/www.moulie.fr\/","name":"Mouli\u00e9","description":"D\u00e9corateur floral","publisher":{"@id":"https:\/\/www.moulie.fr\/#organization"},"potentialAction":[{"@type":"SearchAction","target":{"@type":"EntryPoint","urlTemplate":"https:\/\/www.moulie.fr\/?s={search_term_string}"},"query-input":"required name=search_term_string"}],"inLanguage":"en-GB"},{"@type":"Organization","@id":"https:\/\/www.moulie.fr\/#organization","name":"Mouli\u00e9","url":"https:\/\/www.moulie.fr\/","logo":{"@type":"ImageObject","inLanguage":"en-GB","@id":"https:\/\/www.moulie.fr\/#\/schema\/logo\/image\/","url":"https:\/\/www.moulie.fr\/wp-content\/uploads\/2021\/06\/logo_moulie.png","contentUrl":"https:\/\/www.moulie.fr\/wp-content\/uploads\/2021\/06\/logo_moulie.png","width":1299,"height":1231,"caption":"Mouli\u00e9"},"image":{"@id":"https:\/\/www.moulie.fr\/#\/schema\/logo\/image\/"},"sameAs":["https:\/\/www.instagram.com\/julienmoulie\/"]}]}},"_links":{"self":[{"href":"https:\/\/www.moulie.fr\/en\/wp-json\/wp\/v2\/pages\/3756","targetHints":{"allow":["GET"]}}],"collection":[{"href":"https:\/\/www.moulie.fr\/en\/wp-json\/wp\/v2\/pages"}],"about":[{"href":"https:\/\/www.moulie.fr\/en\/wp-json\/wp\/v2\/types\/page"}],"author":[{"embeddable":true,"href":"https:\/\/www.moulie.fr\/en\/wp-json\/wp\/v2\/users\/1"}],"replies":[{"embeddable":true,"href":"https:\/\/www.moulie.fr\/en\/wp-json\/wp\/v2\/comments?post=3756"}],"version-history":[{"count":5,"href":"https:\/\/www.moulie.fr\/en\/wp-json\/wp\/v2\/pages\/3756\/revisions"}],"predecessor-version":[{"id":4410,"href":"https:\/\/www.moulie.fr\/en\/wp-json\/wp\/v2\/pages\/3756\/revisions\/4410"}],"wp:attachment":[{"href":"https:\/\/www.moulie.fr\/en\/wp-json\/wp\/v2\/media?parent=3756"}],"curies":[{"name":"wp","href":"https:\/\/api.w.org\/{rel}","templated":true}]}}