{"id":2866,"date":"2021-07-21T18:59:13","date_gmt":"2021-07-21T18:59:13","guid":{"rendered":"https:\/\/moulie.fr\/?page_id=2866"},"modified":"2021-11-09T10:31:31","modified_gmt":"2021-11-09T09:31:31","slug":"une-histoire-de-famille","status":"publish","type":"page","link":"https:\/\/www.moulie.fr\/en\/une-histoire-de-famille\/","title":{"rendered":"Mouli\u00e9, a family story"},"content":{"rendered":"<div data-elementor-type=\"wp-page\" data-elementor-id=\"2866\" class=\"elementor elementor-2866\" data-elementor-post-type=\"page\">\n\t\t\t\t\t\t\t\t\t<section data-plugin-parallax=\"\" data-plugin-options=\"{&quot;speed&quot;: 1.5}\" class=\"elementor-section elementor-top-section elementor-element elementor-element-aed1710 elementor-section-height-min-height elementor-section-boxed elementor-section-height-default elementor-section-items-middle\" data-id=\"aed1710\" data-element_type=\"section\" data-settings=\"{&quot;background_background&quot;:&quot;classic&quot;}\">\r\n\t\t\t\t\t\t<div class=\"elementor-background-overlay\"><\/div>\r\n\t\t\t\r\n\t\t\t\t\t\t\t<div class=\"elementor-container elementor-column-gap-no\">\r\n\t\t\t\t\t\t\t\t\t\t\t<div class=\"elementor-column elementor-col-100 elementor-top-column elementor-element elementor-element-6783ced\" data-id=\"6783ced\" data-element_type=\"column\">\r\n\t\t\t\t\t<div class=\"elementor-widget-wrap elementor-element-populated\">\r\n\t\t\t\t\t\t\t\t<div class=\"elementor-element elementor-element-6fd06e0 elementor-view-framed elementor-shape-circle elementor-widget elementor-widget-icon\" data-id=\"6fd06e0\" data-element_type=\"widget\" data-widget_type=\"icon.default\">\n\t\t\t\t<div class=\"elementor-widget-container\">\n\t\t\t\t\t<div class=\"elementor-icon-wrapper\">\n\t\t\t<div class=\"elementor-icon\">\n\t\t\t<svg xmlns=\"http:\/\/www.w3.org\/2000\/svg\" id=\"Layer_1\" height=\"512\" viewbox=\"0 0 100 100\" width=\"512\"><path d=\"m50 43.333c-5.522 0-10 4.479-10 10 0 5.524 4.478 10 10 10 5.524 0 10-4.476 10-10 0-5.52-4.476-10-10-10z\"><\/path><path d=\"m66.667 90v-13.333c0-3.666-3.002-6.667-6.667-6.667h-20c-3.667 0-6.667 3.001-6.667 6.667v13.333z\"><\/path><path d=\"m70 10c-7.36 0-13.333 5.97-13.333 13.333s5.973 13.334 13.333 13.334c7.366 0 13.333-5.97 13.333-13.333s-5.967-13.334-13.333-13.334z\"><\/path><path d=\"m30 20c-6.44 0-11.667 5.225-11.667 11.667 0 6.445 5.226 11.667 11.667 11.667 6.445 0 11.667-5.222 11.667-11.667 0-6.442-5.222-11.667-11.667-11.667z\"><\/path><path d=\"m35 64.326v-14.326h-18.333c-3.667 0-6.667 3.001-6.667 6.667v20h16.667c0-5.583 3.455-10.358 8.333-12.341z\"><\/path><path d=\"m83.333 43.333h-18.333v20.993c4.876 1.982 8.333 6.758 8.333 12.341h16.667v-26.667c0-3.666-3.001-6.667-6.667-6.667z\"><\/path><\/svg>\t\t\t<\/div>\n\t\t<\/div>\n\t\t\t\t<\/div>\n\t\t\t\t<\/div>\n\t\t\t\t<div class=\"elementor-element elementor-element-caa9242 elementor-widget elementor-widget-heading\" data-id=\"caa9242\" data-element_type=\"widget\" data-widget_type=\"heading.default\">\n\t\t\t\t<div class=\"elementor-widget-container\">\n\t\t\t<h1 class=\"elementor-heading-title elementor-size-default\">Une Histoire de Famille<\/h1>\t\t<\/div>\n\t\t\t\t<\/div>\n\t\t\t\t\t<\/div>\r\n\t\t\t\t<\/div>\r\n\t\t\t\t\t<\/div>\r\n\t\t\t\t<\/section>\r\n\t\t\t\t<section class=\"elementor-section elementor-top-section elementor-element elementor-element-f65b2a6 elementor-section-content-middle elementor-section-boxed elementor-section-height-default elementor-section-height-default\" data-id=\"f65b2a6\" data-element_type=\"section\">\r\n\t\t\r\n\t\t\t\t\t\t\t<div class=\"elementor-container elementor-column-gap-no\">\r\n\t\t\t\t\t\t\t\t\t\t\t<div class=\"elementor-column elementor-col-50 elementor-top-column elementor-element elementor-element-60dbdf8\" data-id=\"60dbdf8\" data-element_type=\"column\" data-settings=\"{&quot;background_background&quot;:&quot;classic&quot;}\">\r\n\t\t\t\t\t<div class=\"elementor-widget-wrap elementor-element-populated\">\r\n\t\t\t\t\t\t\t\t<div class=\"elementor-element elementor-element-6a84228 elementor-widget elementor-widget-text-editor\" data-id=\"6a84228\" data-element_type=\"widget\" data-widget_type=\"text-editor.default\">\n\t\t\t\t<div class=\"elementor-widget-container\">\n\t\t\t\t\t\t\t<p><b>Fond\u00e9e par la famille Lange en 1870 au 40 rue de Bourgogne, puis p\u00e9rennis\u00e9e par la famille Savart jusqu&#8217;en 1977, la Maison, alors sise au 06 rue de Bourgogne sera reprise en 1978 par ses deux employ\u00e9s en fin d&#8217;apprentissage, Henri et Dominique Mouli\u00e9 sous le nom Mouli\u00e9-Savart.<\/b><\/p>\n<p>Sous leur impulsion, elle se d\u00e9veloppera rapidement vers de plus grands locaux au 8 Place du Palais Bourbon dans les ann\u00e9es 80, en proposant fleurs coup\u00e9es et plantes d&#8217;ext\u00e9rieur;&nbsp;puis au 8 rue de Bourgogne dans les ann\u00e9es 90 avec plantes et d\u00e9coration int\u00e9rieure.&nbsp;<\/p>\n<p>C&#8217;est enfin en 2012, apr\u00e8s 15 ann\u00e9es en tant qu&#8217;employ\u00e9 au sein de la structure, que leur fils ain\u00e9 Julien reprendra la succession sous sa forme actuelle. Son fr\u00e8re Thomas en assure la gestion.<\/p>\n<p>Id\u00e9alement situ\u00e9e sur une petite place calme dans le coeur de Paris: en face de l\u2019Assembl\u00e9e nationale, et \u00e0 deux pas des minist\u00e8res, ambassades et quartiers luxueux de la Capitale, la Maison Mouli\u00e9 est rep\u00e9rable de loin : une paire de cam\u00e9lias massifs de 3.50m taill\u00e9s en sph\u00e8res de part et d&#8217;autre de l&#8217;entr\u00e9e, un lin\u00e9aire large et g\u00e9n\u00e9reux ou se c\u00f4toient toutes sortes de v\u00e9g\u00e9taux arborescents et grimpants issus des productions maison, ou s\u00e9lectionn\u00e9s parmi les meilleurs producteurs du march\u00e9.&nbsp;<\/p>\n<p>Passing customers or regulars, neighbors, the \u201cTout Paris\u201d of fashion, business and politics meet at Place du Palais Bourbon.<\/p>\t\t\t\t\t\t<\/div>\n\t\t\t\t<\/div>\n\t\t\t\t<div class=\"elementor-element elementor-element-f6a6f9e elementor-skin-carousel elementor-arrows-yes elementor-widget elementor-widget-media-carousel\" data-id=\"f6a6f9e\" data-element_type=\"widget\" data-settings=\"{&quot;effect&quot;:&quot;fade&quot;,&quot;skin&quot;:&quot;carousel&quot;,&quot;show_arrows&quot;:&quot;yes&quot;,&quot;speed&quot;:500,&quot;autoplay&quot;:&quot;yes&quot;,&quot;autoplay_speed&quot;:5000,&quot;loop&quot;:&quot;yes&quot;,&quot;pause_on_hover&quot;:&quot;yes&quot;,&quot;pause_on_interaction&quot;:&quot;yes&quot;,&quot;space_between&quot;:{&quot;unit&quot;:&quot;px&quot;,&quot;size&quot;:10,&quot;sizes&quot;:[]},&quot;space_between_tablet&quot;:{&quot;unit&quot;:&quot;px&quot;,&quot;size&quot;:10,&quot;sizes&quot;:[]},&quot;space_between_mobile&quot;:{&quot;unit&quot;:&quot;px&quot;,&quot;size&quot;:10,&quot;sizes&quot;:[]}}\" data-widget_type=\"media-carousel.default\">\n\t\t\t\t<div class=\"elementor-widget-container\">\n\t\t\t\t\t<div class=\"elementor-swiper\">\n\t\t\t<div class=\"elementor-main-swiper swiper-container\">\n\t\t\t\t<div class=\"swiper-wrapper\">\n\t\t\t\t\t\t\t\t\t\t\t<div class=\"swiper-slide\">\n\t\t\t\t\t\t\t\t\t<div class=\"elementor-carousel-image\" role=\"img\" aria-label=\"orthensia-jaune\" style=\"background-image: url(&#039;https:\/\/www.moulie.fr\/wp-content\/uploads\/2021\/08\/orthensia-jaune.jpg&#039;)\">\n\n\t\t\t\n\t\t\t\t\t<\/div>\n\t\t\t\t\t\t\t\t<\/div>\n\t\t\t\t\t\t\t\t\t<\/div>\n\t\t\t\t\t\t\t<\/div>\n\t\t<\/div>\n\t\t\t\t<\/div>\n\t\t\t\t<\/div>\n\t\t\t\t\t<\/div>\r\n\t\t\t\t<\/div>\r\n\t\t\t\t<div class=\"elementor-column elementor-col-50 elementor-top-column elementor-element elementor-element-99201bc\" data-id=\"99201bc\" data-element_type=\"column\">\r\n\t\t\t\t\t<div class=\"elementor-widget-wrap elementor-element-populated\">\r\n\t\t\t\t\t\t\t\t<div class=\"elementor-element elementor-element-8fac6e1 elementor-skin-carousel elementor-arrows-yes elementor-widget elementor-widget-media-carousel\" data-id=\"8fac6e1\" data-element_type=\"widget\" data-settings=\"{&quot;effect&quot;:&quot;fade&quot;,&quot;skin&quot;:&quot;carousel&quot;,&quot;show_arrows&quot;:&quot;yes&quot;,&quot;speed&quot;:500,&quot;autoplay&quot;:&quot;yes&quot;,&quot;autoplay_speed&quot;:5000,&quot;loop&quot;:&quot;yes&quot;,&quot;pause_on_hover&quot;:&quot;yes&quot;,&quot;pause_on_interaction&quot;:&quot;yes&quot;,&quot;space_between&quot;:{&quot;unit&quot;:&quot;px&quot;,&quot;size&quot;:10,&quot;sizes&quot;:[]},&quot;space_between_tablet&quot;:{&quot;unit&quot;:&quot;px&quot;,&quot;size&quot;:10,&quot;sizes&quot;:[]},&quot;space_between_mobile&quot;:{&quot;unit&quot;:&quot;px&quot;,&quot;size&quot;:10,&quot;sizes&quot;:[]}}\" data-widget_type=\"media-carousel.default\">\n\t\t\t\t<div class=\"elementor-widget-container\">\n\t\t\t\t\t<div class=\"elementor-swiper\">\n\t\t\t<div class=\"elementor-main-swiper swiper-container\">\n\t\t\t\t<div class=\"swiper-wrapper\">\n\t\t\t\t\t\t\t\t\t\t\t<div class=\"swiper-slide\">\n\t\t\t\t\t\t\t\t\t<div class=\"elementor-carousel-image\" role=\"img\" aria-label=\"moulie14\" style=\"background-image: url(&#039;https:\/\/www.moulie.fr\/wp-content\/uploads\/2021\/06\/moulie14.jpg&#039;)\">\n\n\t\t\t\n\t\t\t\t\t<\/div>\n\t\t\t\t\t\t\t\t<\/div>\n\t\t\t\t\t\t\t\t\t<\/div>\n\t\t\t\t\t\t\t<\/div>\n\t\t<\/div>\n\t\t\t\t<\/div>\n\t\t\t\t<\/div>\n\t\t\t\t<section class=\"elementor-section elementor-inner-section elementor-element elementor-element-57d6831 elementor-section-boxed elementor-section-height-default elementor-section-height-default\" data-id=\"57d6831\" data-element_type=\"section\" data-settings=\"{&quot;background_background&quot;:&quot;classic&quot;}\">\r\n\t\t\r\n\t\t\t\t\t\t\t<div class=\"elementor-container elementor-column-gap-default\">\r\n\t\t\t\t\t\t\t\t\t\t\t<div class=\"elementor-column elementor-col-100 elementor-inner-column elementor-element elementor-element-14c06bf\" data-id=\"14c06bf\" data-element_type=\"column\">\r\n\t\t\t\t\t<div class=\"elementor-widget-wrap elementor-element-populated\">\r\n\t\t\t\t\t\t\t\t<div class=\"elementor-element elementor-element-3ff5e87 elementor-widget elementor-widget-text-editor\" data-id=\"3ff5e87\" data-element_type=\"widget\" data-widget_type=\"text-editor.default\">\n\t\t\t\t<div class=\"elementor-widget-container\">\n\t\t\t\t\t\t\t<p>Si nos ateliers r\u00e9alisent r\u00e9guli\u00e8rement des compostions contemporaines (structures v\u00e9g\u00e9talis\u00e9s, cr\u00e9ations inspir\u00e9es d&#8217;Ikebana, montages complexes\u2026) ; l\u2019identit\u00e9 Mouli\u00e9 s&#8217;est avant tout constitu\u00e9e sur l&#8217;alliance d&#8217;un style artisanal traditionnel, rigoureux et intemporel; et d&#8217;une qualit\u00e9 optimale de v\u00e9g\u00e9taux.<\/p>\n<p>C&#8217;est d&#8217;ailleurs afin de perp\u00e9tuer et transmettre ce savoir-faire typiquement fran\u00e7ais, que Julien comme Henri op\u00e8rent d\u00e8s que possible et \u00e0 tour de r\u00f4le: des s\u00e9minaires de formation Franco-japonais via un partenariat avec l&#8217;Association Fran\u00e7aise d&#8217;Art Floral (AFAF); des conf\u00e9rences-d\u00e9monstrations en France, Barhein, Azerbaidjan, Taiwan\u2026, et parfois participent en tant que jury \u00e0 des concours de jeunes talents.<\/p>\n<p>In this dynamic of optimal qualitative research, the Maison Mouli\u00e9 acquired in the 90s&nbsp;<a href=\"https:\/\/www.moulie.fr\/en\/la-pepiniere\/\" style=\"color:#ffffff\"><b>its nurseries in Brittany<\/b><\/a>, dans le Finist\u00e8re. Elle peut ainsi d\u00e9sormais produire en autonomie environ 10 \u00e0 30% des arbres en pots, fleurs et feuillages (magnolias, cam\u00e9lias, hortensias, rhododendrons, \u00e9rables&#8230;) qu&#8217;elle commercialise.<\/p>\n<p>Et par la suite, des serres de transit en Ile de France, dans les Yvelines, lesquelles permettent, outre l&#8217;entretien du parc de plantes destin\u00e9es aux locations \u00e9v\u00e9nementielles (jasmins, lierres, bambous\u2026), d&#8217; acclimater les sp\u00e9cimens import\u00e9s (oliviers centenaires, agrumes et lauriers boules d&#8217;Italie, Taupi\u00e8res de buxus belges, Bonzais d&#8217;Asie etc) aux conditions m\u00e9t\u00e9orologiques locales, am\u00e9liorant ainsi leur taux de survie en r\u00e9implantation.<\/p>\t\t\t\t\t\t<\/div>\n\t\t\t\t<\/div>\n\t\t\t\t\t<\/div>\r\n\t\t\t\t<\/div>\r\n\t\t\t\t\t<\/div>\r\n\t\t\t\t<\/section>\r\n\t\t\t\t\t<\/div>\r\n\t\t\t\t<\/div>\r\n\t\t\t\t\t<\/div>\r\n\t\t\t\t<\/section>\r\n\t\t\t\t\t\t\t<\/div>","protected":false},"excerpt":{"rendered":"<p>Une Histoire de Famille Fond\u00e9e par la famille Lange en 1870 au 40 rue de Bourgogne, puis p\u00e9rennis\u00e9e par la famille Savart jusqu&#8217;en 1977, la Maison, alors sise au 06 rue de Bourgogne sera reprise en 1978 par ses deux employ\u00e9s en fin d&#8217;apprentissage, Henri et Dominique Mouli\u00e9 sous le nom Mouli\u00e9-Savart. Sous leur impulsion, [&hellip;]<\/p>","protected":false},"author":1,"featured_media":0,"parent":0,"menu_order":0,"comment_status":"closed","ping_status":"closed","template":"","meta":{"inline_featured_image":false,"footnotes":""},"class_list":["post-2866","page","type-page","status-publish","hentry"],"yoast_head":"<!-- This site is optimized with the Yoast SEO plugin v21.3 - https:\/\/yoast.com\/wordpress\/plugins\/seo\/ -->\n<title>Mouli\u00e9, une histoire de famille &#8226; Mouli\u00e9<\/title>\n<meta name=\"description\" content=\"Mouli\u00e9 Fleurs est avant tout une histoire de famille. Aujourd&#039;hui situ\u00e9 Place du Palais Bourbon \u00e0 Paris, la maison existe depuis 1870.\" \/>\n<meta name=\"robots\" content=\"index, follow, max-snippet:-1, max-image-preview:large, max-video-preview:-1\" \/>\n<link rel=\"canonical\" href=\"https:\/\/www.moulie.fr\/en\/une-histoire-de-famille\/\" \/>\n<meta property=\"og:locale\" content=\"en_GB\" \/>\n<meta property=\"og:type\" content=\"article\" \/>\n<meta property=\"og:title\" content=\"Mouli\u00e9, une histoire de famille &#8226; Mouli\u00e9\" \/>\n<meta property=\"og:description\" content=\"Mouli\u00e9 Fleurs est avant tout une histoire de famille. Aujourd&#039;hui situ\u00e9 Place du Palais Bourbon \u00e0 Paris, la maison existe depuis 1870.\" \/>\n<meta property=\"og:url\" content=\"https:\/\/www.moulie.fr\/en\/une-histoire-de-famille\/\" \/>\n<meta property=\"og:site_name\" content=\"Mouli\u00e9\" \/>\n<meta property=\"article:modified_time\" content=\"2021-11-09T09:31:31+00:00\" \/>\n<meta name=\"twitter:card\" content=\"summary_large_image\" \/>\n<meta name=\"twitter:label1\" content=\"Estimated reading time\" \/>\n\t<meta name=\"twitter:data1\" content=\"2 minutes\" \/>\n<script type=\"application\/ld+json\" class=\"yoast-schema-graph\">{\"@context\":\"https:\/\/schema.org\",\"@graph\":[{\"@type\":\"WebPage\",\"@id\":\"https:\/\/www.moulie.fr\/une-histoire-de-famille\/\",\"url\":\"https:\/\/www.moulie.fr\/une-histoire-de-famille\/\",\"name\":\"Mouli\u00e9, une histoire de famille &#8226; Mouli\u00e9\",\"isPartOf\":{\"@id\":\"https:\/\/www.moulie.fr\/#website\"},\"datePublished\":\"2021-07-21T18:59:13+00:00\",\"dateModified\":\"2021-11-09T09:31:31+00:00\",\"description\":\"Mouli\u00e9 Fleurs est avant tout une histoire de famille. Aujourd'hui situ\u00e9 Place du Palais Bourbon \u00e0 Paris, la maison existe depuis 1870.\",\"breadcrumb\":{\"@id\":\"https:\/\/www.moulie.fr\/une-histoire-de-famille\/#breadcrumb\"},\"inLanguage\":\"en-GB\",\"potentialAction\":[{\"@type\":\"ReadAction\",\"target\":[\"https:\/\/www.moulie.fr\/une-histoire-de-famille\/\"]}]},{\"@type\":\"BreadcrumbList\",\"@id\":\"https:\/\/www.moulie.fr\/une-histoire-de-famille\/#breadcrumb\",\"itemListElement\":[{\"@type\":\"ListItem\",\"position\":1,\"name\":\"Accueil\",\"item\":\"https:\/\/www.moulie.fr\/\"},{\"@type\":\"ListItem\",\"position\":2,\"name\":\"Mouli\u00e9, une histoire de famille\"}]},{\"@type\":\"WebSite\",\"@id\":\"https:\/\/www.moulie.fr\/#website\",\"url\":\"https:\/\/www.moulie.fr\/\",\"name\":\"Mouli\u00e9\",\"description\":\"D\u00e9corateur floral\",\"publisher\":{\"@id\":\"https:\/\/www.moulie.fr\/#organization\"},\"potentialAction\":[{\"@type\":\"SearchAction\",\"target\":{\"@type\":\"EntryPoint\",\"urlTemplate\":\"https:\/\/www.moulie.fr\/?s={search_term_string}\"},\"query-input\":\"required name=search_term_string\"}],\"inLanguage\":\"en-GB\"},{\"@type\":\"Organization\",\"@id\":\"https:\/\/www.moulie.fr\/#organization\",\"name\":\"Mouli\u00e9\",\"url\":\"https:\/\/www.moulie.fr\/\",\"logo\":{\"@type\":\"ImageObject\",\"inLanguage\":\"en-GB\",\"@id\":\"https:\/\/www.moulie.fr\/#\/schema\/logo\/image\/\",\"url\":\"https:\/\/www.moulie.fr\/wp-content\/uploads\/2021\/06\/logo_moulie.png\",\"contentUrl\":\"https:\/\/www.moulie.fr\/wp-content\/uploads\/2021\/06\/logo_moulie.png\",\"width\":1299,\"height\":1231,\"caption\":\"Mouli\u00e9\"},\"image\":{\"@id\":\"https:\/\/www.moulie.fr\/#\/schema\/logo\/image\/\"},\"sameAs\":[\"https:\/\/www.instagram.com\/julienmoulie\/\"]}]}<\/script>\n<!-- \/ Yoast SEO plugin. -->","yoast_head_json":{"title":"Mouli\u00e9, une histoire de famille &#8226; Mouli\u00e9","description":"Mouli\u00e9 Fleurs est avant tout une histoire de famille. Aujourd'hui situ\u00e9 Place du Palais Bourbon \u00e0 Paris, la maison existe depuis 1870.","robots":{"index":"index","follow":"follow","max-snippet":"max-snippet:-1","max-image-preview":"max-image-preview:large","max-video-preview":"max-video-preview:-1"},"canonical":"https:\/\/www.moulie.fr\/en\/une-histoire-de-famille\/","og_locale":"en_GB","og_type":"article","og_title":"Mouli\u00e9, une histoire de famille &#8226; Mouli\u00e9","og_description":"Mouli\u00e9 Fleurs est avant tout une histoire de famille. Aujourd'hui situ\u00e9 Place du Palais Bourbon \u00e0 Paris, la maison existe depuis 1870.","og_url":"https:\/\/www.moulie.fr\/en\/une-histoire-de-famille\/","og_site_name":"Mouli\u00e9","article_modified_time":"2021-11-09T09:31:31+00:00","twitter_card":"summary_large_image","twitter_misc":{"Estimated reading time":"2 minutes"},"schema":{"@context":"https:\/\/schema.org","@graph":[{"@type":"WebPage","@id":"https:\/\/www.moulie.fr\/une-histoire-de-famille\/","url":"https:\/\/www.moulie.fr\/une-histoire-de-famille\/","name":"Mouli\u00e9, une histoire de famille &#8226; Mouli\u00e9","isPartOf":{"@id":"https:\/\/www.moulie.fr\/#website"},"datePublished":"2021-07-21T18:59:13+00:00","dateModified":"2021-11-09T09:31:31+00:00","description":"Mouli\u00e9 Fleurs est avant tout une histoire de famille. Aujourd'hui situ\u00e9 Place du Palais Bourbon \u00e0 Paris, la maison existe depuis 1870.","breadcrumb":{"@id":"https:\/\/www.moulie.fr\/une-histoire-de-famille\/#breadcrumb"},"inLanguage":"en-GB","potentialAction":[{"@type":"ReadAction","target":["https:\/\/www.moulie.fr\/une-histoire-de-famille\/"]}]},{"@type":"BreadcrumbList","@id":"https:\/\/www.moulie.fr\/une-histoire-de-famille\/#breadcrumb","itemListElement":[{"@type":"ListItem","position":1,"name":"Accueil","item":"https:\/\/www.moulie.fr\/"},{"@type":"ListItem","position":2,"name":"Mouli\u00e9, une histoire de famille"}]},{"@type":"WebSite","@id":"https:\/\/www.moulie.fr\/#website","url":"https:\/\/www.moulie.fr\/","name":"Mouli\u00e9","description":"D\u00e9corateur floral","publisher":{"@id":"https:\/\/www.moulie.fr\/#organization"},"potentialAction":[{"@type":"SearchAction","target":{"@type":"EntryPoint","urlTemplate":"https:\/\/www.moulie.fr\/?s={search_term_string}"},"query-input":"required name=search_term_string"}],"inLanguage":"en-GB"},{"@type":"Organization","@id":"https:\/\/www.moulie.fr\/#organization","name":"Mouli\u00e9","url":"https:\/\/www.moulie.fr\/","logo":{"@type":"ImageObject","inLanguage":"en-GB","@id":"https:\/\/www.moulie.fr\/#\/schema\/logo\/image\/","url":"https:\/\/www.moulie.fr\/wp-content\/uploads\/2021\/06\/logo_moulie.png","contentUrl":"https:\/\/www.moulie.fr\/wp-content\/uploads\/2021\/06\/logo_moulie.png","width":1299,"height":1231,"caption":"Mouli\u00e9"},"image":{"@id":"https:\/\/www.moulie.fr\/#\/schema\/logo\/image\/"},"sameAs":["https:\/\/www.instagram.com\/julienmoulie\/"]}]}},"_links":{"self":[{"href":"https:\/\/www.moulie.fr\/en\/wp-json\/wp\/v2\/pages\/2866","targetHints":{"allow":["GET"]}}],"collection":[{"href":"https:\/\/www.moulie.fr\/en\/wp-json\/wp\/v2\/pages"}],"about":[{"href":"https:\/\/www.moulie.fr\/en\/wp-json\/wp\/v2\/types\/page"}],"author":[{"embeddable":true,"href":"https:\/\/www.moulie.fr\/en\/wp-json\/wp\/v2\/users\/1"}],"replies":[{"embeddable":true,"href":"https:\/\/www.moulie.fr\/en\/wp-json\/wp\/v2\/comments?post=2866"}],"version-history":[{"count":638,"href":"https:\/\/www.moulie.fr\/en\/wp-json\/wp\/v2\/pages\/2866\/revisions"}],"predecessor-version":[{"id":6433,"href":"https:\/\/www.moulie.fr\/en\/wp-json\/wp\/v2\/pages\/2866\/revisions\/6433"}],"wp:attachment":[{"href":"https:\/\/www.moulie.fr\/en\/wp-json\/wp\/v2\/media?parent=2866"}],"curies":[{"name":"wp","href":"https:\/\/api.w.org\/{rel}","templated":true}]}}