{"id":2451,"date":"2021-07-12T13:36:31","date_gmt":"2021-07-12T13:36:31","guid":{"rendered":"https:\/\/moulie.fr\/?page_id=2451"},"modified":"2021-11-02T14:56:26","modified_gmt":"2021-11-02T14:56:26","slug":"articles-de-presse","status":"publish","type":"page","link":"https:\/\/www.moulie.fr\/en\/articles-de-presse\/","title":{"rendered":"Press articles"},"content":{"rendered":"<div data-elementor-type=\"wp-page\" data-elementor-id=\"2451\" class=\"elementor elementor-2451\" data-elementor-post-type=\"page\">\n\t\t\t\t\t\t\t\t\t<section class=\"elementor-section elementor-top-section elementor-element elementor-element-4e02196 elementor-section-boxed elementor-section-height-default elementor-section-height-default\" data-id=\"4e02196\" data-element_type=\"section\">\r\n\t\t\r\n\t\t\t\t\t\t\t<div class=\"elementor-container elementor-column-gap-default\">\r\n\t\t\t\t\t\t\t\t\t\t\t<div class=\"elementor-column elementor-col-50 elementor-top-column elementor-element elementor-element-da1b783\" data-id=\"da1b783\" data-element_type=\"column\">\r\n\t\t\t\t\t<div class=\"elementor-widget-wrap elementor-element-populated\">\r\n\t\t\t\t\t\t\t\t<div class=\"elementor-element elementor-element-e3172cf elementor-widget elementor-widget-heading\" data-id=\"e3172cf\" data-element_type=\"widget\" data-widget_type=\"heading.default\">\n\t\t\t\t<div class=\"elementor-widget-container\">\n\t\t\t<h2 class=\"elementor-heading-title elementor-size-default\">Presse<\/h2>\t\t<\/div>\n\t\t\t\t<\/div>\n\t\t\t\t<section class=\"elementor-section elementor-inner-section elementor-element elementor-element-c08d8bc elementor-section-boxed elementor-section-height-default elementor-section-height-default\" data-id=\"c08d8bc\" data-element_type=\"section\">\r\n\t\t\r\n\t\t\t\t\t\t\t<div class=\"elementor-container elementor-column-gap-default\">\r\n\t\t\t\t\t\t\t\t\t\t\t<div class=\"elementor-column elementor-col-50 elementor-inner-column elementor-element elementor-element-7728a42\" data-id=\"7728a42\" data-element_type=\"column\">\r\n\t\t\t\t\t<div class=\"elementor-widget-wrap elementor-element-populated\">\r\n\t\t\t\t\t\t\t\t<div class=\"elementor-element elementor-element-09e41e4 elementor-widget elementor-widget-image\" data-id=\"09e41e4\" data-element_type=\"widget\" data-widget_type=\"image.default\">\n\t\t\t\t<div class=\"elementor-widget-container\">\n\t\t\t\t\t\t\t\t\t\t\t\t\t\t\t<img decoding=\"async\" width=\"500\" height=\"280\" src=\"https:\/\/www.moulie.fr\/wp-content\/uploads\/2021\/07\/figaro-1.jpg\" class=\"elementor-animation-shrink attachment-large size-large wp-image-2488\" alt=\"\" srcset=\"https:\/\/www.moulie.fr\/wp-content\/uploads\/2021\/07\/figaro-1.jpg 500w, https:\/\/www.moulie.fr\/wp-content\/uploads\/2021\/07\/figaro-1-400x224.jpg 400w\" sizes=\"(max-width: 500px) 100vw, 500px\" \/>\t\t\t\t\t\t\t\t\t\t\t\t\t\t\t<\/div>\n\t\t\t\t<\/div>\n\t\t\t\t<div class=\"elementor-element elementor-element-d425895 elementor-widget elementor-widget-heading\" data-id=\"d425895\" data-element_type=\"widget\" data-widget_type=\"heading.default\">\n\t\t\t\t<div class=\"elementor-widget-container\">\n\t\t\t<p class=\"elementor-heading-title elementor-size-default\"><a href=\"https:\/\/www.lefigaro.fr\/lifestyle\/julien-moulie-le-terrien-parisien-20191027\">Interview<\/a><\/p>\t\t<\/div>\n\t\t\t\t<\/div>\n\t\t\t\t<div class=\"elementor-element elementor-element-dbed14a elementor-widget elementor-widget-heading\" data-id=\"dbed14a\" data-element_type=\"widget\" data-widget_type=\"heading.default\">\n\t\t\t\t<div class=\"elementor-widget-container\">\n\t\t\t<p class=\"elementor-heading-title elementor-size-default\"><a href=\"https:\/\/www.lefigaro.fr\/lifestyle\/julien-moulie-le-terrien-parisien-20191027\">Lire l'article<\/a><\/p>\t\t<\/div>\n\t\t\t\t<\/div>\n\t\t\t\t\t<\/div>\r\n\t\t\t\t<\/div>\r\n\t\t\t\t<div class=\"elementor-column elementor-col-50 elementor-inner-column elementor-element elementor-element-8186826\" data-id=\"8186826\" data-element_type=\"column\">\r\n\t\t\t\t\t<div class=\"elementor-widget-wrap elementor-element-populated\">\r\n\t\t\t\t\t\t\t\t<div class=\"elementor-element elementor-element-6845f93 elementor-widget elementor-widget-image\" data-id=\"6845f93\" data-element_type=\"widget\" data-widget_type=\"image.default\">\n\t\t\t\t<div class=\"elementor-widget-container\">\n\t\t\t\t\t\t\t\t\t\t\t\t\t\t\t<img decoding=\"async\" width=\"500\" height=\"280\" src=\"https:\/\/www.moulie.fr\/wp-content\/uploads\/2021\/07\/LCI-1.jpg\" class=\"elementor-animation-shrink attachment-full size-full wp-image-2489\" alt=\"\" srcset=\"https:\/\/www.moulie.fr\/wp-content\/uploads\/2021\/07\/LCI-1.jpg 500w, https:\/\/www.moulie.fr\/wp-content\/uploads\/2021\/07\/LCI-1-400x224.jpg 400w\" sizes=\"(max-width: 500px) 100vw, 500px\" \/>\t\t\t\t\t\t\t\t\t\t\t\t\t\t\t<\/div>\n\t\t\t\t<\/div>\n\t\t\t\t<div class=\"elementor-element elementor-element-6d8af5b elementor-widget elementor-widget-heading\" data-id=\"6d8af5b\" data-element_type=\"widget\" data-widget_type=\"heading.default\">\n\t\t\t\t<div class=\"elementor-widget-container\">\n\t\t\t<p class=\"elementor-heading-title elementor-size-default\"><a href=\"https:\/\/www.lci.fr\/population\/video-ces-commercants-reconvertis-qui-contournent-le-confinement-fleuristes-grainetiers-depots-de-pain-2170013.html\">Voir la Vid\u00e9o<\/a><\/p>\t\t<\/div>\n\t\t\t\t<\/div>\n\t\t\t\t\t<\/div>\r\n\t\t\t\t<\/div>\r\n\t\t\t\t\t<\/div>\r\n\t\t\t\t<\/section>\r\n\t\t\t\t<section class=\"elementor-section elementor-inner-section elementor-element elementor-element-f544770 elementor-section-boxed elementor-section-height-default elementor-section-height-default\" data-id=\"f544770\" data-element_type=\"section\">\r\n\t\t\r\n\t\t\t\t\t\t\t<div class=\"elementor-container elementor-column-gap-default\">\r\n\t\t\t\t\t\t\t\t\t\t\t<div class=\"elementor-column elementor-col-50 elementor-inner-column elementor-element elementor-element-7bcce63\" data-id=\"7bcce63\" data-element_type=\"column\">\r\n\t\t\t\t\t<div class=\"elementor-widget-wrap elementor-element-populated\">\r\n\t\t\t\t\t\t\t\t<div class=\"elementor-element elementor-element-c9a3312 elementor-widget elementor-widget-image\" data-id=\"c9a3312\" data-element_type=\"widget\" data-widget_type=\"image.default\">\n\t\t\t\t<div class=\"elementor-widget-container\">\n\t\t\t\t\t\t\t\t\t\t\t\t\t\t\t<img decoding=\"async\" width=\"500\" height=\"280\" src=\"https:\/\/www.moulie.fr\/wp-content\/uploads\/2021\/07\/quintessence-2.jpeg\" class=\"elementor-animation-shrink attachment-full size-full wp-image-2487\" alt=\"\" srcset=\"https:\/\/www.moulie.fr\/wp-content\/uploads\/2021\/07\/quintessence-2.jpeg 500w, https:\/\/www.moulie.fr\/wp-content\/uploads\/2021\/07\/quintessence-2-400x224.jpeg 400w\" sizes=\"(max-width: 500px) 100vw, 500px\" \/>\t\t\t\t\t\t\t\t\t\t\t\t\t\t\t<\/div>\n\t\t\t\t<\/div>\n\t\t\t\t<div class=\"elementor-element elementor-element-babf3f2 elementor-widget elementor-widget-heading\" data-id=\"babf3f2\" data-element_type=\"widget\" data-widget_type=\"heading.default\">\n\t\t\t\t<div class=\"elementor-widget-container\">\n\t\t\t<p class=\"elementor-heading-title elementor-size-default\"><a href=\"https:\/\/quintessence-paris.com\/interview-parfumee-de-julien-moulie-4\/\">Interview<\/a><\/p>\t\t<\/div>\n\t\t\t\t<\/div>\n\t\t\t\t\t<\/div>\r\n\t\t\t\t<\/div>\r\n\t\t\t\t<div class=\"elementor-column elementor-col-50 elementor-inner-column elementor-element elementor-element-f1f38af\" data-id=\"f1f38af\" data-element_type=\"column\">\r\n\t\t\t\t\t<div class=\"elementor-widget-wrap elementor-element-populated\">\r\n\t\t\t\t\t\t\t\t<div class=\"elementor-element elementor-element-06fe627 elementor-widget elementor-widget-image\" data-id=\"06fe627\" data-element_type=\"widget\" data-widget_type=\"image.default\">\n\t\t\t\t<div class=\"elementor-widget-container\">\n\t\t\t\t\t\t\t\t\t\t\t\t\t\t\t<img decoding=\"async\" width=\"500\" height=\"280\" src=\"https:\/\/www.moulie.fr\/wp-content\/uploads\/2021\/09\/logo-jardinsdefrance.jpg\" class=\"elementor-animation-shrink attachment-full size-full wp-image-5740\" alt=\"\" srcset=\"https:\/\/www.moulie.fr\/wp-content\/uploads\/2021\/09\/logo-jardinsdefrance.jpg 500w, https:\/\/www.moulie.fr\/wp-content\/uploads\/2021\/09\/logo-jardinsdefrance-400x224.jpg 400w\" sizes=\"(max-width: 500px) 100vw, 500px\" \/>\t\t\t\t\t\t\t\t\t\t\t\t\t\t\t<\/div>\n\t\t\t\t<\/div>\n\t\t\t\t<div class=\"elementor-element elementor-element-7214ab2 elementor-widget elementor-widget-heading\" data-id=\"7214ab2\" data-element_type=\"widget\" data-widget_type=\"heading.default\">\n\t\t\t\t<div class=\"elementor-widget-container\">\n\t\t\t<p class=\"elementor-heading-title elementor-size-default\"><a href=\"https:\/\/www.jardinsdefrance.org\/moulie-fleurs-lart-maniere\/\">Lire l'article<\/a><\/p>\t\t<\/div>\n\t\t\t\t<\/div>\n\t\t\t\t\t<\/div>\r\n\t\t\t\t<\/div>\r\n\t\t\t\t\t<\/div>\r\n\t\t\t\t<\/section>\r\n\t\t\t\t\t<\/div>\r\n\t\t\t\t<\/div>\r\n\t\t\t\t<div class=\"elementor-column elementor-col-50 elementor-top-column elementor-element elementor-element-8b4d543\" data-id=\"8b4d543\" data-element_type=\"column\">\r\n\t\t\t\t\t<div class=\"elementor-widget-wrap elementor-element-populated\">\r\n\t\t\t\t\t\t\t\t<div class=\"elementor-element elementor-element-fe98381 elementor-widget elementor-widget-heading\" data-id=\"fe98381\" data-element_type=\"widget\" data-widget_type=\"heading.default\">\n\t\t\t\t<div class=\"elementor-widget-container\">\n\t\t\t<h2 class=\"elementor-heading-title elementor-size-default\">Cin\u00e9ma<\/h2>\t\t<\/div>\n\t\t\t\t<\/div>\n\t\t\t\t<div class=\"elementor-element elementor-element-1079ec3 elementor-widget elementor-widget-image\" data-id=\"1079ec3\" data-element_type=\"widget\" data-widget_type=\"image.default\">\n\t\t\t\t<div class=\"elementor-widget-container\">\n\t\t\t\t\t\t\t\t\t\t\t\t\t\t\t\t<a href=\"https:\/\/www.youtube.com\/watch?v=pa5aj3UFCoE\" target=\"_blank\">\n\t\t\t\t\t\t\t<img decoding=\"async\" width=\"1024\" height=\"424\" src=\"https:\/\/www.moulie.fr\/wp-content\/uploads\/2021\/11\/eiffel-1-1024x424.jpg\" class=\"elementor-animation-shrink attachment-large size-large wp-image-6333\" alt=\"\" srcset=\"https:\/\/www.moulie.fr\/wp-content\/uploads\/2021\/11\/eiffel-1-1024x424.jpg 1024w, https:\/\/www.moulie.fr\/wp-content\/uploads\/2021\/11\/eiffel-1-768x318.jpg 768w, https:\/\/www.moulie.fr\/wp-content\/uploads\/2021\/11\/eiffel-1-640x265.jpg 640w, https:\/\/www.moulie.fr\/wp-content\/uploads\/2021\/11\/eiffel-1-400x166.jpg 400w, https:\/\/www.moulie.fr\/wp-content\/uploads\/2021\/11\/eiffel-1-600x249.jpg 600w\" sizes=\"(max-width: 1024px) 100vw, 1024px\" \/>\t\t\t\t\t\t\t\t<\/a>\n\t\t\t\t\t\t\t\t\t\t\t\t\t\t\t<\/div>\n\t\t\t\t<\/div>\n\t\t\t\t<div class=\"elementor-element elementor-element-1d85482 elementor-widget elementor-widget-heading\" data-id=\"1d85482\" data-element_type=\"widget\" data-widget_type=\"heading.default\">\n\t\t\t\t<div class=\"elementor-widget-container\">\n\t\t\t<p class=\"elementor-heading-title elementor-size-default\"><a href=\"https:\/\/www.youtube.com\/watch?v=pa5aj3UFCoE\">Voir la bande annonce du film \"Eiffel\"<\/a><\/p>\t\t<\/div>\n\t\t\t\t<\/div>\n\t\t\t\t\t<\/div>\r\n\t\t\t\t<\/div>\r\n\t\t\t\t\t<\/div>\r\n\t\t\t\t<\/section>\r\n\t\t\t\t\t\t\t<\/div>","protected":false},"excerpt":{"rendered":"<p>Presse Interview Lire l&#8217;article Voir la Vid\u00e9o Interview Lire l&#8217;article Cin\u00e9ma Voir la bande annonce du film &#8220;Eiffel&#8221;<\/p>","protected":false},"author":1,"featured_media":0,"parent":0,"menu_order":0,"comment_status":"closed","ping_status":"closed","template":"","meta":{"inline_featured_image":false,"footnotes":""},"class_list":["post-2451","page","type-page","status-publish","hentry"],"yoast_head":"<!-- This site is optimized with the Yoast SEO plugin v21.3 - https:\/\/yoast.com\/wordpress\/plugins\/seo\/ -->\n<title>Articles de Presse &#8226; Mouli\u00e9<\/title>\n<meta name=\"robots\" content=\"index, follow, max-snippet:-1, max-image-preview:large, max-video-preview:-1\" \/>\n<link rel=\"canonical\" href=\"https:\/\/www.moulie.fr\/en\/articles-de-presse\/\" \/>\n<meta property=\"og:locale\" content=\"en_GB\" \/>\n<meta property=\"og:type\" content=\"article\" \/>\n<meta property=\"og:title\" content=\"Articles de Presse &#8226; Mouli\u00e9\" \/>\n<meta property=\"og:description\" content=\"Presse Interview Lire l&#8217;article Voir la Vid\u00e9o Interview Lire l&#8217;article Cin\u00e9ma Voir la bande annonce du film &#8220;Eiffel&#8221;\" \/>\n<meta property=\"og:url\" content=\"https:\/\/www.moulie.fr\/en\/articles-de-presse\/\" \/>\n<meta property=\"og:site_name\" content=\"Mouli\u00e9\" \/>\n<meta property=\"article:modified_time\" content=\"2021-11-02T14:56:26+00:00\" \/>\n<meta property=\"og:image\" content=\"https:\/\/moulie.fr\/wp-content\/uploads\/2021\/07\/figaro-1.jpg\" \/>\n<meta name=\"twitter:card\" content=\"summary_large_image\" \/>\n<script type=\"application\/ld+json\" class=\"yoast-schema-graph\">{\"@context\":\"https:\/\/schema.org\",\"@graph\":[{\"@type\":\"WebPage\",\"@id\":\"https:\/\/www.moulie.fr\/articles-de-presse\/\",\"url\":\"https:\/\/www.moulie.fr\/articles-de-presse\/\",\"name\":\"Articles de Presse &#8226; Mouli\u00e9\",\"isPartOf\":{\"@id\":\"https:\/\/www.moulie.fr\/#website\"},\"datePublished\":\"2021-07-12T13:36:31+00:00\",\"dateModified\":\"2021-11-02T14:56:26+00:00\",\"breadcrumb\":{\"@id\":\"https:\/\/www.moulie.fr\/articles-de-presse\/#breadcrumb\"},\"inLanguage\":\"en-GB\",\"potentialAction\":[{\"@type\":\"ReadAction\",\"target\":[\"https:\/\/www.moulie.fr\/articles-de-presse\/\"]}]},{\"@type\":\"BreadcrumbList\",\"@id\":\"https:\/\/www.moulie.fr\/articles-de-presse\/#breadcrumb\",\"itemListElement\":[{\"@type\":\"ListItem\",\"position\":1,\"name\":\"Accueil\",\"item\":\"https:\/\/www.moulie.fr\/\"},{\"@type\":\"ListItem\",\"position\":2,\"name\":\"Articles de Presse\"}]},{\"@type\":\"WebSite\",\"@id\":\"https:\/\/www.moulie.fr\/#website\",\"url\":\"https:\/\/www.moulie.fr\/\",\"name\":\"Mouli\u00e9\",\"description\":\"D\u00e9corateur floral\",\"publisher\":{\"@id\":\"https:\/\/www.moulie.fr\/#organization\"},\"potentialAction\":[{\"@type\":\"SearchAction\",\"target\":{\"@type\":\"EntryPoint\",\"urlTemplate\":\"https:\/\/www.moulie.fr\/?s={search_term_string}\"},\"query-input\":\"required name=search_term_string\"}],\"inLanguage\":\"en-GB\"},{\"@type\":\"Organization\",\"@id\":\"https:\/\/www.moulie.fr\/#organization\",\"name\":\"Mouli\u00e9\",\"url\":\"https:\/\/www.moulie.fr\/\",\"logo\":{\"@type\":\"ImageObject\",\"inLanguage\":\"en-GB\",\"@id\":\"https:\/\/www.moulie.fr\/#\/schema\/logo\/image\/\",\"url\":\"https:\/\/www.moulie.fr\/wp-content\/uploads\/2021\/06\/logo_moulie.png\",\"contentUrl\":\"https:\/\/www.moulie.fr\/wp-content\/uploads\/2021\/06\/logo_moulie.png\",\"width\":1299,\"height\":1231,\"caption\":\"Mouli\u00e9\"},\"image\":{\"@id\":\"https:\/\/www.moulie.fr\/#\/schema\/logo\/image\/\"},\"sameAs\":[\"https:\/\/www.instagram.com\/julienmoulie\/\"]}]}<\/script>\n<!-- \/ Yoast SEO plugin. -->","yoast_head_json":{"title":"Articles de Presse &#8226; Mouli\u00e9","robots":{"index":"index","follow":"follow","max-snippet":"max-snippet:-1","max-image-preview":"max-image-preview:large","max-video-preview":"max-video-preview:-1"},"canonical":"https:\/\/www.moulie.fr\/en\/articles-de-presse\/","og_locale":"en_GB","og_type":"article","og_title":"Articles de Presse &#8226; Mouli\u00e9","og_description":"Presse Interview Lire l&#8217;article Voir la Vid\u00e9o Interview Lire l&#8217;article Cin\u00e9ma Voir la bande annonce du film &#8220;Eiffel&#8221;","og_url":"https:\/\/www.moulie.fr\/en\/articles-de-presse\/","og_site_name":"Mouli\u00e9","article_modified_time":"2021-11-02T14:56:26+00:00","og_image":[{"url":"https:\/\/moulie.fr\/wp-content\/uploads\/2021\/07\/figaro-1.jpg"}],"twitter_card":"summary_large_image","schema":{"@context":"https:\/\/schema.org","@graph":[{"@type":"WebPage","@id":"https:\/\/www.moulie.fr\/articles-de-presse\/","url":"https:\/\/www.moulie.fr\/articles-de-presse\/","name":"Articles de Presse &#8226; Mouli\u00e9","isPartOf":{"@id":"https:\/\/www.moulie.fr\/#website"},"datePublished":"2021-07-12T13:36:31+00:00","dateModified":"2021-11-02T14:56:26+00:00","breadcrumb":{"@id":"https:\/\/www.moulie.fr\/articles-de-presse\/#breadcrumb"},"inLanguage":"en-GB","potentialAction":[{"@type":"ReadAction","target":["https:\/\/www.moulie.fr\/articles-de-presse\/"]}]},{"@type":"BreadcrumbList","@id":"https:\/\/www.moulie.fr\/articles-de-presse\/#breadcrumb","itemListElement":[{"@type":"ListItem","position":1,"name":"Accueil","item":"https:\/\/www.moulie.fr\/"},{"@type":"ListItem","position":2,"name":"Articles de Presse"}]},{"@type":"WebSite","@id":"https:\/\/www.moulie.fr\/#website","url":"https:\/\/www.moulie.fr\/","name":"Mouli\u00e9","description":"D\u00e9corateur floral","publisher":{"@id":"https:\/\/www.moulie.fr\/#organization"},"potentialAction":[{"@type":"SearchAction","target":{"@type":"EntryPoint","urlTemplate":"https:\/\/www.moulie.fr\/?s={search_term_string}"},"query-input":"required name=search_term_string"}],"inLanguage":"en-GB"},{"@type":"Organization","@id":"https:\/\/www.moulie.fr\/#organization","name":"Mouli\u00e9","url":"https:\/\/www.moulie.fr\/","logo":{"@type":"ImageObject","inLanguage":"en-GB","@id":"https:\/\/www.moulie.fr\/#\/schema\/logo\/image\/","url":"https:\/\/www.moulie.fr\/wp-content\/uploads\/2021\/06\/logo_moulie.png","contentUrl":"https:\/\/www.moulie.fr\/wp-content\/uploads\/2021\/06\/logo_moulie.png","width":1299,"height":1231,"caption":"Mouli\u00e9"},"image":{"@id":"https:\/\/www.moulie.fr\/#\/schema\/logo\/image\/"},"sameAs":["https:\/\/www.instagram.com\/julienmoulie\/"]}]}},"_links":{"self":[{"href":"https:\/\/www.moulie.fr\/en\/wp-json\/wp\/v2\/pages\/2451","targetHints":{"allow":["GET"]}}],"collection":[{"href":"https:\/\/www.moulie.fr\/en\/wp-json\/wp\/v2\/pages"}],"about":[{"href":"https:\/\/www.moulie.fr\/en\/wp-json\/wp\/v2\/types\/page"}],"author":[{"embeddable":true,"href":"https:\/\/www.moulie.fr\/en\/wp-json\/wp\/v2\/users\/1"}],"replies":[{"embeddable":true,"href":"https:\/\/www.moulie.fr\/en\/wp-json\/wp\/v2\/comments?post=2451"}],"version-history":[{"count":119,"href":"https:\/\/www.moulie.fr\/en\/wp-json\/wp\/v2\/pages\/2451\/revisions"}],"predecessor-version":[{"id":6417,"href":"https:\/\/www.moulie.fr\/en\/wp-json\/wp\/v2\/pages\/2451\/revisions\/6417"}],"wp:attachment":[{"href":"https:\/\/www.moulie.fr\/en\/wp-json\/wp\/v2\/media?parent=2451"}],"curies":[{"name":"wp","href":"https:\/\/api.w.org\/{rel}","templated":true}]}}