{"id":2346,"date":"2021-06-29T08:57:09","date_gmt":"2021-06-29T08:57:09","guid":{"rendered":"https:\/\/moulie.fr\/?page_id=2346"},"modified":"2021-06-29T08:57:28","modified_gmt":"2021-06-29T08:57:28","slug":"plan-du-site","status":"publish","type":"page","link":"https:\/\/www.moulie.fr\/en\/plan-du-site\/","title":{"rendered":"Plan du site"},"content":{"rendered":"<div data-elementor-type=\"wp-page\" data-elementor-id=\"2346\" class=\"elementor elementor-2346\" data-elementor-post-type=\"page\">\n\t\t\t\t\t\t\t\t\t<section class=\"elementor-section elementor-top-section elementor-element elementor-element-bf5400c elementor-section-boxed elementor-section-height-default elementor-section-height-default\" data-id=\"bf5400c\" data-element_type=\"section\">\r\n\t\t\r\n\t\t\t\t\t\t\t<div class=\"elementor-container elementor-column-gap-default\">\r\n\t\t\t\t\t\t\t\t\t\t\t<div class=\"elementor-column elementor-col-100 elementor-top-column elementor-element elementor-element-066a262\" data-id=\"066a262\" data-element_type=\"column\">\r\n\t\t\t\t\t<div class=\"elementor-widget-wrap elementor-element-populated\">\r\n\t\t\t\t\t\t\t\t<div class=\"elementor-element elementor-element-c3b2c6f elementor-widget elementor-widget-text-editor\" data-id=\"c3b2c6f\" data-element_type=\"widget\" data-widget_type=\"text-editor.default\">\n\t\t\t\t<div class=\"elementor-widget-container\">\n\t\t\t\t\t\t\t<p><div class=\"wsp-container\"><h2 class=\"wsp-pages-title\">Pages<\/h2>\n<ul class=\"wsp-pages-list\">\n<li class=\"page_item page-item-2451\"><a href=\"https:\/\/www.moulie.fr\/en\/articles-de-presse\/\">Press articles<\/a><\/li>\n<li class=\"page_item page-item-2228\"><a href=\"https:\/\/www.moulie.fr\/en\/arts-de-la-table\/\">Arts de la Table<\/a><\/li>\n<li class=\"page_item page-item-11 current_page_parent\"><a href=\"https:\/\/www.moulie.fr\/en\/blog\/\">Blog<\/a><\/li>\n<li class=\"page_item page-item-3756\"><a href=\"https:\/\/www.moulie.fr\/en\/boutique-test\/\">boutique-test<\/a><\/li>\n<li class=\"page_item page-item-5173\"><a href=\"https:\/\/www.moulie.fr\/en\/cgv\/\">Terms of Sales<\/a><\/li>\n<li class=\"page_item page-item-5113\"><a href=\"https:\/\/www.moulie.fr\/en\/contact\/\">Contact<\/a><\/li>\n<li class=\"page_item page-item-2299\"><a href=\"https:\/\/www.moulie.fr\/en\/evenementiel\/\">Event<\/a><\/li>\n<li class=\"page_item page-item-2\"><a href=\"https:\/\/www.moulie.fr\/en\/home\/\">Home<\/a><\/li>\n<li class=\"page_item page-item-2199\"><a href=\"https:\/\/www.moulie.fr\/en\/jardins-et-terrasses\/\">Jardins et terrasses<\/a><\/li>\n<li class=\"page_item page-item-4874\"><a href=\"https:\/\/www.moulie.fr\/en\/abonnement\/\">L&#8217;Abonnement<\/a><\/li>\n<li class=\"page_item page-item-4411\"><a href=\"https:\/\/www.moulie.fr\/en\/la-boutique\/\">The Store<\/a><\/li>\n<li class=\"page_item page-item-1580\"><a href=\"https:\/\/www.moulie.fr\/en\/la-pepiniere\/\">Nursery<\/a><\/li>\n<li class=\"page_item page-item-4498\"><a href=\"https:\/\/www.moulie.fr\/en\/les-bouquets\/\">The Bouquets<\/a><\/li>\n<li class=\"page_item page-item-2371\"><a href=\"https:\/\/www.moulie.fr\/en\/les-creations\/\">Creations<\/a><\/li>\n<li class=\"page_item page-item-4552\"><a href=\"https:\/\/www.moulie.fr\/en\/les-objets\/\">Deco<\/a><\/li>\n<li class=\"page_item page-item-4538\"><a href=\"https:\/\/www.moulie.fr\/en\/les-orchidees\/\">Orchids<\/a><\/li>\n<li class=\"page_item page-item-3511\"><a href=\"https:\/\/www.moulie.fr\/en\/services\/\">Services<\/a><\/li>\n<li class=\"page_item page-item-9\"><a href=\"https:\/\/www.moulie.fr\/en\/mon-compte\/\">Mon compte<\/a><\/li>\n<li class=\"page_item page-item-1277\"><a href=\"https:\/\/www.moulie.fr\/en\/\">Mouli\u00e9, D\u00e9corateur Floral \u00e0 Paris<\/a><\/li>\n<li class=\"page_item page-item-2866\"><a href=\"https:\/\/www.moulie.fr\/en\/une-histoire-de-famille\/\">Mouli\u00e9, a family story<\/a><\/li>\n<li class=\"page_item page-item-10\"><a href=\"https:\/\/www.moulie.fr\/en\/my-account-old\/\">My account<\/a><\/li>\n<li class=\"page_item page-item-8\"><a href=\"https:\/\/www.moulie.fr\/en\/paiement\/\">Paiement<\/a><\/li>\n<li class=\"page_item page-item-363\"><a href=\"https:\/\/www.moulie.fr\/en\/panier\/\">Panier<\/a><\/li>\n<li class=\"page_item page-item-2346\"><a href=\"https:\/\/www.moulie.fr\/en\/plan-du-site\/\">Plan du site<\/a><\/li>\n<li class=\"page_item page-item-5092\"><a href=\"https:\/\/www.moulie.fr\/en\/politique-des-cookies\/\">Cookies policy<\/a><\/li>\n<li class=\"page_item page-item-7\"><a href=\"https:\/\/www.moulie.fr\/en\/shop\/\">Shop<\/a><\/li>\n<li class=\"page_item page-item-5\"><a href=\"https:\/\/www.moulie.fr\/en\/wishlist\/\">Wishlist<\/a><\/li>\n<\/ul>\n<h2 class=\"wsp-elementor_librarys-title\">My Templates<\/h2>\n<ul class=\"wsp-elementor_librarys-list\">\n<li><a href=\"https:\/\/www.moulie.fr\/en\/?elementor_library=abonnement\">Subscription<\/a><\/li>\n<li><a href=\"https:\/\/www.moulie.fr\/en\/?elementor_library=kit-par-defaut\">Kit par d\u00e9faut<\/a><\/li>\n<li><a href=\"https:\/\/www.moulie.fr\/en\/?elementor_library=default-kit\">Default Kit<\/a><\/li>\n<\/ul>\n<h2 class=\"wsp-products-title\">Products<\/h2>\n<ul class=\"wsp-products-list\">\n<li><a href=\"https:\/\/www.moulie.fr\/en\/la-boutique\/elegant\/\">L&#8217;El\u00e9gant<\/a><\/li>\n<li><a href=\"https:\/\/www.moulie.fr\/en\/la-boutique\/orchidees-roses-cascades-2\/\">Orchid\u00e9es Roses Cascades<\/a><\/li>\n<li><a href=\"https:\/\/www.moulie.fr\/en\/la-boutique\/abonnement\/\">L&#8217;Abonnement<\/a><\/li>\n<li><a href=\"https:\/\/www.moulie.fr\/en\/la-boutique\/coco-fesses\/\">The Coco-buttocks<\/a><\/li>\n<li><a href=\"https:\/\/www.moulie.fr\/en\/la-boutique\/vase-fougere-arbustive\/\">Shrub Fern Vase<\/a><\/li>\n<li><a href=\"https:\/\/www.moulie.fr\/en\/la-boutique\/vase-carambole\/\">Carambola vase<\/a><\/li>\n<li><a href=\"https:\/\/www.moulie.fr\/en\/la-boutique\/vase-haut-fougere-arbustive\/\">Tall Shrub Fern Vase<\/a><\/li>\n<li><a href=\"https:\/\/www.moulie.fr\/en\/la-boutique\/vase-nepenthes-dore\/\">Nepenthes golden vase<\/a><\/li>\n<li><a href=\"https:\/\/www.moulie.fr\/en\/la-boutique\/vase-nepenthes-argente\/\">Silver Nepenthes vase<\/a><\/li>\n<li><a href=\"https:\/\/www.moulie.fr\/en\/la-boutique\/parfum-ambiance\/\">Parfum d&#8217;ambiance<\/a><\/li>\n<li><a href=\"https:\/\/www.moulie.fr\/en\/la-boutique\/le-rural\/\">Le Rural<\/a><\/li>\n<li><a href=\"https:\/\/www.moulie.fr\/en\/la-boutique\/le-mondain\/\">Le Mondain<\/a><\/li>\n<li><a href=\"https:\/\/www.moulie.fr\/en\/la-boutique\/le-poetique\/\">Le Po\u00e9tique<\/a><\/li>\n<li><a href=\"https:\/\/www.moulie.fr\/en\/la-boutique\/le-moulie\/\">Le Mouli\u00e9<\/a><\/li>\n<li><a href=\"https:\/\/www.moulie.fr\/en\/la-boutique\/le-colore\/\">Le Color\u00e9<\/a><\/li>\n<li><a href=\"https:\/\/www.moulie.fr\/en\/la-boutique\/le-pastel\/\">Le Pastel<\/a><\/li>\n<li><a href=\"https:\/\/www.moulie.fr\/en\/la-boutique\/i-love-you\/\">I Love You<\/a><\/li>\n<li><a href=\"https:\/\/www.moulie.fr\/en\/la-boutique\/bougie-parfumee\/\">Scented candle<\/a><\/li>\n<li><a href=\"https:\/\/www.moulie.fr\/en\/la-boutique\/orchidees-roses-cascades\/\">Orchid\u00e9es Roses Cascades<\/a><\/li>\n<li><a href=\"https:\/\/www.moulie.fr\/en\/la-boutique\/orchidees-blanches-cascades\/\">Orchid\u00e9es Blanches Cascades<\/a><\/li>\n<\/ul>\n<h2 class=\"wsp-porto_builders-title\">Templates Builder<\/h2>\n<ul class=\"wsp-porto_builders-list\">\n<li><a href=\"https:\/\/www.moulie.fr\/en\/?porto_builder=produit\">Produit<\/a><\/li>\n<li><a href=\"https:\/\/www.moulie.fr\/en\/?porto_builder=header-moulie\">header mouli\u00e9<\/a><\/li>\n<li><a href=\"https:\/\/www.moulie.fr\/en\/?porto_builder=footer-top\">Footer Top<\/a><\/li>\n<\/ul>\n<h2 class=\"wsp-product_cats-title\">Product categories<\/h2>\n<ul class=\"wsp-product_cats-list\">\n<li><a href=\"https:\/\/www.moulie.fr\/en\/product-category\/abonnement\/\">Subscription<\/a><\/li>\n<li><a href=\"https:\/\/www.moulie.fr\/en\/product-category\/les-bouquets\/boite-a-chapeau\/\">Bo\u00eete \u00e0 Chapeau<\/a><\/li>\n<li><a href=\"https:\/\/www.moulie.fr\/en\/product-category\/les-bouquets\/fleurs-de-saison\/\">Fleurs de Saison<\/a><\/li>\n<li><a href=\"https:\/\/www.moulie.fr\/en\/product-category\/les-bouquets\/\">The Bouquets<\/a><\/li>\n<li><a href=\"https:\/\/www.moulie.fr\/en\/product-category\/les-objets\/\">Deco<\/a><\/li>\n<li><a href=\"https:\/\/www.moulie.fr\/en\/product-category\/les-orchidees\/\">Orchids<\/a><\/li>\n<li><a href=\"https:\/\/www.moulie.fr\/en\/product-category\/les-bouquets\/roses-melangees\/\">Roses m\u00e9lang\u00e9es<\/a><\/li>\n<li><a href=\"https:\/\/www.moulie.fr\/en\/product-category\/les-bouquets\/roses-rouges\/\">Roses rouges<\/a><\/li>\n<\/ul>\n<h2 class=\"wsp-product_shipping_classs-title\">Product shipping classes<\/h2>\n<ul class=\"wsp-product_shipping_classs-list\">\n<li><a href=\"https:\/\/www.moulie.fr\/en\/?taxonomy=product_shipping_class&amp;term=abonnement-paris\">Abonnement Paris<\/a><\/li>\n<\/ul>\n<\/div><\/p>\t\t\t\t\t\t<\/div>\n\t\t\t\t<\/div>\n\t\t\t\t\t<\/div>\r\n\t\t\t\t<\/div>\r\n\t\t\t\t\t<\/div>\r\n\t\t\t\t<\/section>\r\n\t\t\t\t\t\t\t<\/div>","protected":false},"excerpt":{"rendered":"","protected":false},"author":1,"featured_media":0,"parent":0,"menu_order":0,"comment_status":"closed","ping_status":"closed","template":"","meta":{"inline_featured_image":false,"footnotes":""},"class_list":["post-2346","page","type-page","status-publish","hentry"],"yoast_head":"<!-- This site is optimized with the Yoast SEO plugin v21.3 - https:\/\/yoast.com\/wordpress\/plugins\/seo\/ -->\n<title>Plan du site &#8226; Mouli\u00e9<\/title>\n<meta name=\"robots\" content=\"index, follow, max-snippet:-1, max-image-preview:large, max-video-preview:-1\" \/>\n<link rel=\"canonical\" href=\"https:\/\/www.moulie.fr\/en\/plan-du-site\/\" \/>\n<meta property=\"og:locale\" content=\"en_GB\" \/>\n<meta property=\"og:type\" content=\"article\" \/>\n<meta property=\"og:title\" content=\"Plan du site &#8226; Mouli\u00e9\" \/>\n<meta property=\"og:url\" content=\"https:\/\/www.moulie.fr\/en\/plan-du-site\/\" \/>\n<meta property=\"og:site_name\" content=\"Mouli\u00e9\" \/>\n<meta property=\"article:modified_time\" content=\"2021-06-29T08:57:28+00:00\" \/>\n<meta name=\"twitter:card\" content=\"summary_large_image\" \/>\n<script type=\"application\/ld+json\" class=\"yoast-schema-graph\">{\"@context\":\"https:\/\/schema.org\",\"@graph\":[{\"@type\":\"WebPage\",\"@id\":\"https:\/\/www.moulie.fr\/plan-du-site\/\",\"url\":\"https:\/\/www.moulie.fr\/plan-du-site\/\",\"name\":\"Plan du site &#8226; Mouli\u00e9\",\"isPartOf\":{\"@id\":\"https:\/\/www.moulie.fr\/#website\"},\"datePublished\":\"2021-06-29T08:57:09+00:00\",\"dateModified\":\"2021-06-29T08:57:28+00:00\",\"breadcrumb\":{\"@id\":\"https:\/\/www.moulie.fr\/plan-du-site\/#breadcrumb\"},\"inLanguage\":\"en-GB\",\"potentialAction\":[{\"@type\":\"ReadAction\",\"target\":[\"https:\/\/www.moulie.fr\/plan-du-site\/\"]}]},{\"@type\":\"BreadcrumbList\",\"@id\":\"https:\/\/www.moulie.fr\/plan-du-site\/#breadcrumb\",\"itemListElement\":[{\"@type\":\"ListItem\",\"position\":1,\"name\":\"Accueil\",\"item\":\"https:\/\/www.moulie.fr\/\"},{\"@type\":\"ListItem\",\"position\":2,\"name\":\"Plan du site\"}]},{\"@type\":\"WebSite\",\"@id\":\"https:\/\/www.moulie.fr\/#website\",\"url\":\"https:\/\/www.moulie.fr\/\",\"name\":\"Mouli\u00e9\",\"description\":\"D\u00e9corateur floral\",\"publisher\":{\"@id\":\"https:\/\/www.moulie.fr\/#organization\"},\"potentialAction\":[{\"@type\":\"SearchAction\",\"target\":{\"@type\":\"EntryPoint\",\"urlTemplate\":\"https:\/\/www.moulie.fr\/?s={search_term_string}\"},\"query-input\":\"required name=search_term_string\"}],\"inLanguage\":\"en-GB\"},{\"@type\":\"Organization\",\"@id\":\"https:\/\/www.moulie.fr\/#organization\",\"name\":\"Mouli\u00e9\",\"url\":\"https:\/\/www.moulie.fr\/\",\"logo\":{\"@type\":\"ImageObject\",\"inLanguage\":\"en-GB\",\"@id\":\"https:\/\/www.moulie.fr\/#\/schema\/logo\/image\/\",\"url\":\"https:\/\/www.moulie.fr\/wp-content\/uploads\/2021\/06\/logo_moulie.png\",\"contentUrl\":\"https:\/\/www.moulie.fr\/wp-content\/uploads\/2021\/06\/logo_moulie.png\",\"width\":1299,\"height\":1231,\"caption\":\"Mouli\u00e9\"},\"image\":{\"@id\":\"https:\/\/www.moulie.fr\/#\/schema\/logo\/image\/\"},\"sameAs\":[\"https:\/\/www.instagram.com\/julienmoulie\/\"]}]}<\/script>\n<!-- \/ Yoast SEO plugin. -->","yoast_head_json":{"title":"Plan du site &#8226; Mouli\u00e9","robots":{"index":"index","follow":"follow","max-snippet":"max-snippet:-1","max-image-preview":"max-image-preview:large","max-video-preview":"max-video-preview:-1"},"canonical":"https:\/\/www.moulie.fr\/en\/plan-du-site\/","og_locale":"en_GB","og_type":"article","og_title":"Plan du site &#8226; Mouli\u00e9","og_url":"https:\/\/www.moulie.fr\/en\/plan-du-site\/","og_site_name":"Mouli\u00e9","article_modified_time":"2021-06-29T08:57:28+00:00","twitter_card":"summary_large_image","schema":{"@context":"https:\/\/schema.org","@graph":[{"@type":"WebPage","@id":"https:\/\/www.moulie.fr\/plan-du-site\/","url":"https:\/\/www.moulie.fr\/plan-du-site\/","name":"Plan du site &#8226; Mouli\u00e9","isPartOf":{"@id":"https:\/\/www.moulie.fr\/#website"},"datePublished":"2021-06-29T08:57:09+00:00","dateModified":"2021-06-29T08:57:28+00:00","breadcrumb":{"@id":"https:\/\/www.moulie.fr\/plan-du-site\/#breadcrumb"},"inLanguage":"en-GB","potentialAction":[{"@type":"ReadAction","target":["https:\/\/www.moulie.fr\/plan-du-site\/"]}]},{"@type":"BreadcrumbList","@id":"https:\/\/www.moulie.fr\/plan-du-site\/#breadcrumb","itemListElement":[{"@type":"ListItem","position":1,"name":"Accueil","item":"https:\/\/www.moulie.fr\/"},{"@type":"ListItem","position":2,"name":"Plan du site"}]},{"@type":"WebSite","@id":"https:\/\/www.moulie.fr\/#website","url":"https:\/\/www.moulie.fr\/","name":"Mouli\u00e9","description":"D\u00e9corateur floral","publisher":{"@id":"https:\/\/www.moulie.fr\/#organization"},"potentialAction":[{"@type":"SearchAction","target":{"@type":"EntryPoint","urlTemplate":"https:\/\/www.moulie.fr\/?s={search_term_string}"},"query-input":"required name=search_term_string"}],"inLanguage":"en-GB"},{"@type":"Organization","@id":"https:\/\/www.moulie.fr\/#organization","name":"Mouli\u00e9","url":"https:\/\/www.moulie.fr\/","logo":{"@type":"ImageObject","inLanguage":"en-GB","@id":"https:\/\/www.moulie.fr\/#\/schema\/logo\/image\/","url":"https:\/\/www.moulie.fr\/wp-content\/uploads\/2021\/06\/logo_moulie.png","contentUrl":"https:\/\/www.moulie.fr\/wp-content\/uploads\/2021\/06\/logo_moulie.png","width":1299,"height":1231,"caption":"Mouli\u00e9"},"image":{"@id":"https:\/\/www.moulie.fr\/#\/schema\/logo\/image\/"},"sameAs":["https:\/\/www.instagram.com\/julienmoulie\/"]}]}},"_links":{"self":[{"href":"https:\/\/www.moulie.fr\/en\/wp-json\/wp\/v2\/pages\/2346","targetHints":{"allow":["GET"]}}],"collection":[{"href":"https:\/\/www.moulie.fr\/en\/wp-json\/wp\/v2\/pages"}],"about":[{"href":"https:\/\/www.moulie.fr\/en\/wp-json\/wp\/v2\/types\/page"}],"author":[{"embeddable":true,"href":"https:\/\/www.moulie.fr\/en\/wp-json\/wp\/v2\/users\/1"}],"replies":[{"embeddable":true,"href":"https:\/\/www.moulie.fr\/en\/wp-json\/wp\/v2\/comments?post=2346"}],"version-history":[{"count":4,"href":"https:\/\/www.moulie.fr\/en\/wp-json\/wp\/v2\/pages\/2346\/revisions"}],"predecessor-version":[{"id":2350,"href":"https:\/\/www.moulie.fr\/en\/wp-json\/wp\/v2\/pages\/2346\/revisions\/2350"}],"wp:attachment":[{"href":"https:\/\/www.moulie.fr\/en\/wp-json\/wp\/v2\/media?parent=2346"}],"curies":[{"name":"wp","href":"https:\/\/api.w.org\/{rel}","templated":true}]}}