{"id":1277,"date":"2021-06-09T13:14:58","date_gmt":"2021-06-09T13:14:58","guid":{"rendered":"https:\/\/moulie.fr\/?page_id=1277"},"modified":"2021-11-09T10:28:55","modified_gmt":"2021-11-09T09:28:55","slug":"moulie-video","status":"publish","type":"page","link":"https:\/\/www.moulie.fr\/en\/","title":{"rendered":"Mouli\u00e9, D\u00e9corateur Floral \u00e0 Paris"},"content":{"rendered":"<div data-elementor-type=\"wp-page\" data-elementor-id=\"1277\" class=\"elementor elementor-1277\" data-elementor-post-type=\"page\">\n\t\t\t\t\t\t\t\t\t<section class=\"elementor-section elementor-top-section elementor-element elementor-element-7520528 elementor-section-full_width elementor-section-height-min-height elementor-section-height-default elementor-section-items-middle\" data-id=\"7520528\" data-element_type=\"section\" data-settings=\"{&quot;background_background&quot;:&quot;video&quot;,&quot;background_video_link&quot;:&quot;https:\\\/\\\/youtu.be\\\/qAeO_HMMAW0&quot;,&quot;background_play_on_mobile&quot;:&quot;yes&quot;,&quot;background_privacy_mode&quot;:&quot;yes&quot;}\">\r\n\t\t\t\t\t\t\t<div class=\"elementor-background-video-container\">\r\n\t\t\t\t\t\t\t\t\t\t\t\t<div class=\"elementor-background-video-embed\"><\/div>\r\n\t\t\t\t\t\t\t\t\t\t\t\t<\/div>\r\n\t\t\t\t\t\t\t\t\t<div class=\"elementor-background-overlay\"><\/div>\r\n\t\t\t\r\n\t\t\t\t\t\t\t<div class=\"elementor-container elementor-column-gap-default\">\r\n\t\t\t\t\t\t\t\t\t\t\t<div class=\"elementor-column elementor-col-100 elementor-top-column elementor-element elementor-element-c2a73a4\" data-id=\"c2a73a4\" data-element_type=\"column\">\r\n\t\t\t\t\t<div class=\"elementor-widget-wrap elementor-element-populated\">\r\n\t\t\t\t\t\t\t\t<div class=\"elementor-element elementor-element-da936aa elementor-nav-menu__align-center elementor-nav-menu--dropdown-none elementor-widget elementor-widget-nav-menu\" data-id=\"da936aa\" data-element_type=\"widget\" data-settings=\"{&quot;submenu_icon&quot;:{&quot;value&quot;:&quot;&lt;i class=\\&quot;\\&quot;&gt;&lt;\\\/i&gt;&quot;,&quot;library&quot;:&quot;&quot;},&quot;layout&quot;:&quot;horizontal&quot;}\" data-widget_type=\"nav-menu.default\">\n\t\t\t\t<div class=\"elementor-widget-container\">\n\t\t\t\t\t\t<nav class=\"elementor-nav-menu--main elementor-nav-menu__container elementor-nav-menu--layout-horizontal e--pointer-none\">\n\t\t\t\t<ul id=\"menu-1-da936aa\" class=\"elementor-nav-menu\"><li class=\"trp-language-switcher-container menu-item menu-item-type-post_type menu-item-object-language_switcher current-language-menu-item menu-item-5493\"><a href=\"https:\/\/www.moulie.fr\/en\/wp-json\/wp\/v2\/pages\/1277\" class=\"elementor-item\"><span data-no-translation><span class=\"trp-ls-language-name\">EN<\/span><\/span><\/a><\/li>\n<li class=\"trp-language-switcher-container menu-item menu-item-type-post_type menu-item-object-language_switcher menu-item-5494\"><a href=\"https:\/\/www.moulie.fr\/wp-json\/wp\/v2\/pages\/1277\/\" class=\"elementor-item elementor-item-anchor\"><span data-no-translation><span class=\"trp-ls-language-name\">FR<\/span><\/span><\/a><\/li>\n<\/ul>\t\t\t<\/nav>\n\t\t\t\t\t\t<nav class=\"elementor-nav-menu--dropdown elementor-nav-menu__container\" aria-hidden=\"true\">\n\t\t\t\t<ul id=\"menu-2-da936aa\" class=\"elementor-nav-menu\"><li class=\"trp-language-switcher-container menu-item menu-item-type-post_type menu-item-object-language_switcher current-language-menu-item menu-item-5493\"><a href=\"https:\/\/www.moulie.fr\/en\/wp-json\/wp\/v2\/pages\/1277\" class=\"elementor-item\" tabindex=\"-1\"><span data-no-translation><span class=\"trp-ls-language-name\">EN<\/span><\/span><\/a><\/li>\n<li class=\"trp-language-switcher-container menu-item menu-item-type-post_type menu-item-object-language_switcher menu-item-5494\"><a href=\"https:\/\/www.moulie.fr\/wp-json\/wp\/v2\/pages\/1277\/\" class=\"elementor-item elementor-item-anchor\" tabindex=\"-1\"><span data-no-translation><span class=\"trp-ls-language-name\">FR<\/span><\/span><\/a><\/li>\n<\/ul>\t\t\t<\/nav>\n\t\t\t\t<\/div>\n\t\t\t\t<\/div>\n\t\t\t\t<div class=\"elementor-element elementor-element-2dc86a6 elementor-widget elementor-widget-image\" data-id=\"2dc86a6\" data-element_type=\"widget\" data-widget_type=\"image.default\">\n\t\t\t\t<div class=\"elementor-widget-container\">\n\t\t\t\t\t\t\t\t\t\t\t\t\t\t\t<img decoding=\"async\" width=\"800\" height=\"964\" src=\"https:\/\/www.moulie.fr\/wp-content\/uploads\/2021\/07\/logo_moulie2.png\" class=\"attachment-large size-large wp-image-3428\" alt=\"\" srcset=\"https:\/\/www.moulie.fr\/wp-content\/uploads\/2021\/07\/logo_moulie2.png 800w, https:\/\/www.moulie.fr\/wp-content\/uploads\/2021\/07\/logo_moulie2-600x723.png 600w, https:\/\/www.moulie.fr\/wp-content\/uploads\/2021\/07\/logo_moulie2-768x925.png 768w, https:\/\/www.moulie.fr\/wp-content\/uploads\/2021\/07\/logo_moulie2-640x771.png 640w, https:\/\/www.moulie.fr\/wp-content\/uploads\/2021\/07\/logo_moulie2-400x482.png 400w\" sizes=\"(max-width: 800px) 100vw, 800px\" \/>\t\t\t\t\t\t\t\t\t\t\t\t\t\t\t<\/div>\n\t\t\t\t<\/div>\n\t\t\t\t<div class=\"elementor-element elementor-element-45f44ba elementor-widget elementor-widget-text-editor\" data-id=\"45f44ba\" data-element_type=\"widget\" data-widget_type=\"text-editor.default\">\n\t\t\t\t<div class=\"elementor-widget-container\">\n\t\t\t\t\t\t\t<p>8 Place du Palais Bourbon, 75007 Paris<br \/>01 45 51 78 43<\/p>\t\t\t\t\t\t<\/div>\n\t\t\t\t<\/div>\n\t\t\t\t<div class=\"elementor-element elementor-element-1fe8f94 elementor-widget-divider--view-line elementor-widget elementor-widget-divider\" data-id=\"1fe8f94\" data-element_type=\"widget\" data-widget_type=\"divider.default\">\n\t\t\t\t<div class=\"elementor-widget-container\">\n\t\t\t\t\t<div class=\"elementor-divider\">\n\t\t\t<span class=\"elementor-divider-separator\">\n\t\t\t\t\t\t<\/span>\n\t\t<\/div>\n\t\t\t\t<\/div>\n\t\t\t\t<\/div>\n\t\t\t\t<div class=\"elementor-element elementor-element-f0ca476 elementor-align-center elementor-widget elementor-widget-button\" data-id=\"f0ca476\" data-element_type=\"widget\" data-widget_type=\"button.default\">\n\t\t\t\t<div class=\"elementor-widget-container\">\n\t\t\t\t\t<div class=\"elementor-button-wrapper\">\n\t\t\t<a class=\"elementor-button elementor-button-link elementor-size-md\" href=\"https:\/\/www.moulie.fr\/en\/une-histoire-de-famille\/\">\n\t\t\t\t\t\t<span class=\"elementor-button-content-wrapper\">\n\t\t\t\t\t\t<span class=\"elementor-button-text\">D\u00e9couvrir le site<\/span>\n\t\t<\/span>\n\t\t\t\t\t<\/a>\n\t\t<\/div>\n\t\t\t\t<\/div>\n\t\t\t\t<\/div>\n\t\t\t\t\t<\/div>\r\n\t\t\t\t<\/div>\r\n\t\t\t\t\t<\/div>\r\n\t\t\t\t<\/section>\r\n\t\t\t\t\t\t\t<\/div>","protected":false},"excerpt":{"rendered":"<p>8 Place du Palais Bourbon, 75007 Paris01 45 51 78 43 D\u00e9couvrir le site<\/p>","protected":false},"author":1,"featured_media":0,"parent":0,"menu_order":0,"comment_status":"closed","ping_status":"closed","template":"elementor_canvas","meta":{"inline_featured_image":false,"footnotes":""},"class_list":["post-1277","page","type-page","status-publish","hentry"],"yoast_head":"<!-- This site is optimized with the Yoast SEO plugin v21.3 - https:\/\/yoast.com\/wordpress\/plugins\/seo\/ -->\n<title>Mouli\u00e9, D\u00e9corateur Floral \u00e0 Paris<\/title>\n<meta name=\"robots\" content=\"index, follow, max-snippet:-1, max-image-preview:large, max-video-preview:-1\" \/>\n<link rel=\"canonical\" href=\"https:\/\/www.moulie.fr\/en\/\" \/>\n<meta property=\"og:locale\" content=\"en_GB\" \/>\n<meta property=\"og:type\" content=\"article\" \/>\n<meta property=\"og:title\" content=\"Mouli\u00e9, D\u00e9corateur Floral \u00e0 Paris\" \/>\n<meta property=\"og:description\" content=\"8 Place du Palais Bourbon, 75007 Paris01 45 51 78 43 D\u00e9couvrir le site\" \/>\n<meta property=\"og:url\" content=\"https:\/\/www.moulie.fr\/en\/\" \/>\n<meta property=\"og:site_name\" content=\"Mouli\u00e9\" \/>\n<meta property=\"article:modified_time\" content=\"2021-11-09T09:28:55+00:00\" \/>\n<meta property=\"og:image\" content=\"https:\/\/www.moulie.fr\/wp-content\/uploads\/2021\/07\/logo_moulie2.png\" \/>\n<meta name=\"twitter:card\" content=\"summary_large_image\" \/>\n<meta name=\"twitter:label1\" content=\"Estimated reading time\" \/>\n\t<meta name=\"twitter:data1\" content=\"1 minute\" \/>\n<script type=\"application\/ld+json\" class=\"yoast-schema-graph\">{\"@context\":\"https:\/\/schema.org\",\"@graph\":[{\"@type\":\"WebPage\",\"@id\":\"https:\/\/www.moulie.fr\/\",\"url\":\"https:\/\/www.moulie.fr\/\",\"name\":\"Mouli\u00e9, D\u00e9corateur Floral \u00e0 Paris\",\"isPartOf\":{\"@id\":\"https:\/\/www.moulie.fr\/#website\"},\"datePublished\":\"2021-06-09T13:14:58+00:00\",\"dateModified\":\"2021-11-09T09:28:55+00:00\",\"breadcrumb\":{\"@id\":\"https:\/\/www.moulie.fr\/#breadcrumb\"},\"inLanguage\":\"en-GB\",\"potentialAction\":[{\"@type\":\"ReadAction\",\"target\":[\"https:\/\/www.moulie.fr\/\"]}]},{\"@type\":\"BreadcrumbList\",\"@id\":\"https:\/\/www.moulie.fr\/#breadcrumb\",\"itemListElement\":[{\"@type\":\"ListItem\",\"position\":1,\"name\":\"Accueil\",\"item\":\"https:\/\/www.moulie.fr\/\"},{\"@type\":\"ListItem\",\"position\":2,\"name\":\"Mouli\u00e9, D\u00e9corateur Floral \u00e0 Paris\"}]},{\"@type\":\"WebSite\",\"@id\":\"https:\/\/www.moulie.fr\/#website\",\"url\":\"https:\/\/www.moulie.fr\/\",\"name\":\"Mouli\u00e9\",\"description\":\"D\u00e9corateur floral\",\"publisher\":{\"@id\":\"https:\/\/www.moulie.fr\/#organization\"},\"potentialAction\":[{\"@type\":\"SearchAction\",\"target\":{\"@type\":\"EntryPoint\",\"urlTemplate\":\"https:\/\/www.moulie.fr\/?s={search_term_string}\"},\"query-input\":\"required name=search_term_string\"}],\"inLanguage\":\"en-GB\"},{\"@type\":\"Organization\",\"@id\":\"https:\/\/www.moulie.fr\/#organization\",\"name\":\"Mouli\u00e9\",\"url\":\"https:\/\/www.moulie.fr\/\",\"logo\":{\"@type\":\"ImageObject\",\"inLanguage\":\"en-GB\",\"@id\":\"https:\/\/www.moulie.fr\/#\/schema\/logo\/image\/\",\"url\":\"https:\/\/www.moulie.fr\/wp-content\/uploads\/2021\/06\/logo_moulie.png\",\"contentUrl\":\"https:\/\/www.moulie.fr\/wp-content\/uploads\/2021\/06\/logo_moulie.png\",\"width\":1299,\"height\":1231,\"caption\":\"Mouli\u00e9\"},\"image\":{\"@id\":\"https:\/\/www.moulie.fr\/#\/schema\/logo\/image\/\"},\"sameAs\":[\"https:\/\/www.instagram.com\/julienmoulie\/\"]}]}<\/script>\n<!-- \/ Yoast SEO plugin. -->","yoast_head_json":{"title":"Mouli\u00e9, D\u00e9corateur Floral \u00e0 Paris","robots":{"index":"index","follow":"follow","max-snippet":"max-snippet:-1","max-image-preview":"max-image-preview:large","max-video-preview":"max-video-preview:-1"},"canonical":"https:\/\/www.moulie.fr\/en\/","og_locale":"en_GB","og_type":"article","og_title":"Mouli\u00e9, D\u00e9corateur Floral \u00e0 Paris","og_description":"8 Place du Palais Bourbon, 75007 Paris01 45 51 78 43 D\u00e9couvrir le site","og_url":"https:\/\/www.moulie.fr\/en\/","og_site_name":"Mouli\u00e9","article_modified_time":"2021-11-09T09:28:55+00:00","og_image":[{"url":"https:\/\/www.moulie.fr\/wp-content\/uploads\/2021\/07\/logo_moulie2.png"}],"twitter_card":"summary_large_image","twitter_misc":{"Estimated reading time":"1 minute"},"schema":{"@context":"https:\/\/schema.org","@graph":[{"@type":"WebPage","@id":"https:\/\/www.moulie.fr\/","url":"https:\/\/www.moulie.fr\/","name":"Mouli\u00e9, D\u00e9corateur Floral \u00e0 Paris","isPartOf":{"@id":"https:\/\/www.moulie.fr\/#website"},"datePublished":"2021-06-09T13:14:58+00:00","dateModified":"2021-11-09T09:28:55+00:00","breadcrumb":{"@id":"https:\/\/www.moulie.fr\/#breadcrumb"},"inLanguage":"en-GB","potentialAction":[{"@type":"ReadAction","target":["https:\/\/www.moulie.fr\/"]}]},{"@type":"BreadcrumbList","@id":"https:\/\/www.moulie.fr\/#breadcrumb","itemListElement":[{"@type":"ListItem","position":1,"name":"Accueil","item":"https:\/\/www.moulie.fr\/"},{"@type":"ListItem","position":2,"name":"Mouli\u00e9, D\u00e9corateur Floral \u00e0 Paris"}]},{"@type":"WebSite","@id":"https:\/\/www.moulie.fr\/#website","url":"https:\/\/www.moulie.fr\/","name":"Mouli\u00e9","description":"D\u00e9corateur floral","publisher":{"@id":"https:\/\/www.moulie.fr\/#organization"},"potentialAction":[{"@type":"SearchAction","target":{"@type":"EntryPoint","urlTemplate":"https:\/\/www.moulie.fr\/?s={search_term_string}"},"query-input":"required name=search_term_string"}],"inLanguage":"en-GB"},{"@type":"Organization","@id":"https:\/\/www.moulie.fr\/#organization","name":"Mouli\u00e9","url":"https:\/\/www.moulie.fr\/","logo":{"@type":"ImageObject","inLanguage":"en-GB","@id":"https:\/\/www.moulie.fr\/#\/schema\/logo\/image\/","url":"https:\/\/www.moulie.fr\/wp-content\/uploads\/2021\/06\/logo_moulie.png","contentUrl":"https:\/\/www.moulie.fr\/wp-content\/uploads\/2021\/06\/logo_moulie.png","width":1299,"height":1231,"caption":"Mouli\u00e9"},"image":{"@id":"https:\/\/www.moulie.fr\/#\/schema\/logo\/image\/"},"sameAs":["https:\/\/www.instagram.com\/julienmoulie\/"]}]}},"_links":{"self":[{"href":"https:\/\/www.moulie.fr\/en\/wp-json\/wp\/v2\/pages\/1277","targetHints":{"allow":["GET"]}}],"collection":[{"href":"https:\/\/www.moulie.fr\/en\/wp-json\/wp\/v2\/pages"}],"about":[{"href":"https:\/\/www.moulie.fr\/en\/wp-json\/wp\/v2\/types\/page"}],"author":[{"embeddable":true,"href":"https:\/\/www.moulie.fr\/en\/wp-json\/wp\/v2\/users\/1"}],"replies":[{"embeddable":true,"href":"https:\/\/www.moulie.fr\/en\/wp-json\/wp\/v2\/comments?post=1277"}],"version-history":[{"count":974,"href":"https:\/\/www.moulie.fr\/en\/wp-json\/wp\/v2\/pages\/1277\/revisions"}],"predecessor-version":[{"id":6430,"href":"https:\/\/www.moulie.fr\/en\/wp-json\/wp\/v2\/pages\/1277\/revisions\/6430"}],"wp:attachment":[{"href":"https:\/\/www.moulie.fr\/en\/wp-json\/wp\/v2\/media?parent=1277"}],"curies":[{"name":"wp","href":"https:\/\/api.w.org\/{rel}","templated":true}]}}